{"id":69352,"date":"2022-12-19T16:59:52","date_gmt":"2022-12-19T16:52:40","guid":{"rendered":"https:\/\/kingarms.ee\/product\/taitettava-taskuveitsi-sck\/"},"modified":"2024-09-28T17:39:29","modified_gmt":"2024-09-28T14:39:29","slug":"taitettava-taskuveitsi-sck-4","status":"publish","type":"product","link":"https:\/\/kingarms.ee\/fi\/product\/taitettava-taskuveitsi-sck-4\/","title":{"rendered":"Taitettava taskuveitsi SCK"},"content":{"rendered":"","protected":false},"excerpt":{"rendered":"<p>Taitettava taskuveitsi SCK<\/p>\n<p>taitettava taskuveitsi<br \/>\njousiavusteinen<br \/>\nruostumattomasta ter\u00e4ksest\u00e4 valmistettu ter\u00e4<br \/>\nruostumattomasta ter\u00e4ksest\u00e4 valmistettu kahva<br \/>\nvy\u00f6klipsi<br \/>\nvuorilukko<br \/>\nsuljettu pituus 127mm<br \/>\nkokonaispituus 220mm<br \/>\npaino 220g<\/p>\n","protected":false},"featured_media":68928,"template":"","meta":{"_acf_changed":false},"product_brand":[],"product_cat":[662],"product_tag":[],"class_list":{"0":"post-69352","1":"product","2":"type-product","3":"status-publish","4":"has-post-thumbnail","6":"product_cat-noad-fi","8":"first","9":"instock","10":"purchasable","11":"product-type-simple"},"acf":[],"_links":{"self":[{"href":"https:\/\/kingarms.ee\/fi\/wp-json\/wp\/v2\/product\/69352","targetHints":{"allow":["GET"]}}],"collection":[{"href":"https:\/\/kingarms.ee\/fi\/wp-json\/wp\/v2\/product"}],"about":[{"href":"https:\/\/kingarms.ee\/fi\/wp-json\/wp\/v2\/types\/product"}],"wp:featuredmedia":[{"embeddable":true,"href":"https:\/\/kingarms.ee\/fi\/wp-json\/wp\/v2\/media\/68928"}],"wp:attachment":[{"href":"https:\/\/kingarms.ee\/fi\/wp-json\/wp\/v2\/media?parent=69352"}],"wp:term":[{"taxonomy":"product_brand","embeddable":true,"href":"https:\/\/kingarms.ee\/fi\/wp-json\/wp\/v2\/product_brand?post=69352"},{"taxonomy":"product_cat","embeddable":true,"href":"https:\/\/kingarms.ee\/fi\/wp-json\/wp\/v2\/product_cat?post=69352"},{"taxonomy":"product_tag","embeddable":true,"href":"https:\/\/kingarms.ee\/fi\/wp-json\/wp\/v2\/product_tag?post=69352"}],"curies":[{"name":"wp","href":"https:\/\/api.w.org\/{rel}","templated":true}]}}