{"id":69366,"date":"2022-12-19T16:59:31","date_gmt":"2022-12-19T16:52:45","guid":{"rendered":"https:\/\/kingarms.ee\/product\/olkapaaholsteri-royal\/"},"modified":"2024-08-07T17:28:49","modified_gmt":"2024-08-07T14:28:49","slug":"olkatukki-royal","status":"publish","type":"product","link":"https:\/\/kingarms.ee\/fi\/product\/olkatukki-royal\/","title":{"rendered":"Olkap\u00e4\u00e4holsteri  [Royal]"},"content":{"rendered":"","protected":false},"excerpt":{"rendered":"<p>Royal<\/p>\n<p>Cordura olkakotelo<br \/>\nuniveraalinen holsteri nappisulkimella<br \/>\ns\u00e4\u00e4d\u00f6t tarranauhalla ja yhden lehden pussi tarranauhalla suljettuna<br \/>\nkaksoislehtilaukku, jossa on tarrakiinnitys vastakkaisella puolella<br \/>\ns\u00e4\u00e4dett\u00e4v\u00e4 istuvuus<br \/>\nitalialainen camo v\u00e4ri<\/p>\n","protected":false},"featured_media":77233,"template":"","meta":{"_acf_changed":false},"product_brand":[],"product_cat":[244],"product_tag":[],"class_list":{"0":"post-69366","1":"product","2":"type-product","3":"status-publish","4":"has-post-thumbnail","6":"product_cat-holsters-fi","8":"first","9":"instock","10":"purchasable","11":"product-type-simple"},"acf":[],"_links":{"self":[{"href":"https:\/\/kingarms.ee\/fi\/wp-json\/wp\/v2\/product\/69366","targetHints":{"allow":["GET"]}}],"collection":[{"href":"https:\/\/kingarms.ee\/fi\/wp-json\/wp\/v2\/product"}],"about":[{"href":"https:\/\/kingarms.ee\/fi\/wp-json\/wp\/v2\/types\/product"}],"wp:featuredmedia":[{"embeddable":true,"href":"https:\/\/kingarms.ee\/fi\/wp-json\/wp\/v2\/media\/77233"}],"wp:attachment":[{"href":"https:\/\/kingarms.ee\/fi\/wp-json\/wp\/v2\/media?parent=69366"}],"wp:term":[{"taxonomy":"product_brand","embeddable":true,"href":"https:\/\/kingarms.ee\/fi\/wp-json\/wp\/v2\/product_brand?post=69366"},{"taxonomy":"product_cat","embeddable":true,"href":"https:\/\/kingarms.ee\/fi\/wp-json\/wp\/v2\/product_cat?post=69366"},{"taxonomy":"product_tag","embeddable":true,"href":"https:\/\/kingarms.ee\/fi\/wp-json\/wp\/v2\/product_tag?post=69366"}],"curies":[{"name":"wp","href":"https:\/\/api.w.org\/{rel}","templated":true}]}}