{"id":69369,"date":"2022-12-19T16:59:31","date_gmt":"2022-12-19T16:52:46","guid":{"rendered":"https:\/\/kingarms.ee\/product\/maustesekoitin-4-maustetta-avaimenpera-trek-n-eat\/"},"modified":"2024-08-07T17:29:38","modified_gmt":"2024-08-07T14:29:38","slug":"mauste-shaker-4-mausteet-avaimenpera-trek-n-eat","status":"publish","type":"product","link":"https:\/\/kingarms.ee\/fi\/product\/mauste-shaker-4-mausteet-avaimenpera-trek-n-eat\/","title":{"rendered":"Maustesekoitin, 4 maustetta, avaimenper\u00e4  [Trek &#8217;n Eat]"},"content":{"rendered":"","protected":false},"excerpt":{"rendered":"<p>Maustesekoitin, 4 maustetta, avaimenper\u00e4 [Trek &#8217;n Eat]<\/p>\n<p>mini-mausteseos avaimenper\u00e4n\u00e4, t\u00e4ytetty, uudelleent\u00e4ytett\u00e4v\u00e4<br \/>\nAinesosat:<br \/>\nsuola, paprika, mustapippuri,<br \/>\ncurry (korianteri, sarviapila, kurkuma,<br \/>\nsuola, valkosipuli, chili, juustokumina, inkiv\u00e4\u00e4ri).<br \/>\nNettopaino: 21 g<\/p>\n","protected":false},"featured_media":69216,"template":"","meta":{"_acf_changed":false},"product_brand":[],"product_cat":[352],"product_tag":[],"class_list":{"0":"post-69369","1":"product","2":"type-product","3":"status-publish","4":"has-post-thumbnail","6":"product_cat-matkatavarat","8":"first","9":"instock","10":"purchasable","11":"product-type-simple"},"acf":[],"_links":{"self":[{"href":"https:\/\/kingarms.ee\/fi\/wp-json\/wp\/v2\/product\/69369","targetHints":{"allow":["GET"]}}],"collection":[{"href":"https:\/\/kingarms.ee\/fi\/wp-json\/wp\/v2\/product"}],"about":[{"href":"https:\/\/kingarms.ee\/fi\/wp-json\/wp\/v2\/types\/product"}],"wp:featuredmedia":[{"embeddable":true,"href":"https:\/\/kingarms.ee\/fi\/wp-json\/wp\/v2\/media\/69216"}],"wp:attachment":[{"href":"https:\/\/kingarms.ee\/fi\/wp-json\/wp\/v2\/media?parent=69369"}],"wp:term":[{"taxonomy":"product_brand","embeddable":true,"href":"https:\/\/kingarms.ee\/fi\/wp-json\/wp\/v2\/product_brand?post=69369"},{"taxonomy":"product_cat","embeddable":true,"href":"https:\/\/kingarms.ee\/fi\/wp-json\/wp\/v2\/product_cat?post=69369"},{"taxonomy":"product_tag","embeddable":true,"href":"https:\/\/kingarms.ee\/fi\/wp-json\/wp\/v2\/product_tag?post=69369"}],"curies":[{"name":"wp","href":"https:\/\/api.w.org\/{rel}","templated":true}]}}