{"id":69382,"date":"2022-12-19T16:59:42","date_gmt":"2022-12-19T16:52:51","guid":{"rendered":"https:\/\/kingarms.ee\/product\/holografinen-punainen-piste-puoli-aim-o\/"},"modified":"2024-09-28T17:59:39","modified_gmt":"2024-09-28T14:59:39","slug":"holographic-red-dot-side-aim-o-2","status":"publish","type":"product","link":"https:\/\/kingarms.ee\/fi\/product\/holographic-red-dot-side-aim-o-2\/","title":{"rendered":"Holografinen punainen piste puoli Aim O"},"content":{"rendered":"","protected":false},"excerpt":{"rendered":"<p>Holografinen punainen piste puoli Aim O<\/p>\n<p>holografinen punainen piste<br \/>\npunainen tai vihre\u00e4 1 moa piste s\u00e4\u00e4dett\u00e4v\u00e4ll\u00e4 kirkkaudella<br \/>\nsivus\u00e4\u00e4timet<br \/>\nt\u00e4ysmetalli<br \/>\ns\u00e4\u00e4dett\u00e4v\u00e4 kallistus ja korkeus<br \/>\nkiinnitys tavallisille 20mm kiskoille<br \/>\ntoimii 2x aaa-paristolla (ei sis\u00e4lly)<br \/>\nmitat 130mm x 58mm x 70mm<br \/>\npaino 280g<br \/>\nmusta v\u00e4ri<\/p>\n","protected":false},"featured_media":69124,"template":"","meta":{"_acf_changed":false},"product_brand":[],"product_cat":[649],"product_tag":[],"class_list":{"0":"post-69382","1":"product","2":"type-product","3":"status-publish","4":"has-post-thumbnail","6":"product_cat-ottelut","8":"first","9":"instock","10":"purchasable","11":"product-type-simple"},"acf":[],"_links":{"self":[{"href":"https:\/\/kingarms.ee\/fi\/wp-json\/wp\/v2\/product\/69382","targetHints":{"allow":["GET"]}}],"collection":[{"href":"https:\/\/kingarms.ee\/fi\/wp-json\/wp\/v2\/product"}],"about":[{"href":"https:\/\/kingarms.ee\/fi\/wp-json\/wp\/v2\/types\/product"}],"wp:featuredmedia":[{"embeddable":true,"href":"https:\/\/kingarms.ee\/fi\/wp-json\/wp\/v2\/media\/69124"}],"wp:attachment":[{"href":"https:\/\/kingarms.ee\/fi\/wp-json\/wp\/v2\/media?parent=69382"}],"wp:term":[{"taxonomy":"product_brand","embeddable":true,"href":"https:\/\/kingarms.ee\/fi\/wp-json\/wp\/v2\/product_brand?post=69382"},{"taxonomy":"product_cat","embeddable":true,"href":"https:\/\/kingarms.ee\/fi\/wp-json\/wp\/v2\/product_cat?post=69382"},{"taxonomy":"product_tag","embeddable":true,"href":"https:\/\/kingarms.ee\/fi\/wp-json\/wp\/v2\/product_tag?post=69382"}],"curies":[{"name":"wp","href":"https:\/\/api.w.org\/{rel}","templated":true}]}}