{"id":69386,"date":"2022-12-19T16:59:42","date_gmt":"2022-12-19T16:52:51","guid":{"rendered":"https:\/\/kingarms.ee\/product\/co2-muunnossarja-striker-sarjaa-varten-amoeba\/"},"modified":"2024-09-28T17:59:54","modified_gmt":"2024-09-28T14:59:54","slug":"co2-muuntopaketti-striker-sarjan-ameebaa-varten","status":"publish","type":"product","link":"https:\/\/kingarms.ee\/fi\/product\/co2-muuntopaketti-striker-sarjan-ameebaa-varten\/","title":{"rendered":"Co2 muunnossarja Striker sarjaa varten Amoeba"},"content":{"rendered":"","protected":false},"excerpt":{"rendered":"<p>Co2 muunnossarja Striker sarjaa varten Amoeba<\/p>\n<p>co2-muunnossarja<br \/>\nruostumattomasta ter\u00e4ksest\u00e4 valmistettu rakenne<br \/>\nt\u00e4ydellinen sarja<br \/>\nsis\u00e4lt\u00e4v\u00e4t: vahvistettu sylinteri<br \/>\nsylinterin p\u00e4\u00e4<br \/>\nco2 minis\u00e4ili\u00f6n kotelo<br \/>\nkev\u00e4t<br \/>\npaino 270g<br \/>\nvaatii 12g co2-patruunoita<br \/>\nsopii amoeba striker-sarjan kiv\u00e4\u00e4reihin<\/p>\n","protected":false},"featured_media":69116,"template":"","meta":{"_acf_changed":false},"product_brand":[],"product_cat":[276],"product_tag":[],"class_list":{"0":"post-69386","1":"product","2":"type-product","3":"status-publish","4":"has-post-thumbnail","6":"product_cat-varaosat","8":"first","9":"instock","10":"purchasable","11":"product-type-simple"},"acf":[],"_links":{"self":[{"href":"https:\/\/kingarms.ee\/fi\/wp-json\/wp\/v2\/product\/69386","targetHints":{"allow":["GET"]}}],"collection":[{"href":"https:\/\/kingarms.ee\/fi\/wp-json\/wp\/v2\/product"}],"about":[{"href":"https:\/\/kingarms.ee\/fi\/wp-json\/wp\/v2\/types\/product"}],"wp:featuredmedia":[{"embeddable":true,"href":"https:\/\/kingarms.ee\/fi\/wp-json\/wp\/v2\/media\/69116"}],"wp:attachment":[{"href":"https:\/\/kingarms.ee\/fi\/wp-json\/wp\/v2\/media?parent=69386"}],"wp:term":[{"taxonomy":"product_brand","embeddable":true,"href":"https:\/\/kingarms.ee\/fi\/wp-json\/wp\/v2\/product_brand?post=69386"},{"taxonomy":"product_cat","embeddable":true,"href":"https:\/\/kingarms.ee\/fi\/wp-json\/wp\/v2\/product_cat?post=69386"},{"taxonomy":"product_tag","embeddable":true,"href":"https:\/\/kingarms.ee\/fi\/wp-json\/wp\/v2\/product_tag?post=69386"}],"curies":[{"name":"wp","href":"https:\/\/api.w.org\/{rel}","templated":true}]}}