{"id":69390,"date":"2022-12-19T16:59:31","date_gmt":"2022-12-19T16:52:54","guid":{"rendered":"https:\/\/kingarms.ee\/product\/sahkokivaari-m4-metalliversio-ge\/"},"modified":"2024-08-07T17:34:00","modified_gmt":"2024-08-07T14:34:00","slug":"electric-rifle-m4-metalli-versio-ge","status":"publish","type":"product","link":"https:\/\/kingarms.ee\/fi\/product\/electric-rifle-m4-metalli-versio-ge\/","title":{"rendered":"S\u00e4hk\u00f6kiv\u00e4\u00e4ri M4 metalliversio  [GE]"},"content":{"rendered":"","protected":false},"excerpt":{"rendered":"<p>S\u00e4hk\u00f6kiv\u00e4\u00e4ri M4 metalliversio [GE]<\/p>\n<p>s\u00e4hk\u00f6kiv\u00e4\u00e4ri m4 s-j\u00e4rjestelm\u00e4<br \/>\nt\u00e4ysmetalli<br \/>\n300 kierroksen lipas<br \/>\nsis\u00e4\u00e4nvedett\u00e4v\u00e4 varasto<br \/>\nk\u00e4\u00e4ntyv\u00e4t t\u00e4ht\u00e4imet<br \/>\npalotila: turvallinen<br \/>\nyksitt\u00e4inen laukaus<br \/>\nt\u00e4ysautomaattinen<br \/>\npituus 770mm-850mm<br \/>\npaino 3800g<\/p>\n","protected":false},"featured_media":69128,"template":"","meta":{"_acf_changed":false},"product_brand":[],"product_cat":[251],"product_tag":[],"class_list":{"0":"post-69390","1":"product","2":"type-product","3":"status-publish","4":"has-post-thumbnail","6":"product_cat-sahkoaseet","8":"first","9":"instock","10":"sale","11":"purchasable","12":"product-type-simple"},"acf":[],"_links":{"self":[{"href":"https:\/\/kingarms.ee\/fi\/wp-json\/wp\/v2\/product\/69390","targetHints":{"allow":["GET"]}}],"collection":[{"href":"https:\/\/kingarms.ee\/fi\/wp-json\/wp\/v2\/product"}],"about":[{"href":"https:\/\/kingarms.ee\/fi\/wp-json\/wp\/v2\/types\/product"}],"wp:featuredmedia":[{"embeddable":true,"href":"https:\/\/kingarms.ee\/fi\/wp-json\/wp\/v2\/media\/69128"}],"wp:attachment":[{"href":"https:\/\/kingarms.ee\/fi\/wp-json\/wp\/v2\/media?parent=69390"}],"wp:term":[{"taxonomy":"product_brand","embeddable":true,"href":"https:\/\/kingarms.ee\/fi\/wp-json\/wp\/v2\/product_brand?post=69390"},{"taxonomy":"product_cat","embeddable":true,"href":"https:\/\/kingarms.ee\/fi\/wp-json\/wp\/v2\/product_cat?post=69390"},{"taxonomy":"product_tag","embeddable":true,"href":"https:\/\/kingarms.ee\/fi\/wp-json\/wp\/v2\/product_tag?post=69390"}],"curies":[{"name":"wp","href":"https:\/\/api.w.org\/{rel}","templated":true}]}}