{"id":69393,"date":"2022-12-19T16:59:42","date_gmt":"2022-12-19T16:52:54","guid":{"rendered":"https:\/\/kingarms.ee\/product\/sahkokivaari-m45-pistooli-ares\/"},"modified":"2024-09-28T18:00:16","modified_gmt":"2024-09-28T15:00:16","slug":"sahkokivaari-m45-pistooli-arees","status":"publish","type":"product","link":"https:\/\/kingarms.ee\/fi\/product\/sahkokivaari-m45-pistooli-arees\/","title":{"rendered":"S\u00e4hk\u00f6kiv\u00e4\u00e4ri m45 pistooli ARES"},"content":{"rendered":"","protected":false},"excerpt":{"rendered":"<p>S\u00e4hk\u00f6kiv\u00e4\u00e4ri m45 pistooli ARES<\/p>\n<p>aeg ares ar-083e<br \/>\nm4 45 pistooli x-class<br \/>\nt\u00e4ysmetalli, nailonkuituinen kahva ja varsi<br \/>\n55 ja 125 kierroksen kaksoismatalat lippaat.<br \/>\nvahvistettu metallivaihteisto<br \/>\nohut ja v\u00e4\u00e4nt\u00f6momentiltaan suuri moottori<br \/>\ns\u00e4\u00e4dett\u00e4v\u00e4 hop up<br \/>\nalumiininen k\u00e4sisuojus, jossa on nopea vapautus<br \/>\nsis\u00e4\u00e4nvedett\u00e4v\u00e4 ja kokoontaitettava varsi<br \/>\nakkukotelo varastoputkessa<br \/>\nmolemminpuolinen tulenvalitsin<br \/>\nturvalukko<br \/>\nyksitt\u00e4inen laukaus tai sarjakuvaus<br \/>\nk\u00e4\u00e4ntyv\u00e4t t\u00e4ht\u00e4imet<br \/>\npituus 360mm-520mm-605mm<br \/>\npaino 2380g<\/p>\n","protected":false},"featured_media":69112,"template":"","meta":{"_acf_changed":false},"product_brand":[],"product_cat":[251],"product_tag":[],"class_list":{"0":"post-69393","1":"product","2":"type-product","3":"status-publish","4":"has-post-thumbnail","6":"product_cat-sahkoaseet","8":"first","9":"instock","10":"sale","11":"purchasable","12":"product-type-simple"},"acf":[],"_links":{"self":[{"href":"https:\/\/kingarms.ee\/fi\/wp-json\/wp\/v2\/product\/69393","targetHints":{"allow":["GET"]}}],"collection":[{"href":"https:\/\/kingarms.ee\/fi\/wp-json\/wp\/v2\/product"}],"about":[{"href":"https:\/\/kingarms.ee\/fi\/wp-json\/wp\/v2\/types\/product"}],"wp:featuredmedia":[{"embeddable":true,"href":"https:\/\/kingarms.ee\/fi\/wp-json\/wp\/v2\/media\/69112"}],"wp:attachment":[{"href":"https:\/\/kingarms.ee\/fi\/wp-json\/wp\/v2\/media?parent=69393"}],"wp:term":[{"taxonomy":"product_brand","embeddable":true,"href":"https:\/\/kingarms.ee\/fi\/wp-json\/wp\/v2\/product_brand?post=69393"},{"taxonomy":"product_cat","embeddable":true,"href":"https:\/\/kingarms.ee\/fi\/wp-json\/wp\/v2\/product_cat?post=69393"},{"taxonomy":"product_tag","embeddable":true,"href":"https:\/\/kingarms.ee\/fi\/wp-json\/wp\/v2\/product_tag?post=69393"}],"curies":[{"name":"wp","href":"https:\/\/api.w.org\/{rel}","templated":true}]}}