{"id":69433,"date":"2022-12-19T16:59:42","date_gmt":"2022-12-19T13:59:42","guid":{"rendered":"https:\/\/kingarms.ee\/product\/tyhja-pistooli-92-9mm-bruni\/"},"modified":"2024-08-07T17:15:00","modified_gmt":"2024-08-07T14:15:00","slug":"blank-pistol-92-9mm-bruni-3-2","status":"publish","type":"product","link":"https:\/\/kingarms.ee\/fi\/product\/blank-pistol-92-9mm-bruni-3-2\/","title":{"rendered":"Tyhj\u00e4 pistooli 92 9mm  [Bruni]"},"content":{"rendered":"","protected":false},"excerpt":{"rendered":"<p>ylh\u00e4\u00e4lt\u00e4 ampuva tyhj\u00e4 pistooli<br \/>\n11 kierroksen lipas<br \/>\n9mm kaliiperi<br \/>\nyksitoiminen<br \/>\npuoliautomaattinen<br \/>\npituus 202mm<br \/>\npaino 890g<br \/>\nmusta\/ruskea v\u00e4ri<\/p>\n","protected":false},"featured_media":152506,"template":"","meta":{"_acf_changed":false},"product_brand":[],"product_cat":[254],"product_tag":[],"class_list":{"0":"post-69433","1":"product","2":"type-product","3":"status-publish","4":"has-post-thumbnail","6":"product_cat-kaynnistys-pistoolit","8":"first","9":"instock","10":"purchasable","11":"product-type-simple"},"acf":[],"_links":{"self":[{"href":"https:\/\/kingarms.ee\/fi\/wp-json\/wp\/v2\/product\/69433","targetHints":{"allow":["GET"]}}],"collection":[{"href":"https:\/\/kingarms.ee\/fi\/wp-json\/wp\/v2\/product"}],"about":[{"href":"https:\/\/kingarms.ee\/fi\/wp-json\/wp\/v2\/types\/product"}],"wp:featuredmedia":[{"embeddable":true,"href":"https:\/\/kingarms.ee\/fi\/wp-json\/wp\/v2\/media\/152506"}],"wp:attachment":[{"href":"https:\/\/kingarms.ee\/fi\/wp-json\/wp\/v2\/media?parent=69433"}],"wp:term":[{"taxonomy":"product_brand","embeddable":true,"href":"https:\/\/kingarms.ee\/fi\/wp-json\/wp\/v2\/product_brand?post=69433"},{"taxonomy":"product_cat","embeddable":true,"href":"https:\/\/kingarms.ee\/fi\/wp-json\/wp\/v2\/product_cat?post=69433"},{"taxonomy":"product_tag","embeddable":true,"href":"https:\/\/kingarms.ee\/fi\/wp-json\/wp\/v2\/product_tag?post=69433"}],"curies":[{"name":"wp","href":"https:\/\/api.w.org\/{rel}","templated":true}]}}