{"id":69437,"date":"2022-12-19T16:59:52","date_gmt":"2022-12-19T16:53:11","guid":{"rendered":"https:\/\/kingarms.ee\/product\/co2-45mm-c-n-818-pistooli-bruni\/"},"modified":"2024-09-28T17:39:54","modified_gmt":"2024-09-28T14:39:54","slug":"co2-45mm-c-n-818-pistol-bruni-2","status":"publish","type":"product","link":"https:\/\/kingarms.ee\/fi\/product\/co2-45mm-c-n-818-pistol-bruni-2\/","title":{"rendered":"CO2 45mm c.n.818 pistooli Bruni"},"content":{"rendered":"","protected":false},"excerpt":{"rendered":"<p>CO2 45mm c.n.818 pistooli Bruni<\/p>\n<p>co2-pistooli<br \/>\nkaliiperi 45mm<br \/>\nmuovinen liuku ja runko<br \/>\n20 kierrosta ohut lipas<br \/>\nnoin 130 laukausta 1 co2-kapselilla<br \/>\nkeskivoima 258j (noin 121 m\/s 035 g:n ter\u00e4skiv\u00e4\u00e4rill\u00e4).<br \/>\nturvalukko<br \/>\nyksitt\u00e4inen laukaus<br \/>\nco2 minis\u00e4ili\u00f6n kotelo pistoolikahvan sis\u00e4ll\u00e4<br \/>\npituus 170mm<br \/>\npaino 425g<\/p>\n","protected":false},"featured_media":69028,"template":"","meta":{"_acf_changed":false},"product_brand":[],"product_cat":[672],"product_tag":[],"class_list":{"0":"post-69437","1":"product","2":"type-product","3":"status-publish","4":"has-post-thumbnail","6":"product_cat-pienaseet","8":"first","9":"onbackorder","10":"product-type-simple"},"acf":[],"_links":{"self":[{"href":"https:\/\/kingarms.ee\/fi\/wp-json\/wp\/v2\/product\/69437","targetHints":{"allow":["GET"]}}],"collection":[{"href":"https:\/\/kingarms.ee\/fi\/wp-json\/wp\/v2\/product"}],"about":[{"href":"https:\/\/kingarms.ee\/fi\/wp-json\/wp\/v2\/types\/product"}],"wp:featuredmedia":[{"embeddable":true,"href":"https:\/\/kingarms.ee\/fi\/wp-json\/wp\/v2\/media\/69028"}],"wp:attachment":[{"href":"https:\/\/kingarms.ee\/fi\/wp-json\/wp\/v2\/media?parent=69437"}],"wp:term":[{"taxonomy":"product_brand","embeddable":true,"href":"https:\/\/kingarms.ee\/fi\/wp-json\/wp\/v2\/product_brand?post=69437"},{"taxonomy":"product_cat","embeddable":true,"href":"https:\/\/kingarms.ee\/fi\/wp-json\/wp\/v2\/product_cat?post=69437"},{"taxonomy":"product_tag","embeddable":true,"href":"https:\/\/kingarms.ee\/fi\/wp-json\/wp\/v2\/product_tag?post=69437"}],"curies":[{"name":"wp","href":"https:\/\/api.w.org\/{rel}","templated":true}]}}