{"id":69455,"date":"2022-12-19T16:59:42","date_gmt":"2022-12-19T16:53:18","guid":{"rendered":"https:\/\/kingarms.ee\/product\/kahva-ja-moottoripakkaus-ares\/"},"modified":"2024-08-07T17:18:38","modified_gmt":"2024-08-07T14:18:38","slug":"grip-and-motor-kit-ares-2","status":"publish","type":"product","link":"https:\/\/kingarms.ee\/fi\/product\/grip-and-motor-kit-ares-2\/","title":{"rendered":"Kahva- ja moottoripakkaus  [Ares]"},"content":{"rendered":"","protected":false},"excerpt":{"rendered":"<p>kahva- ja moottoripaketti<br \/>\nabs-hartsi slim m4 pistoolikahva<br \/>\nergonominen muotoilu<br \/>\nmitat cm 11 x 27 x 57<br \/>\ntumma maanv\u00e4ri<br \/>\nsuuri v\u00e4\u00e4nt\u00f6momentti moottori pitk\u00e4 akseli<br \/>\nohuempi ja realistisempi ote uuden ohuen moottorin ansiosta.<br \/>\nsopii useimpiin m4\/m16 aeg<\/p>\n","protected":false},"featured_media":69100,"template":"","meta":{"_acf_changed":false},"product_brand":[],"product_cat":[276],"product_tag":[],"class_list":{"0":"post-69455","1":"product","2":"type-product","3":"status-publish","4":"has-post-thumbnail","6":"product_cat-varaosat","8":"first","9":"instock","10":"purchasable","11":"product-type-simple"},"acf":[],"_links":{"self":[{"href":"https:\/\/kingarms.ee\/fi\/wp-json\/wp\/v2\/product\/69455","targetHints":{"allow":["GET"]}}],"collection":[{"href":"https:\/\/kingarms.ee\/fi\/wp-json\/wp\/v2\/product"}],"about":[{"href":"https:\/\/kingarms.ee\/fi\/wp-json\/wp\/v2\/types\/product"}],"wp:featuredmedia":[{"embeddable":true,"href":"https:\/\/kingarms.ee\/fi\/wp-json\/wp\/v2\/media\/69100"}],"wp:attachment":[{"href":"https:\/\/kingarms.ee\/fi\/wp-json\/wp\/v2\/media?parent=69455"}],"wp:term":[{"taxonomy":"product_brand","embeddable":true,"href":"https:\/\/kingarms.ee\/fi\/wp-json\/wp\/v2\/product_brand?post=69455"},{"taxonomy":"product_cat","embeddable":true,"href":"https:\/\/kingarms.ee\/fi\/wp-json\/wp\/v2\/product_cat?post=69455"},{"taxonomy":"product_tag","embeddable":true,"href":"https:\/\/kingarms.ee\/fi\/wp-json\/wp\/v2\/product_tag?post=69455"}],"curies":[{"name":"wp","href":"https:\/\/api.w.org\/{rel}","templated":true}]}}