{"id":69500,"date":"2022-12-19T16:59:52","date_gmt":"2022-12-19T16:53:33","guid":{"rendered":"https:\/\/kingarms.ee\/product\/sahkokivaari-m4-14-5-caa\/"},"modified":"2024-09-28T17:58:58","modified_gmt":"2024-09-28T14:58:58","slug":"electric-rifle-m4-14-5-caa-2","status":"publish","type":"product","link":"https:\/\/kingarms.ee\/fi\/product\/electric-rifle-m4-14-5-caa-2\/","title":{"rendered":"S\u00e4hk\u00f6kiv\u00e4\u00e4ri m4 14.5 CAA"},"content":{"rendered":"","protected":false},"excerpt":{"rendered":"<p>S\u00e4hk\u00f6kiv\u00e4\u00e4ri m4 14.5 CAA<\/p>\n<p>s\u00e4hk\u00f6kiv\u00e4\u00e4ri m4 karbiini<br \/>\nmetallirunko, jossa on vakiona 20 mm:n yl\u00e4kisko<br \/>\nNailonkuituinen k\u00e4sisuojus, jossa on piipun alla oleva kisko ja 2x irrotettavaa sivukiskoa.<br \/>\nmetallinen ulkotynnyri<br \/>\nhi-cap nailonkuitulippa 360 kierrosta<br \/>\nergonominen nylonkuituinen pistoolikahva<br \/>\nnailonkuitu caa sis\u00e4\u00e4nvedett\u00e4v\u00e4 varsi 6 asentoa s\u00e4\u00e4dett\u00e4viss\u00e4<br \/>\ns\u00e4\u00e4dett\u00e4v\u00e4ll\u00e4 poskipehmusteella ja paristolokerolla cr123-paristolle<br \/>\nflip-up s\u00e4\u00e4dett\u00e4v\u00e4 takat\u00e4ht\u00e4in<br \/>\npalotila: turvallinen<br \/>\nkertalaukaus ja t\u00e4ysautomaatti<br \/>\npituus: 800mm &#8211; 885mm<br \/>\npaino: 3200g<\/p>\n","protected":false},"featured_media":68952,"template":"","meta":{"_acf_changed":false},"product_brand":[],"product_cat":[251],"product_tag":[],"class_list":{"0":"post-69500","1":"product","2":"type-product","3":"status-publish","4":"has-post-thumbnail","6":"product_cat-sahkoaseet","8":"first","9":"instock","10":"sale","11":"purchasable","12":"product-type-simple"},"acf":[],"_links":{"self":[{"href":"https:\/\/kingarms.ee\/fi\/wp-json\/wp\/v2\/product\/69500","targetHints":{"allow":["GET"]}}],"collection":[{"href":"https:\/\/kingarms.ee\/fi\/wp-json\/wp\/v2\/product"}],"about":[{"href":"https:\/\/kingarms.ee\/fi\/wp-json\/wp\/v2\/types\/product"}],"wp:featuredmedia":[{"embeddable":true,"href":"https:\/\/kingarms.ee\/fi\/wp-json\/wp\/v2\/media\/68952"}],"wp:attachment":[{"href":"https:\/\/kingarms.ee\/fi\/wp-json\/wp\/v2\/media?parent=69500"}],"wp:term":[{"taxonomy":"product_brand","embeddable":true,"href":"https:\/\/kingarms.ee\/fi\/wp-json\/wp\/v2\/product_brand?post=69500"},{"taxonomy":"product_cat","embeddable":true,"href":"https:\/\/kingarms.ee\/fi\/wp-json\/wp\/v2\/product_cat?post=69500"},{"taxonomy":"product_tag","embeddable":true,"href":"https:\/\/kingarms.ee\/fi\/wp-json\/wp\/v2\/product_tag?post=69500"}],"curies":[{"name":"wp","href":"https:\/\/api.w.org\/{rel}","templated":true}]}}