{"id":69502,"date":"2022-12-19T16:59:52","date_gmt":"2022-12-19T16:53:33","guid":{"rendered":"https:\/\/kingarms.ee\/product\/taitettava-taskuveitsi-sck\/"},"modified":"2024-09-28T17:59:10","modified_gmt":"2024-09-28T14:59:10","slug":"taitettava-taskuveitsi-sck-2","status":"publish","type":"product","link":"https:\/\/kingarms.ee\/fi\/product\/taitettava-taskuveitsi-sck-2\/","title":{"rendered":"Taitettava taskuveitsi SCK"},"content":{"rendered":"","protected":false},"excerpt":{"rendered":"<p>Taitettava taskuveitsi SCK<\/p>\n<p>taitettava taskuveitsi<br \/>\nruostumattomasta ter\u00e4ksest\u00e4 valmistettu musta p\u00e4\u00e4llystetty ter\u00e4<br \/>\nlasikuitu camo kahva<br \/>\nvy\u00f6klipsi<br \/>\nvuorilukko<br \/>\npeukalotappi<br \/>\nsuljettu pituus 117mm<br \/>\nkokonaispituus 200mm<br \/>\npaino 123 g<\/p>\n","protected":false},"featured_media":68936,"template":"","meta":{"_acf_changed":false},"product_brand":[],"product_cat":[662],"product_tag":[],"class_list":{"0":"post-69502","1":"product","2":"type-product","3":"status-publish","4":"has-post-thumbnail","6":"product_cat-noad-fi","8":"first","9":"onbackorder","10":"product-type-simple"},"acf":[],"_links":{"self":[{"href":"https:\/\/kingarms.ee\/fi\/wp-json\/wp\/v2\/product\/69502","targetHints":{"allow":["GET"]}}],"collection":[{"href":"https:\/\/kingarms.ee\/fi\/wp-json\/wp\/v2\/product"}],"about":[{"href":"https:\/\/kingarms.ee\/fi\/wp-json\/wp\/v2\/types\/product"}],"wp:featuredmedia":[{"embeddable":true,"href":"https:\/\/kingarms.ee\/fi\/wp-json\/wp\/v2\/media\/68936"}],"wp:attachment":[{"href":"https:\/\/kingarms.ee\/fi\/wp-json\/wp\/v2\/media?parent=69502"}],"wp:term":[{"taxonomy":"product_brand","embeddable":true,"href":"https:\/\/kingarms.ee\/fi\/wp-json\/wp\/v2\/product_brand?post=69502"},{"taxonomy":"product_cat","embeddable":true,"href":"https:\/\/kingarms.ee\/fi\/wp-json\/wp\/v2\/product_cat?post=69502"},{"taxonomy":"product_tag","embeddable":true,"href":"https:\/\/kingarms.ee\/fi\/wp-json\/wp\/v2\/product_tag?post=69502"}],"curies":[{"name":"wp","href":"https:\/\/api.w.org\/{rel}","templated":true}]}}