{"id":69532,"date":"2022-12-19T17:00:03","date_gmt":"2022-12-19T16:53:45","guid":{"rendered":"https:\/\/kingarms.ee\/product\/koristesarja-katana-wakizashi-tanto-musta\/"},"modified":"2024-09-28T17:36:58","modified_gmt":"2024-09-28T14:36:58","slug":"koriste-sarja-katana-wakizashi-tanto-musta","status":"publish","type":"product","link":"https:\/\/kingarms.ee\/fi\/product\/koriste-sarja-katana-wakizashi-tanto-musta\/","title":{"rendered":"Koristesarja katana wakizashi tanto musta"},"content":{"rendered":"","protected":false},"excerpt":{"rendered":"<p>Koristesarja katana wakizashi tanto musta<\/p>\n<p>koristesarja 3 kpl<br \/>\nkatana p\u00e4\u00e4 pituus 100cm ter\u00e4n pituus 65cm<br \/>\nwakizashi kokonaispituus 78cm ter\u00e4n pituus 45cm<br \/>\ntanto kokonaispituus 55cm ter\u00e4n pituus 25cm<br \/>\npuinen kansi lohik\u00e4\u00e4rme kaiverrus musta<br \/>\nmetalli tsuba<br \/>\npuinen jalusta mukana<br \/>\nmusta v\u00e4ri<\/p>\n","protected":false},"featured_media":68852,"template":"","meta":{"_acf_changed":false},"product_brand":[],"product_cat":[378],"product_tag":[],"class_list":{"0":"post-69532","1":"product","2":"type-product","3":"status-publish","4":"has-post-thumbnail","6":"product_cat-katana-tanto-fi","8":"first","9":"instock","10":"purchasable","11":"product-type-simple"},"acf":[],"_links":{"self":[{"href":"https:\/\/kingarms.ee\/fi\/wp-json\/wp\/v2\/product\/69532","targetHints":{"allow":["GET"]}}],"collection":[{"href":"https:\/\/kingarms.ee\/fi\/wp-json\/wp\/v2\/product"}],"about":[{"href":"https:\/\/kingarms.ee\/fi\/wp-json\/wp\/v2\/types\/product"}],"wp:featuredmedia":[{"embeddable":true,"href":"https:\/\/kingarms.ee\/fi\/wp-json\/wp\/v2\/media\/68852"}],"wp:attachment":[{"href":"https:\/\/kingarms.ee\/fi\/wp-json\/wp\/v2\/media?parent=69532"}],"wp:term":[{"taxonomy":"product_brand","embeddable":true,"href":"https:\/\/kingarms.ee\/fi\/wp-json\/wp\/v2\/product_brand?post=69532"},{"taxonomy":"product_cat","embeddable":true,"href":"https:\/\/kingarms.ee\/fi\/wp-json\/wp\/v2\/product_cat?post=69532"},{"taxonomy":"product_tag","embeddable":true,"href":"https:\/\/kingarms.ee\/fi\/wp-json\/wp\/v2\/product_tag?post=69532"}],"curies":[{"name":"wp","href":"https:\/\/api.w.org\/{rel}","templated":true}]}}