{"id":69535,"date":"2022-12-19T17:00:03","date_gmt":"2022-12-19T16:53:46","guid":{"rendered":"https:\/\/kingarms.ee\/product\/koristeellinen-katana\/"},"modified":"2024-09-28T17:37:27","modified_gmt":"2024-09-28T14:37:27","slug":"koriste-katana-35","status":"publish","type":"product","link":"https:\/\/kingarms.ee\/fi\/product\/koriste-katana-35\/","title":{"rendered":"Koristeellinen katana"},"content":{"rendered":"","protected":false},"excerpt":{"rendered":"<p>Koristeellinen katana<br \/>\ninnoittamana rukia kuchikin zanpakuto sode no shirayuki<br \/>\nbleach anime-sarja<br \/>\nhiiliter\u00e4ksest\u00e4 valmistettu ter\u00e4<br \/>\npuinen tuppi ja tsuka<br \/>\nmetalli tsuba<br \/>\nkokonaispituus 1120mm<br \/>\npituus ter\u00e4 680mm<br \/>\ntsukan pituus 280mm<\/p>\n","protected":false},"featured_media":68848,"template":"","meta":{"_acf_changed":false},"product_brand":[],"product_cat":[378],"product_tag":[],"class_list":{"0":"post-69535","1":"product","2":"type-product","3":"status-publish","4":"has-post-thumbnail","6":"product_cat-katana-tanto-fi","8":"first","9":"onbackorder","10":"product-type-simple"},"acf":[],"_links":{"self":[{"href":"https:\/\/kingarms.ee\/fi\/wp-json\/wp\/v2\/product\/69535","targetHints":{"allow":["GET"]}}],"collection":[{"href":"https:\/\/kingarms.ee\/fi\/wp-json\/wp\/v2\/product"}],"about":[{"href":"https:\/\/kingarms.ee\/fi\/wp-json\/wp\/v2\/types\/product"}],"wp:featuredmedia":[{"embeddable":true,"href":"https:\/\/kingarms.ee\/fi\/wp-json\/wp\/v2\/media\/68848"}],"wp:attachment":[{"href":"https:\/\/kingarms.ee\/fi\/wp-json\/wp\/v2\/media?parent=69535"}],"wp:term":[{"taxonomy":"product_brand","embeddable":true,"href":"https:\/\/kingarms.ee\/fi\/wp-json\/wp\/v2\/product_brand?post=69535"},{"taxonomy":"product_cat","embeddable":true,"href":"https:\/\/kingarms.ee\/fi\/wp-json\/wp\/v2\/product_cat?post=69535"},{"taxonomy":"product_tag","embeddable":true,"href":"https:\/\/kingarms.ee\/fi\/wp-json\/wp\/v2\/product_tag?post=69535"}],"curies":[{"name":"wp","href":"https:\/\/api.w.org\/{rel}","templated":true}]}}