{"id":69565,"date":"2022-12-19T17:00:03","date_gmt":"2022-12-19T17:06:49","guid":{"rendered":"https:\/\/kingarms.ee\/product\/koristeellinen-katana\/"},"modified":"2024-09-28T17:38:33","modified_gmt":"2024-09-28T14:38:33","slug":"koriste-katana-40","status":"publish","type":"product","link":"https:\/\/kingarms.ee\/fi\/product\/koriste-katana-40\/","title":{"rendered":"Koristeellinen katana"},"content":{"rendered":"","protected":false},"excerpt":{"rendered":"<p>Koristeellinen katana<\/p>\n<p>ter\u00e4ksinen ter\u00e4 kultaisella v\u00e4rill\u00e4<br \/>\nmuovikahva lohik\u00e4\u00e4rmeen kaiverruksella<br \/>\nmetallinen stuba lohik\u00e4\u00e4rmeell\u00e4<br \/>\nwood c0ver<br \/>\nkokonaispituus 950mm<br \/>\nter\u00e4n pituus 675mm<br \/>\npaino kannen kanssa 850g<\/p>\n","protected":false},"featured_media":68828,"template":"","meta":{"_acf_changed":false},"product_brand":[],"product_cat":[378],"product_tag":[],"class_list":{"0":"post-69565","1":"product","2":"type-product","3":"status-publish","4":"has-post-thumbnail","6":"product_cat-katana-tanto-fi","8":"first","9":"onbackorder","10":"product-type-simple"},"acf":[],"_links":{"self":[{"href":"https:\/\/kingarms.ee\/fi\/wp-json\/wp\/v2\/product\/69565","targetHints":{"allow":["GET"]}}],"collection":[{"href":"https:\/\/kingarms.ee\/fi\/wp-json\/wp\/v2\/product"}],"about":[{"href":"https:\/\/kingarms.ee\/fi\/wp-json\/wp\/v2\/types\/product"}],"wp:featuredmedia":[{"embeddable":true,"href":"https:\/\/kingarms.ee\/fi\/wp-json\/wp\/v2\/media\/68828"}],"wp:attachment":[{"href":"https:\/\/kingarms.ee\/fi\/wp-json\/wp\/v2\/media?parent=69565"}],"wp:term":[{"taxonomy":"product_brand","embeddable":true,"href":"https:\/\/kingarms.ee\/fi\/wp-json\/wp\/v2\/product_brand?post=69565"},{"taxonomy":"product_cat","embeddable":true,"href":"https:\/\/kingarms.ee\/fi\/wp-json\/wp\/v2\/product_cat?post=69565"},{"taxonomy":"product_tag","embeddable":true,"href":"https:\/\/kingarms.ee\/fi\/wp-json\/wp\/v2\/product_tag?post=69565"}],"curies":[{"name":"wp","href":"https:\/\/api.w.org\/{rel}","templated":true}]}}