{"id":69593,"date":"2022-12-20T17:34:01","date_gmt":"2022-12-20T14:37:33","guid":{"rendered":"https:\/\/kingarms.ee\/product\/kumi-metallipallot-100-patruunaa-razorgun\/"},"modified":"2024-08-07T15:39:42","modified_gmt":"2024-08-07T12:39:42","slug":"kumi-metallipallot-100-tyynynsuojus-sarvipistooli","status":"publish","type":"product","link":"https:\/\/kingarms.ee\/fi\/product\/kumi-metallipallot-100-tyynynsuojus-sarvipistooli\/","title":{"rendered":"Kumi-metallipallot \/ 100 patruunaa  [RazorGun]"},"content":{"rendered":"<p><img loading=\"lazy\" decoding=\"async\" class=\"alignnone size-full wp-image-69587\" src=\"https:\/\/kingarms.ee\/wp-content\/uploads\/2022\/12\/kule-gumowe-razorgun-68-kal-68-100-szt-do-umarex-t4e-hds-i-sg-68-477641518d74413a92f63e159a42e1a1-7ff58721.jpeg\" alt=\"\" width=\"900\" height=\"900\" srcset=\"https:\/\/kingarms.ee\/wp-content\/uploads\/2022\/12\/kule-gumowe-razorgun-68-kal-68-100-szt-do-umarex-t4e-hds-i-sg-68-477641518d74413a92f63e159a42e1a1-7ff58721.jpeg 900w, https:\/\/kingarms.ee\/wp-content\/uploads\/2022\/12\/kule-gumowe-razorgun-68-kal-68-100-szt-do-umarex-t4e-hds-i-sg-68-477641518d74413a92f63e159a42e1a1-7ff58721-300x300.jpeg 300w, https:\/\/kingarms.ee\/wp-content\/uploads\/2022\/12\/kule-gumowe-razorgun-68-kal-68-100-szt-do-umarex-t4e-hds-i-sg-68-477641518d74413a92f63e159a42e1a1-7ff58721-150x150.jpeg 150w, https:\/\/kingarms.ee\/wp-content\/uploads\/2022\/12\/kule-gumowe-razorgun-68-kal-68-100-szt-do-umarex-t4e-hds-i-sg-68-477641518d74413a92f63e159a42e1a1-7ff58721-768x768.jpeg 768w, https:\/\/kingarms.ee\/wp-content\/uploads\/2022\/12\/kule-gumowe-razorgun-68-kal-68-100-szt-do-umarex-t4e-hds-i-sg-68-477641518d74413a92f63e159a42e1a1-7ff58721-500x500.jpeg 500w\" sizes=\"auto, (max-width: 900px) 100vw, 900px\" \/><\/p>\n","protected":false},"excerpt":{"rendered":"<p>RazorGun kumi-metallipallot cal. 68 on raskas harjoitusammus RAM-merkkiautomaateille.<\/p>\n<p>RazorGunin kumi-metallipatruunat on suunniteltu vapaa-ajan ammuntaan, itsepuolustukseen, harjoitteluun ja taktiseen harjoitteluun RAM-merkkien kanssa.<\/p>\n<p>Luodit on valmistettu kovakumista, johon on lis\u00e4tty metallihiukkasia. T\u00e4m\u00e4n rakenteen ansiosta luodit ovat kovempia ja massaltaan suurempia, mik\u00e4 tekee niist\u00e4 tehokkaampia antamaan energiaa kohteeseen ja l\u00e4p\u00e4isem\u00e4\u00e4n paremmin.<\/p>\n","protected":false},"featured_media":69589,"template":"","meta":{"_acf_changed":false},"product_brand":[],"product_cat":[535],"product_tag":[],"class_list":{"0":"post-69593","1":"product","2":"type-product","3":"status-publish","4":"has-post-thumbnail","6":"product_cat-kumipallot","8":"first","9":"onbackorder","10":"taxable","11":"shipping-taxable","12":"product-type-simple"},"acf":[],"_links":{"self":[{"href":"https:\/\/kingarms.ee\/fi\/wp-json\/wp\/v2\/product\/69593","targetHints":{"allow":["GET"]}}],"collection":[{"href":"https:\/\/kingarms.ee\/fi\/wp-json\/wp\/v2\/product"}],"about":[{"href":"https:\/\/kingarms.ee\/fi\/wp-json\/wp\/v2\/types\/product"}],"wp:featuredmedia":[{"embeddable":true,"href":"https:\/\/kingarms.ee\/fi\/wp-json\/wp\/v2\/media\/69589"}],"wp:attachment":[{"href":"https:\/\/kingarms.ee\/fi\/wp-json\/wp\/v2\/media?parent=69593"}],"wp:term":[{"taxonomy":"product_brand","embeddable":true,"href":"https:\/\/kingarms.ee\/fi\/wp-json\/wp\/v2\/product_brand?post=69593"},{"taxonomy":"product_cat","embeddable":true,"href":"https:\/\/kingarms.ee\/fi\/wp-json\/wp\/v2\/product_cat?post=69593"},{"taxonomy":"product_tag","embeddable":true,"href":"https:\/\/kingarms.ee\/fi\/wp-json\/wp\/v2\/product_tag?post=69593"}],"curies":[{"name":"wp","href":"https:\/\/api.w.org\/{rel}","templated":true}]}}