{"id":69601,"date":"2022-12-20T17:40:25","date_gmt":"2022-12-20T14:40:59","guid":{"rendered":"https:\/\/kingarms.ee\/product\/kumi-metallipallot-200-patruunaa-razorgun\/"},"modified":"2024-08-07T15:38:57","modified_gmt":"2024-08-07T12:38:57","slug":"kumi-metallipallot-200-tyynynsuojus-sarvipistooli","status":"publish","type":"product","link":"https:\/\/kingarms.ee\/fi\/product\/kumi-metallipallot-200-tyynynsuojus-sarvipistooli\/","title":{"rendered":"Kumi-metallipallot \/ 200 patruunaa  [RazorGun]"},"content":{"rendered":"<p><img loading=\"lazy\" decoding=\"async\" class=\"alignnone size-full wp-image-69596\" src=\"https:\/\/kingarms.ee\/wp-content\/uploads\/2022\/12\/kule-gumowo-metalowe-razorgun-43-kal-43-200-szt-do-umarex-m-p9c-tpm1-ppq-22795039e6f24f11abc674d1d7ed2d1f-5b412dd6.jpeg\" alt=\"\" width=\"900\" height=\"900\" srcset=\"https:\/\/kingarms.ee\/wp-content\/uploads\/2022\/12\/kule-gumowo-metalowe-razorgun-43-kal-43-200-szt-do-umarex-m-p9c-tpm1-ppq-22795039e6f24f11abc674d1d7ed2d1f-5b412dd6.jpeg 900w, https:\/\/kingarms.ee\/wp-content\/uploads\/2022\/12\/kule-gumowo-metalowe-razorgun-43-kal-43-200-szt-do-umarex-m-p9c-tpm1-ppq-22795039e6f24f11abc674d1d7ed2d1f-5b412dd6-300x300.jpeg 300w, https:\/\/kingarms.ee\/wp-content\/uploads\/2022\/12\/kule-gumowo-metalowe-razorgun-43-kal-43-200-szt-do-umarex-m-p9c-tpm1-ppq-22795039e6f24f11abc674d1d7ed2d1f-5b412dd6-150x150.jpeg 150w, https:\/\/kingarms.ee\/wp-content\/uploads\/2022\/12\/kule-gumowo-metalowe-razorgun-43-kal-43-200-szt-do-umarex-m-p9c-tpm1-ppq-22795039e6f24f11abc674d1d7ed2d1f-5b412dd6-768x768.jpeg 768w, https:\/\/kingarms.ee\/wp-content\/uploads\/2022\/12\/kule-gumowo-metalowe-razorgun-43-kal-43-200-szt-do-umarex-m-p9c-tpm1-ppq-22795039e6f24f11abc674d1d7ed2d1f-5b412dd6-500x500.jpeg 500w\" sizes=\"auto, (max-width: 900px) 100vw, 900px\" \/><\/p>\n","protected":false},"excerpt":{"rendered":"<p>RazorGun kumi-metallipallot cal. 43 on raskas harjoitusammus RAM-merkkiautomaateille.<\/p>\n<p>RazorGunin kumi-metallipatruunat on suunniteltu vapaa-ajan ammuntaan, itsepuolustukseen, harjoitteluun ja taktiseen harjoitteluun RAM-merkkien kanssa.<\/p>\n<p>Luodit on valmistettu kovakumista, johon on lis\u00e4tty metallihiukkasia. T\u00e4m\u00e4n rakenteen ansiosta luodit ovat kovempia ja massaltaan suurempia, mik\u00e4 tekee niist\u00e4 tehokkaampia antamaan energiaa kohteeseen ja l\u00e4p\u00e4isem\u00e4\u00e4n paremmin.<\/p>\n","protected":false},"featured_media":69598,"template":"","meta":{"_acf_changed":false},"product_brand":[],"product_cat":[535],"product_tag":[],"class_list":{"0":"post-69601","1":"product","2":"type-product","3":"status-publish","4":"has-post-thumbnail","6":"product_cat-kumipallot","8":"first","9":"onbackorder","10":"taxable","11":"shipping-taxable","12":"product-type-simple"},"acf":[],"_links":{"self":[{"href":"https:\/\/kingarms.ee\/fi\/wp-json\/wp\/v2\/product\/69601","targetHints":{"allow":["GET"]}}],"collection":[{"href":"https:\/\/kingarms.ee\/fi\/wp-json\/wp\/v2\/product"}],"about":[{"href":"https:\/\/kingarms.ee\/fi\/wp-json\/wp\/v2\/types\/product"}],"wp:featuredmedia":[{"embeddable":true,"href":"https:\/\/kingarms.ee\/fi\/wp-json\/wp\/v2\/media\/69598"}],"wp:attachment":[{"href":"https:\/\/kingarms.ee\/fi\/wp-json\/wp\/v2\/media?parent=69601"}],"wp:term":[{"taxonomy":"product_brand","embeddable":true,"href":"https:\/\/kingarms.ee\/fi\/wp-json\/wp\/v2\/product_brand?post=69601"},{"taxonomy":"product_cat","embeddable":true,"href":"https:\/\/kingarms.ee\/fi\/wp-json\/wp\/v2\/product_cat?post=69601"},{"taxonomy":"product_tag","embeddable":true,"href":"https:\/\/kingarms.ee\/fi\/wp-json\/wp\/v2\/product_tag?post=69601"}],"curies":[{"name":"wp","href":"https:\/\/api.w.org\/{rel}","templated":true}]}}