{"id":69610,"date":"2022-12-20T17:45:19","date_gmt":"2022-12-20T14:46:24","guid":{"rendered":"https:\/\/kingarms.ee\/product\/metallipallot-devastator-cal-68-40-szt\/"},"modified":"2024-08-07T15:38:12","modified_gmt":"2024-08-07T12:38:12","slug":"metallipallot-devastator-kal-68-40-szt","status":"publish","type":"product","link":"https:\/\/kingarms.ee\/fi\/product\/metallipallot-devastator-kal-68-40-szt\/","title":{"rendered":"Metallipallot Devastator cal. 68 \/ 40 szt"},"content":{"rendered":"<p><img loading=\"lazy\" decoding=\"async\" class=\"alignnone size-full wp-image-69604\" src=\"https:\/\/kingarms.ee\/wp-content\/uploads\/2022\/12\/kule-metalowe-razorgun-steel-core-devastator-kal-68-40-szt-do-umarex-t4e-hds-68-kal-001e2dbc18b5457785a77a7174c9eee5-48a3a3cb.jpeg\" alt=\"\" width=\"900\" height=\"900\" srcset=\"https:\/\/kingarms.ee\/wp-content\/uploads\/2022\/12\/kule-metalowe-razorgun-steel-core-devastator-kal-68-40-szt-do-umarex-t4e-hds-68-kal-001e2dbc18b5457785a77a7174c9eee5-48a3a3cb.jpeg 900w, https:\/\/kingarms.ee\/wp-content\/uploads\/2022\/12\/kule-metalowe-razorgun-steel-core-devastator-kal-68-40-szt-do-umarex-t4e-hds-68-kal-001e2dbc18b5457785a77a7174c9eee5-48a3a3cb-300x300.jpeg 300w, https:\/\/kingarms.ee\/wp-content\/uploads\/2022\/12\/kule-metalowe-razorgun-steel-core-devastator-kal-68-40-szt-do-umarex-t4e-hds-68-kal-001e2dbc18b5457785a77a7174c9eee5-48a3a3cb-150x150.jpeg 150w, https:\/\/kingarms.ee\/wp-content\/uploads\/2022\/12\/kule-metalowe-razorgun-steel-core-devastator-kal-68-40-szt-do-umarex-t4e-hds-68-kal-001e2dbc18b5457785a77a7174c9eee5-48a3a3cb-768x768.jpeg 768w, https:\/\/kingarms.ee\/wp-content\/uploads\/2022\/12\/kule-metalowe-razorgun-steel-core-devastator-kal-68-40-szt-do-umarex-t4e-hds-68-kal-001e2dbc18b5457785a77a7174c9eee5-48a3a3cb-500x500.jpeg 500w\" sizes=\"auto, (max-width: 900px) 100vw, 900px\" \/><\/p>\n","protected":false},"excerpt":{"rendered":"<p>RazorGun Steel Core Devastator cal. 68 ter\u00e4spalloa koostuvat kovasta ter\u00e4sytimest\u00e4, joka on p\u00e4\u00e4llystetty muovilla.<br \/>\nMuovisuojus takaa pallon lennon vakauttamisen ja eritt\u00e4in tarkan ampumisen pitkienkin et\u00e4isyyksien yli.<br \/>\nSopii erityisesti Umarex HDS 68 Home Defense Shotguniin ja NXG PS-300 paintball-markkeriin.<\/p>\n<p>Tekniset tiedot:<\/p>\n<p>Kaliiperi: .68<br \/>\nPaino: 5,40 grammaa<br \/>\nSis\u00e4lt\u00f6: 40 kappaletta<\/p>\n","protected":false},"featured_media":69606,"template":"","meta":{"_acf_changed":false},"product_brand":[],"product_cat":[535],"product_tag":[],"class_list":{"0":"post-69610","1":"product","2":"type-product","3":"status-publish","4":"has-post-thumbnail","6":"product_cat-kumipallot","8":"first","9":"onbackorder","10":"taxable","11":"shipping-taxable","12":"product-type-simple"},"acf":[],"_links":{"self":[{"href":"https:\/\/kingarms.ee\/fi\/wp-json\/wp\/v2\/product\/69610","targetHints":{"allow":["GET"]}}],"collection":[{"href":"https:\/\/kingarms.ee\/fi\/wp-json\/wp\/v2\/product"}],"about":[{"href":"https:\/\/kingarms.ee\/fi\/wp-json\/wp\/v2\/types\/product"}],"wp:featuredmedia":[{"embeddable":true,"href":"https:\/\/kingarms.ee\/fi\/wp-json\/wp\/v2\/media\/69606"}],"wp:attachment":[{"href":"https:\/\/kingarms.ee\/fi\/wp-json\/wp\/v2\/media?parent=69610"}],"wp:term":[{"taxonomy":"product_brand","embeddable":true,"href":"https:\/\/kingarms.ee\/fi\/wp-json\/wp\/v2\/product_brand?post=69610"},{"taxonomy":"product_cat","embeddable":true,"href":"https:\/\/kingarms.ee\/fi\/wp-json\/wp\/v2\/product_cat?post=69610"},{"taxonomy":"product_tag","embeddable":true,"href":"https:\/\/kingarms.ee\/fi\/wp-json\/wp\/v2\/product_tag?post=69610"}],"curies":[{"name":"wp","href":"https:\/\/api.w.org\/{rel}","templated":true}]}}