{"id":69618,"date":"2022-12-20T17:51:40","date_gmt":"2022-12-20T14:52:20","guid":{"rendered":"https:\/\/kingarms.ee\/product\/merkkipallot-t4e-cal-68\/"},"modified":"2024-08-07T15:37:27","modified_gmt":"2024-08-07T12:37:27","slug":"merkkipallot-t4e-kal-68","status":"publish","type":"product","link":"https:\/\/kingarms.ee\/fi\/product\/merkkipallot-t4e-kal-68\/","title":{"rendered":"Merkkipallot T4E cal. 68"},"content":{"rendered":"<p><img loading=\"lazy\" decoding=\"async\" class=\"alignnone size-full wp-image-69613\" src=\"https:\/\/kingarms.ee\/wp-content\/uploads\/2022\/12\/kule-precyzyjne-gumowe-umarex-t4e-rbp-kal-68-50-szt-do-umarex-t4e-hds-i-sg-68-0e5e34654a0242bcae4036e2b542d760-fad21edf.jpeg\" alt=\"\" width=\"900\" height=\"900\" srcset=\"https:\/\/kingarms.ee\/wp-content\/uploads\/2022\/12\/kule-precyzyjne-gumowe-umarex-t4e-rbp-kal-68-50-szt-do-umarex-t4e-hds-i-sg-68-0e5e34654a0242bcae4036e2b542d760-fad21edf.jpeg 900w, https:\/\/kingarms.ee\/wp-content\/uploads\/2022\/12\/kule-precyzyjne-gumowe-umarex-t4e-rbp-kal-68-50-szt-do-umarex-t4e-hds-i-sg-68-0e5e34654a0242bcae4036e2b542d760-fad21edf-300x300.jpeg 300w, https:\/\/kingarms.ee\/wp-content\/uploads\/2022\/12\/kule-precyzyjne-gumowe-umarex-t4e-rbp-kal-68-50-szt-do-umarex-t4e-hds-i-sg-68-0e5e34654a0242bcae4036e2b542d760-fad21edf-150x150.jpeg 150w, https:\/\/kingarms.ee\/wp-content\/uploads\/2022\/12\/kule-precyzyjne-gumowe-umarex-t4e-rbp-kal-68-50-szt-do-umarex-t4e-hds-i-sg-68-0e5e34654a0242bcae4036e2b542d760-fad21edf-768x768.jpeg 768w, https:\/\/kingarms.ee\/wp-content\/uploads\/2022\/12\/kule-precyzyjne-gumowe-umarex-t4e-rbp-kal-68-50-szt-do-umarex-t4e-hds-i-sg-68-0e5e34654a0242bcae4036e2b542d760-fad21edf-500x500.jpeg 500w\" sizes=\"auto, (max-width: 900px) 100vw, 900px\" \/><\/p>\n","protected":false},"excerpt":{"rendered":"<p>Luodit ovat yhteensopivia RAM .68 kaliiperin kiv\u00e4\u00e4rien ja pistoolien kanssa, kuten Umarex T4E HDS68 haulikko, Combat T4E SG-68 haulikko tai RAM PepperBall TCP Gun.<\/p>\n<p>Ne on valmistettu kovakumista, mik\u00e4 antaa niille suuren energian. Tarkkuuden ja kantaman lis\u00e4\u00e4miseksi k\u00e4ytettiin polymeerisabotteja, joissa oli lentoa vakauttavia uria, jotta pallo saataisiin py\u00f6rim\u00e4\u00e4n. Kaareva pallo lent\u00e4\u00e4 nopeammin suoraan kohti maalia.<\/p>\n<p>Kuulat ovat mustia ja polymeerisauli on l\u00e4pin\u00e4kyv\u00e4. Ammusten sein\u00e4t ovat vedenpit\u00e4v\u00e4t, joten sit\u00e4 voidaan k\u00e4ytt\u00e4\u00e4 huonoissa s\u00e4\u00e4olosuhteissa.<\/p>\n<p>Tekniset tiedot:<br \/>\n&#8211; kaliiperi: 0,68 (17,27 mm)<br \/>\n&#8211; Paino: 1,85 g<br \/>\n&#8211; M\u00e4\u00e4r\u00e4: 50 kpl<br \/>\n&#8211; Materiaali: kumi<br \/>\n&#8211; Sabotin materiaali: polymeeri<br \/>\n&#8211; Valmistaja: umarex<\/p>\n","protected":false},"featured_media":69615,"template":"","meta":{"_acf_changed":false},"product_brand":[],"product_cat":[535],"product_tag":[],"class_list":{"0":"post-69618","1":"product","2":"type-product","3":"status-publish","4":"has-post-thumbnail","6":"product_cat-kumipallot","8":"first","9":"instock","10":"taxable","11":"shipping-taxable","12":"purchasable","13":"product-type-simple"},"acf":[],"_links":{"self":[{"href":"https:\/\/kingarms.ee\/fi\/wp-json\/wp\/v2\/product\/69618","targetHints":{"allow":["GET"]}}],"collection":[{"href":"https:\/\/kingarms.ee\/fi\/wp-json\/wp\/v2\/product"}],"about":[{"href":"https:\/\/kingarms.ee\/fi\/wp-json\/wp\/v2\/types\/product"}],"wp:featuredmedia":[{"embeddable":true,"href":"https:\/\/kingarms.ee\/fi\/wp-json\/wp\/v2\/media\/69615"}],"wp:attachment":[{"href":"https:\/\/kingarms.ee\/fi\/wp-json\/wp\/v2\/media?parent=69618"}],"wp:term":[{"taxonomy":"product_brand","embeddable":true,"href":"https:\/\/kingarms.ee\/fi\/wp-json\/wp\/v2\/product_brand?post=69618"},{"taxonomy":"product_cat","embeddable":true,"href":"https:\/\/kingarms.ee\/fi\/wp-json\/wp\/v2\/product_cat?post=69618"},{"taxonomy":"product_tag","embeddable":true,"href":"https:\/\/kingarms.ee\/fi\/wp-json\/wp\/v2\/product_tag?post=69618"}],"curies":[{"name":"wp","href":"https:\/\/api.w.org\/{rel}","templated":true}]}}