{"id":69646,"date":"2022-12-20T18:40:46","date_gmt":"2022-12-20T15:41:45","guid":{"rendered":"https:\/\/kingarms.ee\/product\/kumikuulat-t4e-rb-prac-43-500-tk\/"},"modified":"2024-08-07T15:36:41","modified_gmt":"2024-08-07T12:36:41","slug":"kummikuulid-t4e-rb-prac-43-500-tk-2","status":"publish","type":"product","link":"https:\/\/kingarms.ee\/fi\/product\/kummikuulid-t4e-rb-prac-43-500-tk-2\/","title":{"rendered":"Kumikuulat T4E RB PRAC .43 500 TK"},"content":{"rendered":"<p><img loading=\"lazy\" decoding=\"async\" class=\"alignnone size-full wp-image-69641\" src=\"https:\/\/kingarms.ee\/wp-content\/uploads\/2022\/12\/kulki-poliuretanowe-t4e-practice-plb-kal-43-500-szt-szare-eda0f5f678114873adf2cfd133b87e4e-c203ef54.jpeg\" alt=\"\" width=\"900\" height=\"900\" srcset=\"https:\/\/kingarms.ee\/wp-content\/uploads\/2022\/12\/kulki-poliuretanowe-t4e-practice-plb-kal-43-500-szt-szare-eda0f5f678114873adf2cfd133b87e4e-c203ef54.jpeg 900w, https:\/\/kingarms.ee\/wp-content\/uploads\/2022\/12\/kulki-poliuretanowe-t4e-practice-plb-kal-43-500-szt-szare-eda0f5f678114873adf2cfd133b87e4e-c203ef54-300x300.jpeg 300w, https:\/\/kingarms.ee\/wp-content\/uploads\/2022\/12\/kulki-poliuretanowe-t4e-practice-plb-kal-43-500-szt-szare-eda0f5f678114873adf2cfd133b87e4e-c203ef54-150x150.jpeg 150w, https:\/\/kingarms.ee\/wp-content\/uploads\/2022\/12\/kulki-poliuretanowe-t4e-practice-plb-kal-43-500-szt-szare-eda0f5f678114873adf2cfd133b87e4e-c203ef54-768x768.jpeg 768w, https:\/\/kingarms.ee\/wp-content\/uploads\/2022\/12\/kulki-poliuretanowe-t4e-practice-plb-kal-43-500-szt-szare-eda0f5f678114873adf2cfd133b87e4e-c203ef54-500x500.jpeg 500w\" sizes=\"auto, (max-width: 900px) 100vw, 900px\" \/><\/p>\n","protected":false},"excerpt":{"rendered":"<p>.43 kaliiperin kumiluodit, jotka on suunniteltu k\u00e4ytett\u00e4v\u00e4ksi T4E-harjoitusalustojen ja muiden .43 kaliiperin ei-tappavien aseiden kanssa.<\/p>\n<ul>\n<li>.43 kaliiperin kumiluodit<\/li>\n<li>Korkealaatuiset harjoituspallot<\/li>\n<li>Luotettava kumi lasskemoon<\/li>\n<li>Uudelleenk\u00e4ytett\u00e4v\u00e4t (ker\u00e4\u00e4, pese, k\u00e4yt\u00e4 uudelleen).<\/li>\n<\/ul>\n<p>TEKNISET TIEDOT<\/p>\n<ul>\n<li>Kaliiperi: .43<\/li>\n<li>Paino: 0,75 g<\/li>\n<li>M\u00e4\u00e4r\u00e4 per pakkaus: 500 kpl<\/li>\n<li>Pakkaus: muovipurkki<\/li>\n<li>V\u00e4ri musta<\/li>\n<\/ul>\n","protected":false},"featured_media":87361,"template":"","meta":{"_acf_changed":false},"product_brand":[],"product_cat":[535],"product_tag":[],"class_list":{"0":"post-69646","1":"product","2":"type-product","3":"status-publish","4":"has-post-thumbnail","6":"product_cat-kumipallot","8":"first","9":"instock","10":"taxable","11":"shipping-taxable","12":"purchasable","13":"product-type-simple"},"acf":[],"_links":{"self":[{"href":"https:\/\/kingarms.ee\/fi\/wp-json\/wp\/v2\/product\/69646","targetHints":{"allow":["GET"]}}],"collection":[{"href":"https:\/\/kingarms.ee\/fi\/wp-json\/wp\/v2\/product"}],"about":[{"href":"https:\/\/kingarms.ee\/fi\/wp-json\/wp\/v2\/types\/product"}],"wp:featuredmedia":[{"embeddable":true,"href":"https:\/\/kingarms.ee\/fi\/wp-json\/wp\/v2\/media\/87361"}],"wp:attachment":[{"href":"https:\/\/kingarms.ee\/fi\/wp-json\/wp\/v2\/media?parent=69646"}],"wp:term":[{"taxonomy":"product_brand","embeddable":true,"href":"https:\/\/kingarms.ee\/fi\/wp-json\/wp\/v2\/product_brand?post=69646"},{"taxonomy":"product_cat","embeddable":true,"href":"https:\/\/kingarms.ee\/fi\/wp-json\/wp\/v2\/product_cat?post=69646"},{"taxonomy":"product_tag","embeddable":true,"href":"https:\/\/kingarms.ee\/fi\/wp-json\/wp\/v2\/product_tag?post=69646"}],"curies":[{"name":"wp","href":"https:\/\/api.w.org\/{rel}","templated":true}]}}