{"id":69794,"date":"2022-12-25T16:22:38","date_gmt":"2022-12-25T13:22:38","guid":{"rendered":"https:\/\/kingarms.ee\/product\/taktinen-ensiapupakkaus\/"},"modified":"2024-08-07T15:34:33","modified_gmt":"2024-08-07T12:34:33","slug":"taktinen-ensiapupakkaus","status":"publish","type":"product","link":"https:\/\/kingarms.ee\/fi\/product\/taktinen-ensiapupakkaus\/","title":{"rendered":"Taktinen ensiapupakkaus"},"content":{"rendered":"<p><img loading=\"lazy\" decoding=\"async\" class=\"alignnone wp-image-69789 size-full\" src=\"https:\/\/kingarms.ee\/wp-content\/uploads\/2022\/12\/LXPB89-SKM-MC-scaled-1-e1671975361603.jpeg\" alt=\"\" width=\"1000\" height=\"773\" srcset=\"https:\/\/kingarms.ee\/wp-content\/uploads\/2022\/12\/LXPB89-SKM-MC-scaled-1-e1671975361603.jpeg 1000w, https:\/\/kingarms.ee\/wp-content\/uploads\/2022\/12\/LXPB89-SKM-MC-scaled-1-e1671975361603-300x232.jpeg 300w, https:\/\/kingarms.ee\/wp-content\/uploads\/2022\/12\/LXPB89-SKM-MC-scaled-1-e1671975361603-768x594.jpeg 768w, https:\/\/kingarms.ee\/wp-content\/uploads\/2022\/12\/LXPB89-SKM-MC-scaled-1-e1671975361603-500x387.jpeg 500w, https:\/\/kingarms.ee\/wp-content\/uploads\/2022\/12\/LXPB89-SKM-MC-scaled-1-e1671975361603-150x116.jpeg 150w\" sizes=\"auto, (max-width: 1000px) 100vw, 1000px\" \/><\/p>\n","protected":false},"excerpt":{"rendered":"<p>KUVAUSLUETTELOSSA LUETELTU T\u00c4YDELLINEN SIS\u00c4LT\u00d6<\/p>\n<p>REPPU: LXPB89 on kompakti reppu, jossa on nelj\u00e4 p\u00e4\u00e4ulkoista lokeroa ja vetoketjullinen lokero, johon p\u00e4\u00e4see nopeasti k\u00e4siksi lantiopaneelin takana. Modulaariset (MOLLE) silmukat edess\u00e4, sivuilla ja pohjassa ylim\u00e4\u00e4r\u00e4isten laukkujen tai varusteiden kiinnitt\u00e4mist\u00e4 varten. P\u00e4\u00e4lokeron takaosassa on vetoketjullinen pussi, joka on suunniteltu juomapussille ja jonka yl\u00e4osassa on portit juomaputkea varten. Olkahihnat ovat t\u00e4ysin s\u00e4\u00e4dett\u00e4viss\u00e4 kaikista kohdista eri vartalotyypeille sopiviksi, ja niiss\u00e4 on my\u00f6s rintahihna ja vy\u00f6lenkit juomaputkea varten. T\u00e4m\u00e4 pakkaus sis\u00e4lt\u00e4\u00e4 nelj\u00e4 (4) vetoketjullista, v\u00e4rikoodattua s\u00e4ilytyspussia l\u00e4\u00e4kinn\u00e4llisten tarvikkeiden s\u00e4ilytt\u00e4miseen repussa, jossa on erilaisia l\u00e4\u00e4kinn\u00e4llisi\u00e4 tarvikkeita. Luettelo kaikista t\u00e4m\u00e4n sarjan sis\u00e4lt\u00e4mist\u00e4 lis\u00e4varusteista on yll\u00e4 olevissa kuvissa.<\/p>\n<p>KOMPAKTI: kiristysside, pinsetit, Kelly-hemostaatit, traumalaput, sidetarpeet, kyn\u00e4lamppu, ammoniakkiampullit (10), sidetarpeet (100), 4&#8243; x 4&#8243; sideharsotyynyt (50), 2&#8243; sideharsorulla (2), 3&#8243; sideharsorulla (2), 4&#8243; rullalaastari (2), 2&#8243; itseliimautuva sidos (2), 2&#8243; joustava \u00e4ss\u00e4sidos (2), 5&#8243; x 7&#8243; ABD-tyyny (2), 8&#8243; x 10&#8243; ABD-tyyny (2), 1 tuuman rullausteippi, jodityynyt (10), isopropyylialkoholipyyhkeet (10), 1\/2 oz kolminkertaista antibioottivoidetta, silm\u00e4pakkaukset (2), silm\u00e4tyynyt (2), kolmiositeet (2), silm\u00e4huuhteluliuos, tutkimusk\u00e4sineet (4), SAM-sormimaski, oraalinen glukoosigeeli, aikuisten verenpainemansetti tuppeineen, Sprague stetoskooppi, elvytysmaski, orofaryngeaalinen hengityspakkaus (6), kurkun ja pureman helpottavia tikkuja (10) , vaseliiniharso (2), ensiapuopas, nopeaa hyytymist\u00e4 edist\u00e4v\u00e4 hemostaattinen harso 4 x 4 tuumaa (2), Dyna-Stopper Trauma-painesidos, 12 &#8220;x 30&#8243; Multi-Trauma Pad, puristettu Z-taitettu Corsage Marlin 4,5&#8221; x 4,1 metri\u00e4, Israelin painesidos 4 tuumaa, ensiapu antiseptinen spray 2 unssia, Burn Paste 2 unssia, aikuisten BVM-laukku, 36-tuumainen rullapy\u00f6r\u00e4ter\u00e4, h\u00e4t\u00e4folio Mylar-peitto.<\/p>\n","protected":false},"featured_media":69791,"template":"","meta":{"_acf_changed":false},"product_brand":[],"product_cat":[1327,481,352],"product_tag":[],"class_list":{"0":"post-69794","1":"product","2":"type-product","3":"status-publish","4":"has-post-thumbnail","6":"product_cat-kriisipakkaus","7":"product_cat-ensiapu","8":"product_cat-matkatavarat","10":"first","11":"onbackorder","12":"sale","13":"taxable","14":"shipping-taxable","15":"product-type-simple"},"acf":[],"_links":{"self":[{"href":"https:\/\/kingarms.ee\/fi\/wp-json\/wp\/v2\/product\/69794","targetHints":{"allow":["GET"]}}],"collection":[{"href":"https:\/\/kingarms.ee\/fi\/wp-json\/wp\/v2\/product"}],"about":[{"href":"https:\/\/kingarms.ee\/fi\/wp-json\/wp\/v2\/types\/product"}],"wp:featuredmedia":[{"embeddable":true,"href":"https:\/\/kingarms.ee\/fi\/wp-json\/wp\/v2\/media\/69791"}],"wp:attachment":[{"href":"https:\/\/kingarms.ee\/fi\/wp-json\/wp\/v2\/media?parent=69794"}],"wp:term":[{"taxonomy":"product_brand","embeddable":true,"href":"https:\/\/kingarms.ee\/fi\/wp-json\/wp\/v2\/product_brand?post=69794"},{"taxonomy":"product_cat","embeddable":true,"href":"https:\/\/kingarms.ee\/fi\/wp-json\/wp\/v2\/product_cat?post=69794"},{"taxonomy":"product_tag","embeddable":true,"href":"https:\/\/kingarms.ee\/fi\/wp-json\/wp\/v2\/product_tag?post=69794"}],"curies":[{"name":"wp","href":"https:\/\/api.w.org\/{rel}","templated":true}]}}