{"id":70064,"date":"2022-12-29T17:04:55","date_gmt":"2022-12-29T14:05:25","guid":{"rendered":"https:\/\/kingarms.ee\/product\/princeton-tec-kiivrilamppu-charge-pro-mpls\/"},"modified":"2024-08-07T15:31:41","modified_gmt":"2024-08-07T12:31:41","slug":"princeton-tec-kiivrilamppu-latauspro-mpls-3","status":"publish","type":"product","link":"https:\/\/kingarms.ee\/fi\/product\/princeton-tec-kiivrilamppu-latauspro-mpls-3\/","title":{"rendered":"Princeton Tec kiivrilamppu Charge Pro MPLS"},"content":{"rendered":"<p><img loading=\"lazy\" decoding=\"async\" class=\"alignnone size-full wp-image-70059\" src=\"https:\/\/kingarms.ee\/wp-content\/uploads\/2022\/12\/Charge-Pro-bk.jpeg\" alt=\"\" width=\"2000\" height=\"2000\" srcset=\"https:\/\/kingarms.ee\/wp-content\/uploads\/2022\/12\/Charge-Pro-bk.jpeg 2000w, https:\/\/kingarms.ee\/wp-content\/uploads\/2022\/12\/Charge-Pro-bk-300x300.jpeg 300w, https:\/\/kingarms.ee\/wp-content\/uploads\/2022\/12\/Charge-Pro-bk-1024x1024.jpeg 1024w, https:\/\/kingarms.ee\/wp-content\/uploads\/2022\/12\/Charge-Pro-bk-150x150.jpeg 150w, https:\/\/kingarms.ee\/wp-content\/uploads\/2022\/12\/Charge-Pro-bk-768x768.jpeg 768w, https:\/\/kingarms.ee\/wp-content\/uploads\/2022\/12\/Charge-Pro-bk-1536x1536.jpeg 1536w, https:\/\/kingarms.ee\/wp-content\/uploads\/2022\/12\/Charge-Pro-bk-500x500.jpeg 500w\" sizes=\"auto, (max-width: 2000px) 100vw, 2000px\" \/><\/p>\n","protected":false},"excerpt":{"rendered":"<p>Monipuolinen, \u00e4lyk\u00e4s ja kest\u00e4v\u00e4 Charge (yhdess\u00e4 muiden MPLS-kyp\u00e4r\u00e4valojemme kanssa) on luotu ainutlaatuisella joustavalla kaulan muotoilulla, jonka avulla voit suunnata valon sinne, miss\u00e4 sit\u00e4 tarvitset, kyp\u00e4r\u00e4n kulmasta riippumatta.<\/p>\n<p>Teho: 55 lumenia<br \/>\nLED: 1 x Maxbright (s\u00e4\u00e4dett\u00e4v\u00e4, himmennett\u00e4v\u00e4)<br \/>\n3x Ultrabright LED<br \/>\nPolttoaika: 24h<br \/>\nParistot: 1 x AA<br \/>\nPaino: 47g<br \/>\nVedenkest\u00e4vyys: IPX7<\/p>\n","protected":false},"featured_media":70061,"template":"","meta":{"_acf_changed":false},"product_brand":[],"product_cat":[678],"product_tag":[],"class_list":{"0":"post-70064","1":"product","2":"type-product","3":"status-publish","4":"has-post-thumbnail","6":"product_cat-ajovalot","8":"first","9":"instock","10":"sale","11":"taxable","12":"shipping-taxable","13":"purchasable","14":"product-type-simple"},"acf":[],"_links":{"self":[{"href":"https:\/\/kingarms.ee\/fi\/wp-json\/wp\/v2\/product\/70064","targetHints":{"allow":["GET"]}}],"collection":[{"href":"https:\/\/kingarms.ee\/fi\/wp-json\/wp\/v2\/product"}],"about":[{"href":"https:\/\/kingarms.ee\/fi\/wp-json\/wp\/v2\/types\/product"}],"wp:featuredmedia":[{"embeddable":true,"href":"https:\/\/kingarms.ee\/fi\/wp-json\/wp\/v2\/media\/70061"}],"wp:attachment":[{"href":"https:\/\/kingarms.ee\/fi\/wp-json\/wp\/v2\/media?parent=70064"}],"wp:term":[{"taxonomy":"product_brand","embeddable":true,"href":"https:\/\/kingarms.ee\/fi\/wp-json\/wp\/v2\/product_brand?post=70064"},{"taxonomy":"product_cat","embeddable":true,"href":"https:\/\/kingarms.ee\/fi\/wp-json\/wp\/v2\/product_cat?post=70064"},{"taxonomy":"product_tag","embeddable":true,"href":"https:\/\/kingarms.ee\/fi\/wp-json\/wp\/v2\/product_tag?post=70064"}],"curies":[{"name":"wp","href":"https:\/\/api.w.org\/{rel}","templated":true}]}}