{"id":70424,"date":"2023-01-02T18:04:24","date_gmt":"2023-01-02T15:07:13","guid":{"rendered":"https:\/\/kingarms.ee\/product\/akkupankki-20-000mah\/"},"modified":"2024-08-07T15:31:01","modified_gmt":"2024-08-07T12:31:01","slug":"akkupankki-20-000mah","status":"publish","type":"product","link":"https:\/\/kingarms.ee\/fi\/product\/akkupankki-20-000mah\/","title":{"rendered":"Akkupankki 20 000mAh"},"content":{"rendered":"<p><img loading=\"lazy\" decoding=\"async\" class=\"alignnone size-full wp-image-70418\" src=\"https:\/\/kingarms.ee\/wp-content\/uploads\/2023\/01\/20000mAh-Solar-Panel-Ch3arger-Solar-Power-Bank-5W-Portable-External-Battery-Dual-USB-Output-for-iPhone.jpg_Q90.jpg_.jpeg\" alt=\"\" width=\"1000\" height=\"1000\" srcset=\"https:\/\/kingarms.ee\/wp-content\/uploads\/2023\/01\/20000mAh-Solar-Panel-Ch3arger-Solar-Power-Bank-5W-Portable-External-Battery-Dual-USB-Output-for-iPhone.jpg_Q90.jpg_.jpeg 1000w, https:\/\/kingarms.ee\/wp-content\/uploads\/2023\/01\/20000mAh-Solar-Panel-Ch3arger-Solar-Power-Bank-5W-Portable-External-Battery-Dual-USB-Output-for-iPhone.jpg_Q90.jpg_-300x300.jpeg 300w, https:\/\/kingarms.ee\/wp-content\/uploads\/2023\/01\/20000mAh-Solar-Panel-Ch3arger-Solar-Power-Bank-5W-Portable-External-Battery-Dual-USB-Output-for-iPhone.jpg_Q90.jpg_-150x150.jpeg 150w, https:\/\/kingarms.ee\/wp-content\/uploads\/2023\/01\/20000mAh-Solar-Panel-Ch3arger-Solar-Power-Bank-5W-Portable-External-Battery-Dual-USB-Output-for-iPhone.jpg_Q90.jpg_-768x768.jpeg 768w, https:\/\/kingarms.ee\/wp-content\/uploads\/2023\/01\/20000mAh-Solar-Panel-Ch3arger-Solar-Power-Bank-5W-Portable-External-Battery-Dual-USB-Output-for-iPhone.jpg_Q90.jpg_-500x500.jpeg 500w\" sizes=\"auto, (max-width: 1000px) 100vw, 1000px\" \/><\/p>\n","protected":false},"excerpt":{"rendered":"<p>Akkupankki aurinkopaneeleilla.<\/p>\n<p>20 000 mAh:n kapasiteetilla varustettu akkupankki on kest\u00e4v\u00e4 aurinkolaturi, joka on rakennettu kest\u00e4m\u00e4\u00e4n. Se antaa sinulle vapautta ja energiaa menn\u00e4 minne haluat, joten se sopii t\u00e4ydellisesti kaikkiin seikkailuihisi. Aurinkolaturissa on 20 000 mAh:n litiumpolymeeriakku, joka riitt\u00e4\u00e4 lataamaan \u00e4lypuhelimen v\u00e4hint\u00e4\u00e4n kuusi kertaa. Aurinkolaturi voidaan ladata kahdella tavalla: joko USB:n kautta tai yksinkertaisesti ottamalla se ulos ja antamalla sis\u00e4\u00e4nrakennetun aurinkopaneelin tehd\u00e4 ty\u00f6ns\u00e4.<\/p>\n","protected":false},"featured_media":70420,"template":"","meta":{"_acf_changed":false},"product_brand":[],"product_cat":[539],"product_tag":[],"class_list":{"0":"post-70424","1":"product","2":"type-product","3":"status-publish","4":"has-post-thumbnail","6":"product_cat-power-bank-fi","8":"first","9":"onbackorder","10":"taxable","11":"shipping-taxable","12":"product-type-simple"},"acf":[],"_links":{"self":[{"href":"https:\/\/kingarms.ee\/fi\/wp-json\/wp\/v2\/product\/70424","targetHints":{"allow":["GET"]}}],"collection":[{"href":"https:\/\/kingarms.ee\/fi\/wp-json\/wp\/v2\/product"}],"about":[{"href":"https:\/\/kingarms.ee\/fi\/wp-json\/wp\/v2\/types\/product"}],"wp:featuredmedia":[{"embeddable":true,"href":"https:\/\/kingarms.ee\/fi\/wp-json\/wp\/v2\/media\/70420"}],"wp:attachment":[{"href":"https:\/\/kingarms.ee\/fi\/wp-json\/wp\/v2\/media?parent=70424"}],"wp:term":[{"taxonomy":"product_brand","embeddable":true,"href":"https:\/\/kingarms.ee\/fi\/wp-json\/wp\/v2\/product_brand?post=70424"},{"taxonomy":"product_cat","embeddable":true,"href":"https:\/\/kingarms.ee\/fi\/wp-json\/wp\/v2\/product_cat?post=70424"},{"taxonomy":"product_tag","embeddable":true,"href":"https:\/\/kingarms.ee\/fi\/wp-json\/wp\/v2\/product_tag?post=70424"}],"curies":[{"name":"wp","href":"https:\/\/api.w.org\/{rel}","templated":true}]}}