{"id":70690,"date":"2023-01-06T15:16:36","date_gmt":"2023-01-06T12:18:48","guid":{"rendered":"https:\/\/kingarms.ee\/product\/pd25r-taskulamppu-fenix\/"},"modified":"2024-08-07T15:30:16","modified_gmt":"2024-08-07T12:30:16","slug":"taskulamppu-pd25r-fenix","status":"publish","type":"product","link":"https:\/\/kingarms.ee\/fi\/product\/taskulamppu-pd25r-fenix\/","title":{"rendered":"PD25R taskulamppu (Fenix)"},"content":{"rendered":"<p><img loading=\"lazy\" decoding=\"async\" class=\"alignnone size-full wp-image-70661\" src=\"https:\/\/kingarms.ee\/wp-content\/uploads\/2023\/01\/01.png\" alt=\"\" width=\"850\" height=\"850\" srcset=\"https:\/\/kingarms.ee\/wp-content\/uploads\/2023\/01\/01.png 850w, https:\/\/kingarms.ee\/wp-content\/uploads\/2023\/01\/01-300x300.png 300w, https:\/\/kingarms.ee\/wp-content\/uploads\/2023\/01\/01-150x150.png 150w, https:\/\/kingarms.ee\/wp-content\/uploads\/2023\/01\/01-768x768.png 768w, https:\/\/kingarms.ee\/wp-content\/uploads\/2023\/01\/01-500x500.png 500w\" sizes=\"auto, (max-width: 850px) 100vw, 850px\" \/><\/p>\n","protected":false},"excerpt":{"rendered":"<p>taskulamppu<\/p>\n<p>Fenix PD25R on k\u00e4tev\u00e4 ja kompakti taskulamppu, jossa on korkea suorituskyky. Se on vahva lamppu, joka sopii keveytens\u00e4 ja hyv\u00e4n valokuvionsa ansiosta erinomaisesti jokap\u00e4iv\u00e4iseen kantamiseen, kotiin, retkeilyyn ja matkoille. Aina kun tarvitaan erityisen kompakteja ja tehokkaita suoria valaisimia. Fenix PD25R on vesi- ja iskunkest\u00e4v\u00e4, ja sen enimm\u00e4issuojausluokitus on IP68. Valaisimen kokonaispituus on vain 92 mm, p\u00e4\u00e4n halkaisija on 24 mm ja rungon halkaisija on my\u00f6s 24 mm. Mukana toimitetun Li-ion-akun paino on 78 g. Luminus SFT20 on mitoitettu LED-elementti. Suorituskykyisen LED-elementin ja kompaktin heijastimen mittojen ansiosta valokuvio on eritt\u00e4in monipuolinen (voimakkaasti valaistu keskialue, jossa on pehme\u00e4t siirtym\u00e4t hyvin valaistuihin reuna-alueisiin). Suurin valovoima on 800 lumenia ja valovirran kantama 250 metriin asti. Fenix PD25R:ss\u00e4 on yhteens\u00e4 viisi valovoimaa, jotka vaihtelevat 5-800 lumenin v\u00e4lill\u00e4, sek\u00e4 stroboskooppitila. Kytkimi\u00e4 on kaksi. Takana olevassa taktisessa virtakytkimess\u00e4 on on-off- ja hetkellinen valaistustoiminto. Sivukytkin on tarkoitettu valon voimakkuuden muuttamiseen ja stroboskooppitilaan siirtymiseen. PD25R k\u00e4ytt\u00e4\u00e4 toimiakseen tavallista piirilevysuojattua, raskaasti kuormitettua 16340-tyypin litiumioniakkua tai CR123A litiumparistoja. Akkua ei tarvitse irrottaa valaisimesta latausta varten, vaan se voidaan ladata suoraan valaisimeen integroidun USB-C-latauspistokkeen kautta. PD25R:n latauspistorasia on rakenteeltaan t\u00e4ysin vedenpit\u00e4v\u00e4 my\u00f6s ilman suojainta, mutta se on varustettu vahvalla metallisella suojalla, joka est\u00e4\u00e4 p\u00f6lyn ja lian p\u00e4\u00e4syn sis\u00e4\u00e4n ja est\u00e4\u00e4 mekaaniset vauriot (useimmissa lampuissa k\u00e4ytet\u00e4\u00e4n vain silikonisuojaa). Vakiopakkaus sis\u00e4lt\u00e4\u00e4 Fenix ARB-L16-700P Li-ion-akun ja latauskaapelin. Kaikki mit\u00e4 tarvitset v\u00e4lit\u00f6nt\u00e4 k\u00e4ytt\u00f6\u00e4 ja lampun lataamista varten, on mukana.<\/p>\n<p>Fenix PD25R:n lis\u00e4tiedot ja ominaisuudet: digitaalisesti ohjattu virtapiiri, integroitu ylikuumenemissuoja, joka seuraa lampun k\u00e4ytt\u00f6l\u00e4mp\u00f6tilaa, vahvistettu heijastamaton heijastinlasi, metallinen sivukytkin, kytkimeen integroitu akun varaustason ilmaisin, liuku- ja rullauskest\u00e4v\u00e4 muotoilu, irrotettava taskuklipsi, rannehihnan kiinnitys.<\/p>\n","protected":false},"featured_media":70663,"template":"","meta":{"_acf_changed":false},"product_brand":[],"product_cat":[273],"product_tag":[],"class_list":{"0":"post-70690","1":"product","2":"type-product","3":"status-publish","4":"has-post-thumbnail","6":"product_cat-valaisimet","8":"first","9":"instock","10":"taxable","11":"shipping-taxable","12":"purchasable","13":"product-type-simple"},"acf":[],"_links":{"self":[{"href":"https:\/\/kingarms.ee\/fi\/wp-json\/wp\/v2\/product\/70690","targetHints":{"allow":["GET"]}}],"collection":[{"href":"https:\/\/kingarms.ee\/fi\/wp-json\/wp\/v2\/product"}],"about":[{"href":"https:\/\/kingarms.ee\/fi\/wp-json\/wp\/v2\/types\/product"}],"wp:featuredmedia":[{"embeddable":true,"href":"https:\/\/kingarms.ee\/fi\/wp-json\/wp\/v2\/media\/70663"}],"wp:attachment":[{"href":"https:\/\/kingarms.ee\/fi\/wp-json\/wp\/v2\/media?parent=70690"}],"wp:term":[{"taxonomy":"product_brand","embeddable":true,"href":"https:\/\/kingarms.ee\/fi\/wp-json\/wp\/v2\/product_brand?post=70690"},{"taxonomy":"product_cat","embeddable":true,"href":"https:\/\/kingarms.ee\/fi\/wp-json\/wp\/v2\/product_cat?post=70690"},{"taxonomy":"product_tag","embeddable":true,"href":"https:\/\/kingarms.ee\/fi\/wp-json\/wp\/v2\/product_tag?post=70690"}],"curies":[{"name":"wp","href":"https:\/\/api.w.org\/{rel}","templated":true}]}}