{"id":70839,"date":"2023-01-06T16:22:14","date_gmt":"2023-01-06T13:24:03","guid":{"rendered":"https:\/\/kingarms.ee\/product\/pistoolivalaisin-gl19r\/"},"modified":"2024-08-07T15:25:53","modified_gmt":"2024-08-07T12:25:53","slug":"pustolamppu-gl19r","status":"publish","type":"product","link":"https:\/\/kingarms.ee\/fi\/product\/pustolamppu-gl19r\/","title":{"rendered":"Pistoolivalaisin GL19R"},"content":{"rendered":"<p><img loading=\"lazy\" decoding=\"async\" class=\"alignnone size-full wp-image-70814\" src=\"https:\/\/kingarms.ee\/wp-content\/uploads\/2023\/01\/1-2.jpg\" alt=\"\" width=\"850\" height=\"850\" srcset=\"https:\/\/kingarms.ee\/wp-content\/uploads\/2023\/01\/1-2.jpg 850w, https:\/\/kingarms.ee\/wp-content\/uploads\/2023\/01\/1-2-300x300.jpg 300w, https:\/\/kingarms.ee\/wp-content\/uploads\/2023\/01\/1-2-150x150.jpg 150w, https:\/\/kingarms.ee\/wp-content\/uploads\/2023\/01\/1-2-768x768.jpg 768w, https:\/\/kingarms.ee\/wp-content\/uploads\/2023\/01\/1-2-500x500.jpg 500w\" sizes=\"auto, (max-width: 850px) 100vw, 850px\" \/><\/p>\n","protected":false},"excerpt":{"rendered":"<p>Fenix GL19R on ainutlaatuinen korkean maksimivalaistusvoimakkuuden omaava pistooli- ja kiv\u00e4\u00e4ritaskulamppu. Kompaktius ja kest\u00e4vyys ovat olleet valmistusprosessin t\u00e4rkeimpi\u00e4 painopisteit\u00e4. Fenix GL19R -valaisimen enimm\u00e4isvalovoima on 1200 lumenia ja enimm\u00e4isvalovirran kantama jopa 210 metri\u00e4. Saatavilla on kaksi valonvoimakkuutta (1200 lm ja 350 lm) ja stroboskooppitila. Lamppu aktivoidaan lampun takaosassa olevilla kaksoiskytkimill\u00e4, jotka osoittavat aseen liipaisinta kohti, tai valinnaisella AER-06s-kytkimell\u00e4. Lamppu voidaan kytke\u00e4 toimimaan jatkuvasti tai vain hetkellisesti (lamppu toimii vain, kun pid\u00e4t kytkint\u00e4 alhaalla). GL19R kiinnittyy aseeseen pikakiinnityksell\u00e4, ja sen mukana toimitetaan asennuslevyt, joten se on yhteensopiva sek\u00e4 Picatinny- ett\u00e4 Glock-standardikiinnikkeiden kanssa. Fenix GL19R:n runko on valmistettu vahvasta alumiiniseoksesta ja p\u00e4\u00e4llystetty tyypin III anodisoinnilla. Virtal\u00e4hteen\u00e4 on vakiomallinen suurikapasiteettinen 18350-tyypin Li-ion-akku, johon Fenix on lis\u00e4nnyt lis\u00e4suojamoduulin ylilatausta, alilatausta, ylikuumenemista, ylij\u00e4nnitett\u00e4 ja oikosulkua vastaan. Akkua ei tarvitse irrottaa lampusta latausta varten. Valaisimessa on vakiona integroitu USB-C-latausportti suoraa latausta varten. Samaa porttia voidaan k\u00e4ytt\u00e4\u00e4 my\u00f6s valaisimen ohjaamiseen et\u00e4kytkimell\u00e4 valinnaisen Fenix AER-06 -kaukokytkimen avulla. Virtal\u00e4hteen varaustaso voidaan tarkistaa lamppuun integroidun virtal\u00e4hteen varaustason ilmaisimen avulla. Sama merkkivalo toimii my\u00f6s lampun latausprosessin ilmaisimena. Fenix GL19R on testattu vedenpit\u00e4v\u00e4 lamppu, jonka suojausluokka on IP68 2m. T\u00e4ydellisen\u00e4 pakettina toimitettuna se sis\u00e4lt\u00e4\u00e4 Fenix 1100mAh Li-ion-akun, USB-C-latauskaapelin, kiinnityslevyt Glock- ja Picatinny-kiinnikkeille, varmistusrenkaan l\u00e4piviennin ja k\u00e4ytt\u00f6ohjeen. AER-06s et\u00e4isyyskytkin on saatavana erikseen.<\/p>\n<p><strong>Huomio!<\/strong> Fenx GL19R sopii useimpiin vakiokokoisiin pistooleihin, joissa on tavallinen Glock- tai MIL-STD-1913 (Picatinny) -kiinnike. Fenix GL19R ei ole yhteensopiva Sig Sauer P226:n kanssa. Fenix GL19R on yhteensopiva vain muutaman kompaktin pistoolin, kuten Glock36\/Springfield DX:n, kanssa, joissa on vakiomalliset kiinnikkeet. Fenix GL19R ei sovellu pienoispistooleihin, joissa on lyhyt tai ei lainkaan kiinnityskiskoa.<\/p>\n","protected":false},"featured_media":70816,"template":"","meta":{"_acf_changed":false},"product_brand":[],"product_cat":[273],"product_tag":[],"class_list":{"0":"post-70839","1":"product","2":"type-product","3":"status-publish","4":"has-post-thumbnail","6":"product_cat-valaisimet","8":"first","9":"onbackorder","10":"taxable","11":"shipping-taxable","12":"product-type-simple"},"acf":[],"_links":{"self":[{"href":"https:\/\/kingarms.ee\/fi\/wp-json\/wp\/v2\/product\/70839","targetHints":{"allow":["GET"]}}],"collection":[{"href":"https:\/\/kingarms.ee\/fi\/wp-json\/wp\/v2\/product"}],"about":[{"href":"https:\/\/kingarms.ee\/fi\/wp-json\/wp\/v2\/types\/product"}],"wp:featuredmedia":[{"embeddable":true,"href":"https:\/\/kingarms.ee\/fi\/wp-json\/wp\/v2\/media\/70816"}],"wp:attachment":[{"href":"https:\/\/kingarms.ee\/fi\/wp-json\/wp\/v2\/media?parent=70839"}],"wp:term":[{"taxonomy":"product_brand","embeddable":true,"href":"https:\/\/kingarms.ee\/fi\/wp-json\/wp\/v2\/product_brand?post=70839"},{"taxonomy":"product_cat","embeddable":true,"href":"https:\/\/kingarms.ee\/fi\/wp-json\/wp\/v2\/product_cat?post=70839"},{"taxonomy":"product_tag","embeddable":true,"href":"https:\/\/kingarms.ee\/fi\/wp-json\/wp\/v2\/product_tag?post=70839"}],"curies":[{"name":"wp","href":"https:\/\/api.w.org\/{rel}","templated":true}]}}