{"id":70896,"date":"2023-01-06T16:43:19","date_gmt":"2023-01-06T13:44:44","guid":{"rendered":"https:\/\/kingarms.ee\/product\/verkkovirtalaturi-are-a2-lcd-fenix\/"},"modified":"2024-08-07T15:24:27","modified_gmt":"2024-08-07T12:24:27","slug":"verkkovirralla-toimiva-akku-laturi-a2-lcd-fenix","status":"publish","type":"product","link":"https:\/\/kingarms.ee\/fi\/product\/verkkovirralla-toimiva-akku-laturi-a2-lcd-fenix\/","title":{"rendered":"Verkkovirtalaturi ARE-A2 LCD (Fenix)"},"content":{"rendered":"<p><img loading=\"lazy\" decoding=\"async\" class=\"alignnone size-full wp-image-70871\" src=\"https:\/\/kingarms.ee\/wp-content\/uploads\/2023\/01\/1-3.jpg\" alt=\"\" width=\"850\" height=\"850\" srcset=\"https:\/\/kingarms.ee\/wp-content\/uploads\/2023\/01\/1-3.jpg 850w, https:\/\/kingarms.ee\/wp-content\/uploads\/2023\/01\/1-3-300x300.jpg 300w, https:\/\/kingarms.ee\/wp-content\/uploads\/2023\/01\/1-3-150x150.jpg 150w, https:\/\/kingarms.ee\/wp-content\/uploads\/2023\/01\/1-3-768x768.jpg 768w, https:\/\/kingarms.ee\/wp-content\/uploads\/2023\/01\/1-3-500x500.jpg 500w\" sizes=\"auto, (max-width: 850px) 100vw, 850px\" \/><\/p>\n","protected":false},"excerpt":{"rendered":"<p>Fenix ARE-A2 on automaattinen (\u00e4lyk\u00e4s) akkulaturi, jossa on kaksi itsen\u00e4ist\u00e4 latauspaikkaa ja LCD-n\u00e4ytt\u00f6, joka soveltuu yleisimpien lieri\u00f6m\u00e4isten Li-ion-, NiMH- ja NiCd-akkujen lataamiseen. Se on verkkovirtalaturi (100-240 V AC), ja se on tarkoitettu sis\u00e4k\u00e4ytt\u00f6\u00f6n. Latauspaikat ovat itsen\u00e4isi\u00e4, ja ne voivat ladata samanaikaisesti tuettuja erityisi\u00e4 akkutyyppej\u00e4 tai erikokoisia\/kapasiteetiltaan erilaisia akkuja. Latausprosessin aikana LCD-n\u00e4yt\u00f6ss\u00e4 n\u00e4kyy ladattavan akun tyyppi, lataustaso (kaaviona) ja valinnaisesti latausvirran voimakkuus, latausaika ja akun j\u00e4nnite. Tuetaan 10440-, 14500-, 16340-, 18650-, 21700- ja 26650-li-ioniparistoja sek\u00e4 AA-, AAA- ja C-kokoisia NiMh\/NiCd-paristoja. Laturissa on oikosulkusuojaus, ylivirtasuojaus, ylij\u00e4nnitesuojaus ja k\u00e4\u00e4nteisnapaussuojaus.<\/p>\n","protected":false},"featured_media":70873,"template":"","meta":{"_acf_changed":false},"product_brand":[],"product_cat":[654],"product_tag":[],"class_list":{"0":"post-70896","1":"product","2":"type-product","3":"status-publish","4":"has-post-thumbnail","6":"product_cat-lataajat","8":"first","9":"instock","10":"taxable","11":"shipping-taxable","12":"purchasable","13":"product-type-simple"},"acf":[],"_links":{"self":[{"href":"https:\/\/kingarms.ee\/fi\/wp-json\/wp\/v2\/product\/70896","targetHints":{"allow":["GET"]}}],"collection":[{"href":"https:\/\/kingarms.ee\/fi\/wp-json\/wp\/v2\/product"}],"about":[{"href":"https:\/\/kingarms.ee\/fi\/wp-json\/wp\/v2\/types\/product"}],"wp:featuredmedia":[{"embeddable":true,"href":"https:\/\/kingarms.ee\/fi\/wp-json\/wp\/v2\/media\/70873"}],"wp:attachment":[{"href":"https:\/\/kingarms.ee\/fi\/wp-json\/wp\/v2\/media?parent=70896"}],"wp:term":[{"taxonomy":"product_brand","embeddable":true,"href":"https:\/\/kingarms.ee\/fi\/wp-json\/wp\/v2\/product_brand?post=70896"},{"taxonomy":"product_cat","embeddable":true,"href":"https:\/\/kingarms.ee\/fi\/wp-json\/wp\/v2\/product_cat?post=70896"},{"taxonomy":"product_tag","embeddable":true,"href":"https:\/\/kingarms.ee\/fi\/wp-json\/wp\/v2\/product_tag?post=70896"}],"curies":[{"name":"wp","href":"https:\/\/api.w.org\/{rel}","templated":true}]}}