{"id":70929,"date":"2023-01-06T16:52:27","date_gmt":"2023-01-06T13:54:05","guid":{"rendered":"https:\/\/kingarms.ee\/product\/verkkovirtalaturi-are-a4-lcd-fenix\/"},"modified":"2024-08-07T15:23:43","modified_gmt":"2024-08-07T12:23:43","slug":"akku-laturi-ovat-a4-lcd-fenix-virtalahteella-varustettuna","status":"publish","type":"product","link":"https:\/\/kingarms.ee\/fi\/product\/akku-laturi-ovat-a4-lcd-fenix-virtalahteella-varustettuna\/","title":{"rendered":"Verkkovirtalaturi ARE-A4 LCD (Fenix)"},"content":{"rendered":"<p><img loading=\"lazy\" decoding=\"async\" class=\"alignnone size-full wp-image-70900\" src=\"https:\/\/kingarms.ee\/wp-content\/uploads\/2023\/01\/1-4.jpg\" alt=\"\" width=\"850\" height=\"850\" srcset=\"https:\/\/kingarms.ee\/wp-content\/uploads\/2023\/01\/1-4.jpg 850w, https:\/\/kingarms.ee\/wp-content\/uploads\/2023\/01\/1-4-300x300.jpg 300w, https:\/\/kingarms.ee\/wp-content\/uploads\/2023\/01\/1-4-150x150.jpg 150w, https:\/\/kingarms.ee\/wp-content\/uploads\/2023\/01\/1-4-768x768.jpg 768w, https:\/\/kingarms.ee\/wp-content\/uploads\/2023\/01\/1-4-500x500.jpg 500w\" sizes=\"auto, (max-width: 850px) 100vw, 850px\" \/><\/p>\n","protected":false},"excerpt":{"rendered":"<p>Fenix ARE-A4 on automaattinen (\u00e4lyk\u00e4s) akkulaturi, jossa on nelj\u00e4 itsen\u00e4ist\u00e4 latauspaikkaa ja LCD-n\u00e4ytt\u00f6, joka soveltuu yleisimpien lieri\u00f6m\u00e4isten Li-ion-, NiMH- ja NiCd-akkujen lataamiseen. Se on verkkovirtalaturi (100-240 V AC), ja se on tarkoitettu sis\u00e4k\u00e4ytt\u00f6\u00f6n. Latauspaikat ovat itsen\u00e4isi\u00e4, ja ne voivat ladata samanaikaisesti tuettuja erityisi\u00e4 akkutyyppej\u00e4 tai erikokoisia\/kapasiteetiltaan erilaisia akkuja. Latausprosessin aikana LCD-n\u00e4yt\u00f6ss\u00e4 n\u00e4kyy ladattavan akun tyyppi, lataustaso (kaaviona) ja valinnaisesti latausvirran voimakkuus, latausaika ja akun j\u00e4nnite. Tuetaan 10440-, 14500-, 16340-, 18650-, 21700- ja 26650-li-ioniparistoja sek\u00e4 AA-, AAA- ja C-kokoisia NiMh\/NiCd-paristoja. Laturissa on oikosulkusuojaus, ylivirtasuojaus, ylij\u00e4nnitesuojaus ja k\u00e4\u00e4nteisnapaussuojaus.<\/p>\n","protected":false},"featured_media":70902,"template":"","meta":{"_acf_changed":false},"product_brand":[],"product_cat":[654],"product_tag":[],"class_list":{"0":"post-70929","1":"product","2":"type-product","3":"status-publish","4":"has-post-thumbnail","6":"product_cat-lataajat","8":"first","9":"instock","10":"taxable","11":"shipping-taxable","12":"purchasable","13":"product-type-simple"},"acf":[],"_links":{"self":[{"href":"https:\/\/kingarms.ee\/fi\/wp-json\/wp\/v2\/product\/70929","targetHints":{"allow":["GET"]}}],"collection":[{"href":"https:\/\/kingarms.ee\/fi\/wp-json\/wp\/v2\/product"}],"about":[{"href":"https:\/\/kingarms.ee\/fi\/wp-json\/wp\/v2\/types\/product"}],"wp:featuredmedia":[{"embeddable":true,"href":"https:\/\/kingarms.ee\/fi\/wp-json\/wp\/v2\/media\/70902"}],"wp:attachment":[{"href":"https:\/\/kingarms.ee\/fi\/wp-json\/wp\/v2\/media?parent=70929"}],"wp:term":[{"taxonomy":"product_brand","embeddable":true,"href":"https:\/\/kingarms.ee\/fi\/wp-json\/wp\/v2\/product_brand?post=70929"},{"taxonomy":"product_cat","embeddable":true,"href":"https:\/\/kingarms.ee\/fi\/wp-json\/wp\/v2\/product_cat?post=70929"},{"taxonomy":"product_tag","embeddable":true,"href":"https:\/\/kingarms.ee\/fi\/wp-json\/wp\/v2\/product_tag?post=70929"}],"curies":[{"name":"wp","href":"https:\/\/api.w.org\/{rel}","templated":true}]}}