{"id":70961,"date":"2023-01-06T16:59:44","date_gmt":"2023-01-06T14:01:10","guid":{"rendered":"https:\/\/kingarms.ee\/product\/are-d2-lcd-akkulaturi-akkupankkitoiminnolla-fenix\/"},"modified":"2024-08-07T15:23:03","modified_gmt":"2024-08-07T12:23:03","slug":"akku-pankki-toimintoakku-laturi-are-d2-lcd-fenix","status":"publish","type":"product","link":"https:\/\/kingarms.ee\/fi\/product\/akku-pankki-toimintoakku-laturi-are-d2-lcd-fenix\/","title":{"rendered":"ARE-D2 LCD-akkulaturi akkupankkitoiminnolla (Fenix)"},"content":{"rendered":"<p><img loading=\"lazy\" decoding=\"async\" class=\"alignnone size-full wp-image-70932\" src=\"https:\/\/kingarms.ee\/wp-content\/uploads\/2023\/01\/1-5.jpg\" alt=\"\" width=\"380\" height=\"380\" srcset=\"https:\/\/kingarms.ee\/wp-content\/uploads\/2023\/01\/1-5.jpg 380w, https:\/\/kingarms.ee\/wp-content\/uploads\/2023\/01\/1-5-300x300.jpg 300w, https:\/\/kingarms.ee\/wp-content\/uploads\/2023\/01\/1-5-150x150.jpg 150w\" sizes=\"auto, (max-width: 380px) 100vw, 380px\" \/><\/p>\n","protected":false},"excerpt":{"rendered":"<p>Fenix ARE-D2 on automaattinen (\u00e4lyk\u00e4s) akkulaturi, jossa on kaksi itsen\u00e4ist\u00e4 latauspaikkaa ja LCD-n\u00e4ytt\u00f6, joka soveltuu yleisimpien lieri\u00f6m\u00e4isten Li-ion-, NiMH- ja NiCd-akkujen lataamiseen. Lis\u00e4ksi yksi Fenix ARE-D2:n latauspaikoista toimii my\u00f6s akkupankkina. Se on mikro-USB-k\u00e4ytt\u00f6inen laturi, jossa on USB-A-l\u00e4ht\u00f6, ja se on suunniteltu sis\u00e4k\u00e4ytt\u00f6\u00f6n. Latauspaikat ovat itsen\u00e4isi\u00e4, ja ne voivat ladata samanaikaisesti tuettuja erityisi\u00e4 akkutyyppej\u00e4 tai erikokoisia\/kapasiteetiltaan erilaisia akkuja. Latausprosessin aikana LCD-n\u00e4yt\u00f6ss\u00e4 n\u00e4kyy ladattavan akun tyyppi, lataustaso (kaaviona) ja valinnaisesti latausvirran voimakkuus, latausaika ja akun j\u00e4nnite. Lis\u00e4ksi latausvirran voimakkuus voidaan valita manuaalisesti. Akkupankkina toimiessa n\u00e4yt\u00f6ll\u00e4 n\u00e4kyy my\u00f6s latauksen purkutiedot. Tuetaan 10440-, 14500-, 16340-, 18650-, 21700- ja 26650-li-ioniparistoja sek\u00e4 AA-, AAA- ja C-kokoisia NiMh\/NiCd-paristoja. Laturissa on oikosulkusuojaus, ylivirtasuojaus, ylij\u00e4nnitesuojaus ja k\u00e4\u00e4nteisnapaussuojaus.<\/p>\n","protected":false},"featured_media":70934,"template":"","meta":{"_acf_changed":false},"product_brand":[],"product_cat":[654],"product_tag":[],"class_list":{"0":"post-70961","1":"product","2":"type-product","3":"status-publish","4":"has-post-thumbnail","6":"product_cat-lataajat","8":"first","9":"instock","10":"taxable","11":"shipping-taxable","12":"purchasable","13":"product-type-simple"},"acf":[],"_links":{"self":[{"href":"https:\/\/kingarms.ee\/fi\/wp-json\/wp\/v2\/product\/70961","targetHints":{"allow":["GET"]}}],"collection":[{"href":"https:\/\/kingarms.ee\/fi\/wp-json\/wp\/v2\/product"}],"about":[{"href":"https:\/\/kingarms.ee\/fi\/wp-json\/wp\/v2\/types\/product"}],"wp:featuredmedia":[{"embeddable":true,"href":"https:\/\/kingarms.ee\/fi\/wp-json\/wp\/v2\/media\/70934"}],"wp:attachment":[{"href":"https:\/\/kingarms.ee\/fi\/wp-json\/wp\/v2\/media?parent=70961"}],"wp:term":[{"taxonomy":"product_brand","embeddable":true,"href":"https:\/\/kingarms.ee\/fi\/wp-json\/wp\/v2\/product_brand?post=70961"},{"taxonomy":"product_cat","embeddable":true,"href":"https:\/\/kingarms.ee\/fi\/wp-json\/wp\/v2\/product_cat?post=70961"},{"taxonomy":"product_tag","embeddable":true,"href":"https:\/\/kingarms.ee\/fi\/wp-json\/wp\/v2\/product_tag?post=70961"}],"curies":[{"name":"wp","href":"https:\/\/api.w.org\/{rel}","templated":true}]}}