{"id":71049,"date":"2023-01-06T17:33:55","date_gmt":"2023-01-06T14:35:07","guid":{"rendered":"https:\/\/kingarms.ee\/product\/aer-05-etaisyyskytkin-fenix\/"},"modified":"2024-08-07T15:22:20","modified_gmt":"2024-08-07T12:22:20","slug":"distantsluliti-aer-05-fenix-2","status":"publish","type":"product","link":"https:\/\/kingarms.ee\/fi\/product\/distantsluliti-aer-05-fenix-2\/","title":{"rendered":"AER-05 et\u00e4isyyskytkin (Fenix)"},"content":{"rendered":"<p><img loading=\"lazy\" decoding=\"async\" class=\"alignnone size-full wp-image-71028\" src=\"https:\/\/kingarms.ee\/wp-content\/uploads\/2023\/01\/1-9.jpg\" alt=\"\" width=\"850\" height=\"850\" srcset=\"https:\/\/kingarms.ee\/wp-content\/uploads\/2023\/01\/1-9.jpg 850w, https:\/\/kingarms.ee\/wp-content\/uploads\/2023\/01\/1-9-300x300.jpg 300w, https:\/\/kingarms.ee\/wp-content\/uploads\/2023\/01\/1-9-150x150.jpg 150w, https:\/\/kingarms.ee\/wp-content\/uploads\/2023\/01\/1-9-768x768.jpg 768w, https:\/\/kingarms.ee\/wp-content\/uploads\/2023\/01\/1-9-500x500.jpg 500w\" sizes=\"auto, (max-width: 850px) 100vw, 850px\" \/><\/p>\n","protected":false},"excerpt":{"rendered":"<p>Fenix<\/p>\n<p>Et\u00e4isyyskytkin Fenix 21700 -k\u00e4ytt\u00f6isille taktisille taskulampuille, joissa on taktinen k\u00e4ytt\u00f6liittym\u00e4 ja kaksi painiketta takana. Et\u00e4kytkimen liipaisimessa on my\u00f6s kaksi painiketta, joiden avulla valaisin voidaan sytytt\u00e4\u00e4 hetkellisesti, kytke\u00e4 jatkuvaan toimintaan ja aktivoida stroboskooppitila (toiminnot voivat hieman vaihdella valaisimittain). Kytkimen rakenne on t\u00e4ysin vesi- ja s\u00e4\u00e4nkest\u00e4v\u00e4, ja toiminta on \u00e4\u00e4net\u00f6nt\u00e4.<\/p>\n<p>Sopii seuraaviin Fenix-taskulamppuihin:<\/p>\n<p><strong>PD36 TAC, TK16 V2.0, TK20R V2.0, HT18, HT30R<\/strong><\/p>\n<p>Jos sinulla on kysytt\u00e4v\u00e4\u00e4 et\u00e4isyyskytkimen sopivuudesta, ota yhteytt\u00e4 Taskulambid.eu:n asiakastukeen.<\/p>\n","protected":false},"featured_media":71030,"template":"","meta":{"_acf_changed":false},"product_brand":[],"product_cat":[273],"product_tag":[],"class_list":{"0":"post-71049","1":"product","2":"type-product","3":"status-publish","4":"has-post-thumbnail","6":"product_cat-valaisimet","8":"first","9":"instock","10":"taxable","11":"shipping-taxable","12":"purchasable","13":"product-type-simple"},"acf":[],"_links":{"self":[{"href":"https:\/\/kingarms.ee\/fi\/wp-json\/wp\/v2\/product\/71049","targetHints":{"allow":["GET"]}}],"collection":[{"href":"https:\/\/kingarms.ee\/fi\/wp-json\/wp\/v2\/product"}],"about":[{"href":"https:\/\/kingarms.ee\/fi\/wp-json\/wp\/v2\/types\/product"}],"wp:featuredmedia":[{"embeddable":true,"href":"https:\/\/kingarms.ee\/fi\/wp-json\/wp\/v2\/media\/71030"}],"wp:attachment":[{"href":"https:\/\/kingarms.ee\/fi\/wp-json\/wp\/v2\/media?parent=71049"}],"wp:term":[{"taxonomy":"product_brand","embeddable":true,"href":"https:\/\/kingarms.ee\/fi\/wp-json\/wp\/v2\/product_brand?post=71049"},{"taxonomy":"product_cat","embeddable":true,"href":"https:\/\/kingarms.ee\/fi\/wp-json\/wp\/v2\/product_cat?post=71049"},{"taxonomy":"product_tag","embeddable":true,"href":"https:\/\/kingarms.ee\/fi\/wp-json\/wp\/v2\/product_tag?post=71049"}],"curies":[{"name":"wp","href":"https:\/\/api.w.org\/{rel}","templated":true}]}}