{"id":71074,"date":"2023-01-06T17:47:00","date_gmt":"2023-01-06T14:48:42","guid":{"rendered":"https:\/\/kingarms.ee\/product\/aer-02-v2-0-aluekytkin-fenix\/"},"modified":"2024-08-07T15:21:37","modified_gmt":"2024-08-07T12:21:37","slug":"distantsluliti-aer-02-v2-0-fenix-2","status":"publish","type":"product","link":"https:\/\/kingarms.ee\/fi\/product\/distantsluliti-aer-02-v2-0-fenix-2\/","title":{"rendered":"AER-02 V2.0 aluekytkin (Fenix)"},"content":{"rendered":"<p><img loading=\"lazy\" decoding=\"async\" class=\"alignnone size-full wp-image-71053\" src=\"https:\/\/kingarms.ee\/wp-content\/uploads\/2023\/01\/1-10.jpg\" alt=\"\" width=\"850\" height=\"850\" srcset=\"https:\/\/kingarms.ee\/wp-content\/uploads\/2023\/01\/1-10.jpg 850w, https:\/\/kingarms.ee\/wp-content\/uploads\/2023\/01\/1-10-300x300.jpg 300w, https:\/\/kingarms.ee\/wp-content\/uploads\/2023\/01\/1-10-150x150.jpg 150w, https:\/\/kingarms.ee\/wp-content\/uploads\/2023\/01\/1-10-768x768.jpg 768w, https:\/\/kingarms.ee\/wp-content\/uploads\/2023\/01\/1-10-500x500.jpg 500w\" sizes=\"auto, (max-width: 850px) 100vw, 850px\" \/><\/p>\n","protected":false},"excerpt":{"rendered":"<p>Fenix<\/p>\n<p>Valikoimakytkin Fenixin taskulamppuja varten. Kytkimess\u00e4 on kaksi painiketta, joiden avulla voit sytytt\u00e4\u00e4 lampun hetkellisesti, kytke\u00e4 lampun p\u00e4\u00e4lle jatkuvasti ja valita lampun voimakkuuden (toiminnot voivat vaihdella hieman lampusta toiseen). Kytkimen rakenne on t\u00e4ysin vesi- ja s\u00e4\u00e4nkest\u00e4v\u00e4, ja toiminta on \u00e4\u00e4net\u00f6nt\u00e4. Et\u00e4isyyskytkimen suurin kokonaispituus on 34 cm.<\/p>\n<p>Sopii seuraaviin Fenix-taskulamppuihin:<\/p>\n<p><strong>PD35 V3.0, PD32 V2.0, UC35 V2.0, TK11TAC, FD41<\/strong><\/p>\n<p>Jos sinulla on kysytt\u00e4v\u00e4\u00e4 et\u00e4isyyskytkimen sopivuudesta, ota yhteytt\u00e4 Taskulambid.eu:n asiakastukeen.<\/p>\n","protected":false},"featured_media":71055,"template":"","meta":{"_acf_changed":false},"product_brand":[],"product_cat":[273],"product_tag":[],"class_list":{"0":"post-71074","1":"product","2":"type-product","3":"status-publish","4":"has-post-thumbnail","6":"product_cat-valaisimet","8":"first","9":"instock","10":"taxable","11":"shipping-taxable","12":"purchasable","13":"product-type-simple"},"acf":[],"_links":{"self":[{"href":"https:\/\/kingarms.ee\/fi\/wp-json\/wp\/v2\/product\/71074","targetHints":{"allow":["GET"]}}],"collection":[{"href":"https:\/\/kingarms.ee\/fi\/wp-json\/wp\/v2\/product"}],"about":[{"href":"https:\/\/kingarms.ee\/fi\/wp-json\/wp\/v2\/types\/product"}],"wp:featuredmedia":[{"embeddable":true,"href":"https:\/\/kingarms.ee\/fi\/wp-json\/wp\/v2\/media\/71055"}],"wp:attachment":[{"href":"https:\/\/kingarms.ee\/fi\/wp-json\/wp\/v2\/media?parent=71074"}],"wp:term":[{"taxonomy":"product_brand","embeddable":true,"href":"https:\/\/kingarms.ee\/fi\/wp-json\/wp\/v2\/product_brand?post=71074"},{"taxonomy":"product_cat","embeddable":true,"href":"https:\/\/kingarms.ee\/fi\/wp-json\/wp\/v2\/product_cat?post=71074"},{"taxonomy":"product_tag","embeddable":true,"href":"https:\/\/kingarms.ee\/fi\/wp-json\/wp\/v2\/product_tag?post=71074"}],"curies":[{"name":"wp","href":"https:\/\/api.w.org\/{rel}","templated":true}]}}