{"id":71095,"date":"2023-01-06T18:06:00","date_gmt":"2023-01-06T15:07:05","guid":{"rendered":"https:\/\/kingarms.ee\/product\/taskulampun-pidike-vyoklipsilla-ab02-fenix\/"},"modified":"2024-08-07T15:20:53","modified_gmt":"2024-08-07T12:20:53","slug":"clip-on-vutlar-taskulampuillea-ab02-fenix","status":"publish","type":"product","link":"https:\/\/kingarms.ee\/fi\/product\/clip-on-vutlar-taskulampuillea-ab02-fenix\/","title":{"rendered":"Taskulampun pidike vy\u00f6klipsill\u00e4 AB02 (Fenix)"},"content":{"rendered":"<p><img loading=\"lazy\" decoding=\"async\" class=\"alignnone size-full wp-image-71078\" src=\"https:\/\/kingarms.ee\/wp-content\/uploads\/2023\/01\/1-11.jpg\" alt=\"\" width=\"850\" height=\"850\" srcset=\"https:\/\/kingarms.ee\/wp-content\/uploads\/2023\/01\/1-11.jpg 850w, https:\/\/kingarms.ee\/wp-content\/uploads\/2023\/01\/1-11-300x300.jpg 300w, https:\/\/kingarms.ee\/wp-content\/uploads\/2023\/01\/1-11-150x150.jpg 150w, https:\/\/kingarms.ee\/wp-content\/uploads\/2023\/01\/1-11-768x768.jpg 768w, https:\/\/kingarms.ee\/wp-content\/uploads\/2023\/01\/1-11-500x500.jpg 500w\" sizes=\"auto, (max-width: 850px) 100vw, 850px\" \/><\/p>\n","protected":false},"excerpt":{"rendered":"<p>Fenix<\/p>\n<p>Fenix AB02 on yhdistetty taskulamppu-vy\u00f6pidike. Suunniteltu pienikokoisemmille 1*18650\/2*CR123-mallisille taskulampuille, joiden rungon halkaisija on enint\u00e4\u00e4n 25,4 mm (1&#8243;) ja p\u00e4\u00e4n halkaisija enint\u00e4\u00e4n 34 mm. Valaisimen varjostin on molemmista p\u00e4ist\u00e4 avoin, jolloin valaisin voidaan kytke\u00e4 p\u00e4\u00e4lle (takakytkimen avulla) ja pois p\u00e4\u00e4lt\u00e4. Viiri\u00e4inen kiinnitet\u00e4\u00e4n vy\u00f6h\u00f6n vahvalla integroidulla metalliklipsill\u00e4, joka on alhaalta avoin. T\u00e4m\u00e4 tarkoittaa, ett\u00e4 voit poistaa lampun ja lampunpidikkeen hihnasta milloin tahansa ja laittaa sen takaisin hihnaan, kun et en\u00e4\u00e4 tarvitse sit\u00e4. Lamppua voidaan k\u00e4\u00e4nt\u00e4\u00e4 360 astetta vy\u00f6pidikkeeseen n\u00e4hden, jossa se lukittuu 12 eri asentoon. Valaisimen valons\u00e4de voidaan siis suunnata haluttuun suuntaan ilman, ett\u00e4 valaisin irrotetaan hihnasta.<\/p>\n","protected":false},"featured_media":71080,"template":"","meta":{"_acf_changed":false},"product_brand":[],"product_cat":[646,264,273],"product_tag":[],"class_list":{"0":"post-71095","1":"product","2":"type-product","3":"status-publish","4":"has-post-thumbnail","6":"product_cat-taskut","7":"product_cat-taskut-laukut-vyot","8":"product_cat-valaisimet","10":"first","11":"instock","12":"taxable","13":"shipping-taxable","14":"purchasable","15":"product-type-simple"},"acf":[],"_links":{"self":[{"href":"https:\/\/kingarms.ee\/fi\/wp-json\/wp\/v2\/product\/71095","targetHints":{"allow":["GET"]}}],"collection":[{"href":"https:\/\/kingarms.ee\/fi\/wp-json\/wp\/v2\/product"}],"about":[{"href":"https:\/\/kingarms.ee\/fi\/wp-json\/wp\/v2\/types\/product"}],"wp:featuredmedia":[{"embeddable":true,"href":"https:\/\/kingarms.ee\/fi\/wp-json\/wp\/v2\/media\/71080"}],"wp:attachment":[{"href":"https:\/\/kingarms.ee\/fi\/wp-json\/wp\/v2\/media?parent=71095"}],"wp:term":[{"taxonomy":"product_brand","embeddable":true,"href":"https:\/\/kingarms.ee\/fi\/wp-json\/wp\/v2\/product_brand?post=71095"},{"taxonomy":"product_cat","embeddable":true,"href":"https:\/\/kingarms.ee\/fi\/wp-json\/wp\/v2\/product_cat?post=71095"},{"taxonomy":"product_tag","embeddable":true,"href":"https:\/\/kingarms.ee\/fi\/wp-json\/wp\/v2\/product_tag?post=71095"}],"curies":[{"name":"wp","href":"https:\/\/api.w.org\/{rel}","templated":true}]}}