{"id":71111,"date":"2023-01-06T18:13:25","date_gmt":"2023-01-06T15:16:26","guid":{"rendered":"https:\/\/kingarms.ee\/product\/kantolaukku-otsalampuille-akuille-ja-tarvikkeille-apb-20-fenix\/"},"modified":"2024-08-07T15:20:11","modified_gmt":"2024-08-07T12:20:11","slug":"paaakku-akut-ja-lisavarusteet-apb-20-fenix-vutlar","status":"publish","type":"product","link":"https:\/\/kingarms.ee\/fi\/product\/paaakku-akut-ja-lisavarusteet-apb-20-fenix-vutlar\/","title":{"rendered":"Kantolaukku otsalampuille, akuille ja tarvikkeille APB-20 (Fenix)"},"content":{"rendered":"<p><img loading=\"lazy\" decoding=\"async\" class=\"alignnone size-full wp-image-71098\" src=\"https:\/\/kingarms.ee\/wp-content\/uploads\/2023\/01\/1-12.jpg\" alt=\"\" width=\"850\" height=\"850\" srcset=\"https:\/\/kingarms.ee\/wp-content\/uploads\/2023\/01\/1-12.jpg 850w, https:\/\/kingarms.ee\/wp-content\/uploads\/2023\/01\/1-12-300x300.jpg 300w, https:\/\/kingarms.ee\/wp-content\/uploads\/2023\/01\/1-12-150x150.jpg 150w, https:\/\/kingarms.ee\/wp-content\/uploads\/2023\/01\/1-12-768x768.jpg 768w, https:\/\/kingarms.ee\/wp-content\/uploads\/2023\/01\/1-12-500x500.jpg 500w\" sizes=\"auto, (max-width: 850px) 100vw, 850px\" \/><\/p>\n","protected":false},"excerpt":{"rendered":"<p>Pienikokoinen, laadukas lukittava laukku akkujen, tarvikkeiden ja kompaktien taskulamppujen (my\u00f6s otsalamppujen) kuljettamiseen ja s\u00e4ilytt\u00e4miseen. Suojaa mekaanisilta vaurioilta, lialta ja kosteudelta. Valmistanut Fenix.<\/p>\n<p>Viiri\u00e4inen on muodon s\u00e4ilytt\u00e4v\u00e4 rakenne. Mitat tyhj\u00e4n\u00e4 ovat 115x80x56mm<\/p>\n","protected":false},"featured_media":71100,"template":"","meta":{"_acf_changed":false},"product_brand":[],"product_cat":[678,646,264],"product_tag":[],"class_list":{"0":"post-71111","1":"product","2":"type-product","3":"status-publish","4":"has-post-thumbnail","6":"product_cat-ajovalot","7":"product_cat-taskut","8":"product_cat-taskut-laukut-vyot","10":"first","11":"instock","12":"taxable","13":"shipping-taxable","14":"purchasable","15":"product-type-simple"},"acf":[],"_links":{"self":[{"href":"https:\/\/kingarms.ee\/fi\/wp-json\/wp\/v2\/product\/71111","targetHints":{"allow":["GET"]}}],"collection":[{"href":"https:\/\/kingarms.ee\/fi\/wp-json\/wp\/v2\/product"}],"about":[{"href":"https:\/\/kingarms.ee\/fi\/wp-json\/wp\/v2\/types\/product"}],"wp:featuredmedia":[{"embeddable":true,"href":"https:\/\/kingarms.ee\/fi\/wp-json\/wp\/v2\/media\/71100"}],"wp:attachment":[{"href":"https:\/\/kingarms.ee\/fi\/wp-json\/wp\/v2\/media?parent=71111"}],"wp:term":[{"taxonomy":"product_brand","embeddable":true,"href":"https:\/\/kingarms.ee\/fi\/wp-json\/wp\/v2\/product_brand?post=71111"},{"taxonomy":"product_cat","embeddable":true,"href":"https:\/\/kingarms.ee\/fi\/wp-json\/wp\/v2\/product_cat?post=71111"},{"taxonomy":"product_tag","embeddable":true,"href":"https:\/\/kingarms.ee\/fi\/wp-json\/wp\/v2\/product_tag?post=71111"}],"curies":[{"name":"wp","href":"https:\/\/api.w.org\/{rel}","templated":true}]}}