{"id":71270,"date":"2023-01-09T13:22:37","date_gmt":"2023-01-09T10:25:10","guid":{"rendered":"https:\/\/kingarms.ee\/product\/kohde-ankka-tyrmays-borner\/"},"modified":"2024-08-07T15:15:54","modified_gmt":"2024-08-07T12:15:54","slug":"target-mark-duck-knockdown-borner","status":"publish","type":"product","link":"https:\/\/kingarms.ee\/fi\/product\/target-mark-duck-knockdown-borner\/","title":{"rendered":"Kohde-ankka tyrm\u00e4ys (Borner)"},"content":{"rendered":"<p><img loading=\"lazy\" decoding=\"async\" class=\"alignnone size-full wp-image-71265\" src=\"https:\/\/kingarms.ee\/wp-content\/uploads\/2023\/01\/products-img_9842_150x150-750x500-1.jpg\" alt=\"\" width=\"750\" height=\"500\" srcset=\"https:\/\/kingarms.ee\/wp-content\/uploads\/2023\/01\/products-img_9842_150x150-750x500-1.jpg 750w, https:\/\/kingarms.ee\/wp-content\/uploads\/2023\/01\/products-img_9842_150x150-750x500-1-300x200.jpg 300w, https:\/\/kingarms.ee\/wp-content\/uploads\/2023\/01\/products-img_9842_150x150-750x500-1-500x333.jpg 500w, https:\/\/kingarms.ee\/wp-content\/uploads\/2023\/01\/products-img_9842_150x150-750x500-1-150x100.jpg 150w\" sizes=\"auto, (max-width: 750px) 100vw, 750px\" \/><\/p>\n","protected":false},"excerpt":{"rendered":"<p>Malli: Pellet Trap<br \/>\nTuottaja: Borner<br \/>\nAmmustyyppi: haulikot<br \/>\nPaino: 4630 g<br \/>\nMitat: 51 cm (L) x 24 cm. (korkeus) x 22 cm (leveys)<br \/>\nPitk\u00e4ik\u00e4inen kest\u00e4v\u00e4 ter\u00e4srakenne<br \/>\nTulipalo nollata tavoitteet jatkuvaa viihdett\u00e4 varten<br \/>\nNelj\u00e4 maalia, joiden mitat ovat 8,25 cm x 5,08 cm, ja yksi nollamaali, jonka halkaisija on 3,81 cm.<br \/>\nSein\u00e4kiinnitteinen tai vapaasti seisova<br \/>\nKannettava, ei vaadi kokoonpanoa<br \/>\nErinomainen sis\u00e4- ja ulkok\u00e4ytt\u00f6\u00f6n<br \/>\nV\u00e4himm\u00e4iset\u00e4isyys: 10 m<\/p>\n<p>Tuotenumero: TM (SNP-6)<\/p>\n<p>T\u00e4h\u00e4n ankkamaalilaatikkoon mahtuu 4 ankkamaalikiekkoa ja 1 patruuna. Koputa vain kaksi ulompaa er\u00e4\u00e4 alas ja paina sitten keskimm\u00e4ist\u00e4 levy\u00e4 siirt\u00e4\u00e4ksesi ulommat levyt alkuper\u00e4iseen asentoonsa. T\u00e4m\u00e4 maali on suunniteltu k\u00e4ytett\u00e4v\u00e4ksi vain 0,177 (4,5 mm) ilmakiv\u00e4\u00e4rill\u00e4.<\/p>\n","protected":false},"featured_media":71267,"template":"","meta":{"_acf_changed":false},"product_brand":[],"product_cat":[310],"product_tag":[],"class_list":{"0":"post-71270","1":"product","2":"type-product","3":"status-publish","4":"has-post-thumbnail","6":"product_cat-tavoitteet","8":"first","9":"instock","10":"taxable","11":"shipping-taxable","12":"purchasable","13":"product-type-simple"},"acf":[],"_links":{"self":[{"href":"https:\/\/kingarms.ee\/fi\/wp-json\/wp\/v2\/product\/71270","targetHints":{"allow":["GET"]}}],"collection":[{"href":"https:\/\/kingarms.ee\/fi\/wp-json\/wp\/v2\/product"}],"about":[{"href":"https:\/\/kingarms.ee\/fi\/wp-json\/wp\/v2\/types\/product"}],"wp:featuredmedia":[{"embeddable":true,"href":"https:\/\/kingarms.ee\/fi\/wp-json\/wp\/v2\/media\/71267"}],"wp:attachment":[{"href":"https:\/\/kingarms.ee\/fi\/wp-json\/wp\/v2\/media?parent=71270"}],"wp:term":[{"taxonomy":"product_brand","embeddable":true,"href":"https:\/\/kingarms.ee\/fi\/wp-json\/wp\/v2\/product_brand?post=71270"},{"taxonomy":"product_cat","embeddable":true,"href":"https:\/\/kingarms.ee\/fi\/wp-json\/wp\/v2\/product_cat?post=71270"},{"taxonomy":"product_tag","embeddable":true,"href":"https:\/\/kingarms.ee\/fi\/wp-json\/wp\/v2\/product_tag?post=71270"}],"curies":[{"name":"wp","href":"https:\/\/api.w.org\/{rel}","templated":true}]}}