{"id":71361,"date":"2023-01-09T15:43:42","date_gmt":"2023-01-09T12:48:05","guid":{"rendered":"https:\/\/kingarms.ee\/product\/metallipallot-razorgun-terasydin-devastator-cal-50-60-kpl-umarex-hdr50een\/"},"modified":"2024-08-07T15:10:17","modified_gmt":"2024-08-07T12:10:17","slug":"metal-balls-razorgun-steel-core-devastator-cal-50-60-tk-umarex-hdr50-oxides","status":"publish","type":"product","link":"https:\/\/kingarms.ee\/fi\/product\/metal-balls-razorgun-steel-core-devastator-cal-50-60-tk-umarex-hdr50-oxides\/","title":{"rendered":"Metallipallot RazorGun ter\u00e4sydin devastator cal. .50 \/ 60 kpl Umarex HDR50:een."},"content":{"rendered":"<p><img loading=\"lazy\" decoding=\"async\" class=\"alignnone size-full wp-image-71343\" src=\"https:\/\/kingarms.ee\/wp-content\/uploads\/2023\/01\/kule-metalowe-razorgun-steel-core-devastator-kal-50-60-szt-do-umarex-hdr50-abc5ff3cc73a415f90d8477d12c4f0aa-21b60ac0.jpg\" alt=\"\" width=\"628\" height=\"471\" srcset=\"https:\/\/kingarms.ee\/wp-content\/uploads\/2023\/01\/kule-metalowe-razorgun-steel-core-devastator-kal-50-60-szt-do-umarex-hdr50-abc5ff3cc73a415f90d8477d12c4f0aa-21b60ac0.jpg 628w, https:\/\/kingarms.ee\/wp-content\/uploads\/2023\/01\/kule-metalowe-razorgun-steel-core-devastator-kal-50-60-szt-do-umarex-hdr50-abc5ff3cc73a415f90d8477d12c4f0aa-21b60ac0-300x225.jpg 300w, https:\/\/kingarms.ee\/wp-content\/uploads\/2023\/01\/kule-metalowe-razorgun-steel-core-devastator-kal-50-60-szt-do-umarex-hdr50-abc5ff3cc73a415f90d8477d12c4f0aa-21b60ac0-600x450.jpg 600w, https:\/\/kingarms.ee\/wp-content\/uploads\/2023\/01\/kule-metalowe-razorgun-steel-core-devastator-kal-50-60-szt-do-umarex-hdr50-abc5ff3cc73a415f90d8477d12c4f0aa-21b60ac0-500x375.jpg 500w, https:\/\/kingarms.ee\/wp-content\/uploads\/2023\/01\/kule-metalowe-razorgun-steel-core-devastator-kal-50-60-szt-do-umarex-hdr50-abc5ff3cc73a415f90d8477d12c4f0aa-21b60ac0-150x113.jpg 150w\" sizes=\"auto, (max-width: 628px) 100vw, 628px\" \/><\/p>\n","protected":false},"excerpt":{"rendered":"<p>RazorGun HDR Steel Core Devastator .50 60 kaliiperi on T4E HDR 50 -revolveriin tarkoitettu hybridiluoti, jolle on ominaista erinomainen l\u00e4p\u00e4isykyky ja lis\u00e4\u00e4ntynyt iskukyky.<\/p>\n<p>RazorGun Devastator on erikoisluoti, jolla on suurempi tunkeuma ja joka koostuu kahdesta osasta: muovisesta stabiloivasta aeronuclesta (sabotista) ja sabotin yl\u00e4osaan upotetusta ter\u00e4skuulasta.<\/p>\n<p>Kovasta ter\u00e4ksest\u00e4 valmistetun luodink\u00e4rjen ansiosta luoti l\u00e4p\u00e4isee helposti ohuet metallilevyt, rikkoo lasin ja neutralisoi osuneet kohteet. Muovinen sabotti on aallotettu luodin lennon vakauttamiseksi, mik\u00e4 tekee RazorGun Devastatorista tarkan ja toistettavan pidemmill\u00e4 et\u00e4isyyksill\u00e4.<\/p>\n<p>RazorGun Steel Core Devastator .50 60 kaliiperi on valmistettu Puolassa. Tuotetta on haettu patenttivirastoon numerolla P.433908.<\/p>\n<p>Pallot on pakattu polymeerilaatikkoon. Setti sis\u00e4lt\u00e4\u00e4 60 kappaletta.<\/p>\n","protected":false},"featured_media":71345,"template":"","meta":{"_acf_changed":false},"product_brand":[],"product_cat":[535],"product_tag":[],"class_list":{"0":"post-71361","1":"product","2":"type-product","3":"status-publish","4":"has-post-thumbnail","6":"product_cat-kumipallot","8":"first","9":"onbackorder","10":"taxable","11":"shipping-taxable","12":"product-type-simple"},"acf":[],"_links":{"self":[{"href":"https:\/\/kingarms.ee\/fi\/wp-json\/wp\/v2\/product\/71361","targetHints":{"allow":["GET"]}}],"collection":[{"href":"https:\/\/kingarms.ee\/fi\/wp-json\/wp\/v2\/product"}],"about":[{"href":"https:\/\/kingarms.ee\/fi\/wp-json\/wp\/v2\/types\/product"}],"wp:featuredmedia":[{"embeddable":true,"href":"https:\/\/kingarms.ee\/fi\/wp-json\/wp\/v2\/media\/71345"}],"wp:attachment":[{"href":"https:\/\/kingarms.ee\/fi\/wp-json\/wp\/v2\/media?parent=71361"}],"wp:term":[{"taxonomy":"product_brand","embeddable":true,"href":"https:\/\/kingarms.ee\/fi\/wp-json\/wp\/v2\/product_brand?post=71361"},{"taxonomy":"product_cat","embeddable":true,"href":"https:\/\/kingarms.ee\/fi\/wp-json\/wp\/v2\/product_cat?post=71361"},{"taxonomy":"product_tag","embeddable":true,"href":"https:\/\/kingarms.ee\/fi\/wp-json\/wp\/v2\/product_tag?post=71361"}],"curies":[{"name":"wp","href":"https:\/\/api.w.org\/{rel}","templated":true}]}}