{"id":71415,"date":"2023-01-09T16:20:29","date_gmt":"2023-01-09T13:21:42","guid":{"rendered":"https:\/\/kingarms.ee\/product\/taitettava-kasisaha-f180-7-5\/"},"modified":"2024-08-07T15:08:08","modified_gmt":"2024-08-07T12:08:08","slug":"kokkupandav-kasisaag-f180-7-5","status":"publish","type":"product","link":"https:\/\/kingarms.ee\/fi\/product\/kokkupandav-kasisaag-f180-7-5\/","title":{"rendered":"Taitettava k\u00e4sisaha F180-7.5"},"content":{"rendered":"<p><img loading=\"lazy\" decoding=\"async\" class=\"alignnone size-full wp-image-71398\" src=\"https:\/\/kingarms.ee\/wp-content\/uploads\/2023\/01\/pila-reczna-skladana-silky-f180-7-5-d5970b60e31f43f1baf3a85bb8053efd-f7db5206.jpg\" alt=\"\" width=\"628\" height=\"471\" srcset=\"https:\/\/kingarms.ee\/wp-content\/uploads\/2023\/01\/pila-reczna-skladana-silky-f180-7-5-d5970b60e31f43f1baf3a85bb8053efd-f7db5206.jpg 628w, https:\/\/kingarms.ee\/wp-content\/uploads\/2023\/01\/pila-reczna-skladana-silky-f180-7-5-d5970b60e31f43f1baf3a85bb8053efd-f7db5206-300x225.jpg 300w, https:\/\/kingarms.ee\/wp-content\/uploads\/2023\/01\/pila-reczna-skladana-silky-f180-7-5-d5970b60e31f43f1baf3a85bb8053efd-f7db5206-600x450.jpg 600w, https:\/\/kingarms.ee\/wp-content\/uploads\/2023\/01\/pila-reczna-skladana-silky-f180-7-5-d5970b60e31f43f1baf3a85bb8053efd-f7db5206-500x375.jpg 500w, https:\/\/kingarms.ee\/wp-content\/uploads\/2023\/01\/pila-reczna-skladana-silky-f180-7-5-d5970b60e31f43f1baf3a85bb8053efd-f7db5206-150x113.jpg 150w\" sizes=\"auto, (max-width: 628px) 100vw, 628px\" \/><\/p>\n","protected":false},"excerpt":{"rendered":"<p>Silky F180-7,5 on kompakti, vain 150 g painava kokoontaitettava saha, joka on suunniteltu tuoreelle ja m\u00e4r\u00e4lle puulle.<\/p>\n<p>Silky-ammattik\u00e4ytt\u00f6\u00f6n tarkoitetut k\u00e4sisahat perustuvat vuosisataisiin perinteisiin luotettavista leikkuuty\u00f6kaluista ja modernin teknologian yhdistelm\u00e4\u00e4n. T\u00e4m\u00e4n yhdistelm\u00e4n tuloksena syntyy Silky-ty\u00f6kaluja, joilla on suuri lujuus ja ter\u00e4vyys ja jotka takaavat korkean leikkaustehokkuuden.<\/p>\n<p>Silky F180 -sarja on monipuolinen, eritt\u00e4in kevyt ja helppok\u00e4ytt\u00f6inen puusaha, joka sopii erinomaisesti peltot\u00f6ihin, puutarhanhoitoon ja kotit\u00f6ihin.<\/p>\n<p>Silky F180 -sahan ter\u00e4 on leikattu laserilla hiiliter\u00e4ksest\u00e4, joka on eritt\u00e4in joustavaa ja kest\u00e4\u00e4 hyvin tylpp\u00e4yst\u00e4. Ter\u00e4n pinta on kromattu suojaamaan korroosiolta, puunmahalta ja s\u00e4\u00e4n vahingollisilta vaikutuksilta.<\/p>\n<p>Silky-sahoissa on edistyksellinen hammastussuunnittelu ja &#8220;yl\u00f6salaisin&#8221; sahaustekniikka, joka takaa maksimaalisen mukavuuden ja minimaalisen energiankulutuksen. Tehokkuuden lis\u00e4\u00e4miseksi ter\u00e4v\u00e4t hampaat on hiottu jopa nelj\u00e4ss\u00e4 tasossa. T\u00e4rke\u00e4\u00e4 on, ett\u00e4 vain hampaiden reunat ovat induktiokarkaistuja, joten ter\u00e4n muu osa on pehme\u00e4 ja joustava, mik\u00e4 est\u00e4\u00e4 sahan rikkoutumisen k\u00e4yt\u00f6n tai v\u00e4\u00e4rink\u00e4yt\u00f6n aikana.<\/p>\n<p>Leikkuuosa on tiikerikellon muotoinen, joten ter\u00e4 ei lukkiudu leikkauksen aikana kuten useimmat markkinoilla olevat sahat. T\u00e4m\u00e4 erityinen hammasprofiili ei ainoastaan poista leikkausvastusta, vaan antaa my\u00f6s eritt\u00e4in sile\u00e4n puupinnan leikkauksen j\u00e4lkeen, ilman purseita tai rosoisia reunoja.<\/p>\n<p>Silky F180 -k\u00e4sisaha on varustettu 180 mm:n ter\u00e4ll\u00e4, jossa on 7,5 hammasta 30 mm:n ter\u00e4n pituutta kohden. T\u00e4m\u00e4 ter\u00e4 soveltuu parhaiten tuoreiden, enint\u00e4\u00e4n 90 mm paksujen oksien sahaamiseen.<\/p>\n<p>Saha on koottu siten, ett\u00e4 aggressiiviset hampaat ovat turvallisesti kahvan sis\u00e4ll\u00e4. Lukitusmekanismi mahdollistaa ter\u00e4n lukitsemisen kahteen eri asentoon tilanteen ja ty\u00f6olosuhteiden mukaan.<\/p>\n<p>F180:ss\u00e4 on polypropyleenikahva, jossa on kumiset insertit t\u00e4rin\u00e4nvaimennusta ja hyv\u00e4\u00e4 pitoa varten.<\/p>\n<p>Silky F180-7.5 on taskusaha, joka vetoaa varmasti kaikkiin selviytyjiin, pensaiden harrastajiin, mets\u00e4st\u00e4jiin ja niihin, jotka etsiv\u00e4t tehokasta ty\u00f6kalua puutarhaan tai kotipajaan.<\/p>\n<p>Silky F180 -sahassa on vaihdettavat ter\u00e4t, jotka ovat saatavilla valikoimastamme.<\/p>\n<p>&nbsp;<\/p>\n","protected":false},"featured_media":71400,"template":"","meta":{"_acf_changed":false},"product_brand":[],"product_cat":[663],"product_tag":[],"class_list":{"0":"post-71415","1":"product","2":"type-product","3":"status-publish","4":"has-post-thumbnail","6":"product_cat-saed-fi","8":"first","9":"instock","10":"taxable","11":"shipping-taxable","12":"purchasable","13":"product-type-simple"},"acf":[],"_links":{"self":[{"href":"https:\/\/kingarms.ee\/fi\/wp-json\/wp\/v2\/product\/71415","targetHints":{"allow":["GET"]}}],"collection":[{"href":"https:\/\/kingarms.ee\/fi\/wp-json\/wp\/v2\/product"}],"about":[{"href":"https:\/\/kingarms.ee\/fi\/wp-json\/wp\/v2\/types\/product"}],"wp:featuredmedia":[{"embeddable":true,"href":"https:\/\/kingarms.ee\/fi\/wp-json\/wp\/v2\/media\/71400"}],"wp:attachment":[{"href":"https:\/\/kingarms.ee\/fi\/wp-json\/wp\/v2\/media?parent=71415"}],"wp:term":[{"taxonomy":"product_brand","embeddable":true,"href":"https:\/\/kingarms.ee\/fi\/wp-json\/wp\/v2\/product_brand?post=71415"},{"taxonomy":"product_cat","embeddable":true,"href":"https:\/\/kingarms.ee\/fi\/wp-json\/wp\/v2\/product_cat?post=71415"},{"taxonomy":"product_tag","embeddable":true,"href":"https:\/\/kingarms.ee\/fi\/wp-json\/wp\/v2\/product_tag?post=71415"}],"curies":[{"name":"wp","href":"https:\/\/api.w.org\/{rel}","templated":true}]}}