{"id":71473,"date":"2023-01-09T17:29:44","date_gmt":"2023-01-09T14:33:50","guid":{"rendered":"https:\/\/kingarms.ee\/product\/universal-kabura-vasemmalle-kadelle-musta-royal\/"},"modified":"2024-08-07T15:04:32","modified_gmt":"2024-08-07T12:04:32","slug":"universal-kabura-vasakaeele-musta-royal","status":"publish","type":"product","link":"https:\/\/kingarms.ee\/fi\/product\/universal-kabura-vasakaeele-musta-royal\/","title":{"rendered":"Universal kabura vasemmalle k\u00e4delle musta (Royal)"},"content":{"rendered":"<p><img loading=\"lazy\" decoding=\"async\" class=\"alignnone size-full wp-image-71468\" src=\"https:\/\/kingarms.ee\/wp-content\/uploads\/2023\/01\/royal-fondina-universale-per-mancini-nera-rp-1017b.jpg\" alt=\"\" width=\"1000\" height=\"1000\" srcset=\"https:\/\/kingarms.ee\/wp-content\/uploads\/2023\/01\/royal-fondina-universale-per-mancini-nera-rp-1017b.jpg 1000w, https:\/\/kingarms.ee\/wp-content\/uploads\/2023\/01\/royal-fondina-universale-per-mancini-nera-rp-1017b-300x300.jpg 300w, https:\/\/kingarms.ee\/wp-content\/uploads\/2023\/01\/royal-fondina-universale-per-mancini-nera-rp-1017b-150x150.jpg 150w, https:\/\/kingarms.ee\/wp-content\/uploads\/2023\/01\/royal-fondina-universale-per-mancini-nera-rp-1017b-768x768.jpg 768w, https:\/\/kingarms.ee\/wp-content\/uploads\/2023\/01\/royal-fondina-universale-per-mancini-nera-rp-1017b-500x500.jpg 500w\" sizes=\"auto, (max-width: 1000px) 100vw, 1000px\" \/><\/p>\n","protected":false},"excerpt":{"rendered":"<p>Yleinen ruutulauta<br \/>\nVain vasen k\u00e4si<br \/>\nMolle-j\u00e4rjestelm\u00e4n kiinnitys<br \/>\nSulkeminen s\u00e4\u00e4dett\u00e4v\u00e4ll\u00e4 l\u00e4p\u00e4ll\u00e4<br \/>\nLehden etutasku takal\u00e4p\u00e4ll\u00e4<br \/>\nMusta v\u00e4ri<\/p>\n","protected":false},"featured_media":88181,"template":"","meta":{"_acf_changed":false},"product_brand":[],"product_cat":[244],"product_tag":[],"class_list":{"0":"post-71473","1":"product","2":"type-product","3":"status-publish","4":"has-post-thumbnail","6":"product_cat-holsters-fi","8":"first","9":"instock","10":"taxable","11":"shipping-taxable","12":"purchasable","13":"product-type-simple"},"acf":[],"_links":{"self":[{"href":"https:\/\/kingarms.ee\/fi\/wp-json\/wp\/v2\/product\/71473","targetHints":{"allow":["GET"]}}],"collection":[{"href":"https:\/\/kingarms.ee\/fi\/wp-json\/wp\/v2\/product"}],"about":[{"href":"https:\/\/kingarms.ee\/fi\/wp-json\/wp\/v2\/types\/product"}],"wp:featuredmedia":[{"embeddable":true,"href":"https:\/\/kingarms.ee\/fi\/wp-json\/wp\/v2\/media\/88181"}],"wp:attachment":[{"href":"https:\/\/kingarms.ee\/fi\/wp-json\/wp\/v2\/media?parent=71473"}],"wp:term":[{"taxonomy":"product_brand","embeddable":true,"href":"https:\/\/kingarms.ee\/fi\/wp-json\/wp\/v2\/product_brand?post=71473"},{"taxonomy":"product_cat","embeddable":true,"href":"https:\/\/kingarms.ee\/fi\/wp-json\/wp\/v2\/product_cat?post=71473"},{"taxonomy":"product_tag","embeddable":true,"href":"https:\/\/kingarms.ee\/fi\/wp-json\/wp\/v2\/product_tag?post=71473"}],"curies":[{"name":"wp","href":"https:\/\/api.w.org\/{rel}","templated":true}]}}