{"id":71498,"date":"2023-01-09T18:13:36","date_gmt":"2023-01-09T15:15:51","guid":{"rendered":"https:\/\/kingarms.ee\/product\/vihrea-universaali-kova-kabura-wosport\/"},"modified":"2024-08-07T15:02:57","modified_gmt":"2024-08-07T12:02:57","slug":"universal-hard-cabura-vihrea-wosport","status":"publish","type":"product","link":"https:\/\/kingarms.ee\/fi\/product\/universal-hard-cabura-vihrea-wosport\/","title":{"rendered":"Vihre\u00e4 universaali kova kabura (Wosport)"},"content":{"rendered":"<p><img loading=\"lazy\" decoding=\"async\" class=\"alignnone size-full wp-image-71493\" src=\"https:\/\/kingarms.ee\/wp-content\/uploads\/2023\/01\/wosport-fondina-rigida-universale-1-verde-wo-gb35v.jpg\" alt=\"\" width=\"600\" height=\"600\" srcset=\"https:\/\/kingarms.ee\/wp-content\/uploads\/2023\/01\/wosport-fondina-rigida-universale-1-verde-wo-gb35v.jpg 600w, https:\/\/kingarms.ee\/wp-content\/uploads\/2023\/01\/wosport-fondina-rigida-universale-1-verde-wo-gb35v-300x300.jpg 300w, https:\/\/kingarms.ee\/wp-content\/uploads\/2023\/01\/wosport-fondina-rigida-universale-1-verde-wo-gb35v-150x150.jpg 150w, https:\/\/kingarms.ee\/wp-content\/uploads\/2023\/01\/wosport-fondina-rigida-universale-1-verde-wo-gb35v-500x500.jpg 500w\" sizes=\"auto, (max-width: 600px) 100vw, 600px\" \/><\/p>\n","protected":false},"excerpt":{"rendered":"<p>Wosport<\/p>\n<p>Valmis nailonkuitu<br \/>\nS\u00e4\u00e4dett\u00e4v\u00e4 hihnan pituus<br \/>\nS\u00e4\u00e4dett\u00e4viss\u00e4 malleihin glock 17-18c-20-21-22-37, h&amp;k p30l-45-vp40, s&amp;w m&amp;p 22-m&amp;p 45 4.5-m&amp;p 9mm,40-sw40f, sig p226 norailus9mm, 2 norailus9mm.<br \/>\nMitat cm 16&#215;10<br \/>\nPaino 160g<\/p>\n","protected":false},"featured_media":90297,"template":"","meta":{"_acf_changed":false},"product_brand":[],"product_cat":[244],"product_tag":[],"class_list":{"0":"post-71498","1":"product","2":"type-product","3":"status-publish","4":"has-post-thumbnail","6":"product_cat-holsters-fi","8":"first","9":"instock","10":"taxable","11":"shipping-taxable","12":"purchasable","13":"product-type-simple"},"acf":[],"_links":{"self":[{"href":"https:\/\/kingarms.ee\/fi\/wp-json\/wp\/v2\/product\/71498","targetHints":{"allow":["GET"]}}],"collection":[{"href":"https:\/\/kingarms.ee\/fi\/wp-json\/wp\/v2\/product"}],"about":[{"href":"https:\/\/kingarms.ee\/fi\/wp-json\/wp\/v2\/types\/product"}],"wp:featuredmedia":[{"embeddable":true,"href":"https:\/\/kingarms.ee\/fi\/wp-json\/wp\/v2\/media\/90297"}],"wp:attachment":[{"href":"https:\/\/kingarms.ee\/fi\/wp-json\/wp\/v2\/media?parent=71498"}],"wp:term":[{"taxonomy":"product_brand","embeddable":true,"href":"https:\/\/kingarms.ee\/fi\/wp-json\/wp\/v2\/product_brand?post=71498"},{"taxonomy":"product_cat","embeddable":true,"href":"https:\/\/kingarms.ee\/fi\/wp-json\/wp\/v2\/product_cat?post=71498"},{"taxonomy":"product_tag","embeddable":true,"href":"https:\/\/kingarms.ee\/fi\/wp-json\/wp\/v2\/product_tag?post=71498"}],"curies":[{"name":"wp","href":"https:\/\/api.w.org\/{rel}","templated":true}]}}