{"id":71506,"date":"2023-01-09T18:31:15","date_gmt":"2023-01-09T15:33:16","guid":{"rendered":"https:\/\/kingarms.ee\/product\/universal-kova-kabura-vihrea\/"},"modified":"2024-08-07T15:01:56","modified_gmt":"2024-08-07T12:01:56","slug":"universal-hard-cabura-vihrea","status":"publish","type":"product","link":"https:\/\/kingarms.ee\/fi\/product\/universal-hard-cabura-vihrea\/","title":{"rendered":"Universal kova kabura vihre\u00e4"},"content":{"rendered":"<p><img loading=\"lazy\" decoding=\"async\" class=\"alignnone size-full wp-image-71501\" src=\"https:\/\/kingarms.ee\/wp-content\/uploads\/2023\/01\/wosport-fondina-rigida-universale-2-verde-wo-gb34v.jpg\" alt=\"\" width=\"600\" height=\"600\" srcset=\"https:\/\/kingarms.ee\/wp-content\/uploads\/2023\/01\/wosport-fondina-rigida-universale-2-verde-wo-gb34v.jpg 600w, https:\/\/kingarms.ee\/wp-content\/uploads\/2023\/01\/wosport-fondina-rigida-universale-2-verde-wo-gb34v-300x300.jpg 300w, https:\/\/kingarms.ee\/wp-content\/uploads\/2023\/01\/wosport-fondina-rigida-universale-2-verde-wo-gb34v-150x150.jpg 150w, https:\/\/kingarms.ee\/wp-content\/uploads\/2023\/01\/wosport-fondina-rigida-universale-2-verde-wo-gb34v-500x500.jpg 500w\" sizes=\"auto, (max-width: 600px) 100vw, 600px\" \/><\/p>\n","protected":false},"excerpt":{"rendered":"<p>kabura<\/p>\n<p>Valmis nailonkuitu<br \/>\nS\u00e4\u00e4dett\u00e4v\u00e4 hihnan pituus<br \/>\nS\u00e4\u00e4dett\u00e4viss\u00e4 malleihin glock 19-23-38, h&amp;k 45-p30-vp9-45c-usp compact, ruger 9e-sr40, s&amp;w m&amp;p 45 4, sig 225 no rail 9mm, springfield xds 45mm, springfield xds 45, springfield xds 45.<br \/>\nMitat cm 14,5&#215;10<br \/>\nPaino 120g<\/p>\n","protected":false},"featured_media":90293,"template":"","meta":{"_acf_changed":false},"product_brand":[],"product_cat":[244],"product_tag":[],"class_list":{"0":"post-71506","1":"product","2":"type-product","3":"status-publish","4":"has-post-thumbnail","6":"product_cat-holsters-fi","8":"first","9":"instock","10":"taxable","11":"shipping-taxable","12":"purchasable","13":"product-type-simple"},"acf":[],"_links":{"self":[{"href":"https:\/\/kingarms.ee\/fi\/wp-json\/wp\/v2\/product\/71506","targetHints":{"allow":["GET"]}}],"collection":[{"href":"https:\/\/kingarms.ee\/fi\/wp-json\/wp\/v2\/product"}],"about":[{"href":"https:\/\/kingarms.ee\/fi\/wp-json\/wp\/v2\/types\/product"}],"wp:featuredmedia":[{"embeddable":true,"href":"https:\/\/kingarms.ee\/fi\/wp-json\/wp\/v2\/media\/90293"}],"wp:attachment":[{"href":"https:\/\/kingarms.ee\/fi\/wp-json\/wp\/v2\/media?parent=71506"}],"wp:term":[{"taxonomy":"product_brand","embeddable":true,"href":"https:\/\/kingarms.ee\/fi\/wp-json\/wp\/v2\/product_brand?post=71506"},{"taxonomy":"product_cat","embeddable":true,"href":"https:\/\/kingarms.ee\/fi\/wp-json\/wp\/v2\/product_cat?post=71506"},{"taxonomy":"product_tag","embeddable":true,"href":"https:\/\/kingarms.ee\/fi\/wp-json\/wp\/v2\/product_tag?post=71506"}],"curies":[{"name":"wp","href":"https:\/\/api.w.org\/{rel}","templated":true}]}}