{"id":71565,"date":"2023-01-10T12:13:51","date_gmt":"2023-01-10T09:15:30","guid":{"rendered":"https:\/\/kingarms.ee\/product\/taktinen-liivi-multicam-royal\/"},"modified":"2024-08-07T14:58:03","modified_gmt":"2024-08-07T11:58:03","slug":"taktinen-liivi-multicam-royal","status":"publish","type":"product","link":"https:\/\/kingarms.ee\/fi\/product\/taktinen-liivi-multicam-royal\/","title":{"rendered":"Taktinen liivi multicam (Royal)"},"content":{"rendered":"<p><img loading=\"lazy\" decoding=\"async\" class=\"alignnone size-full wp-image-71556\" src=\"https:\/\/kingarms.ee\/wp-content\/uploads\/2023\/01\/royal-tactical-vest-multicam-v1026mul.jpg\" alt=\"\" width=\"1000\" height=\"1000\" srcset=\"https:\/\/kingarms.ee\/wp-content\/uploads\/2023\/01\/royal-tactical-vest-multicam-v1026mul.jpg 1000w, https:\/\/kingarms.ee\/wp-content\/uploads\/2023\/01\/royal-tactical-vest-multicam-v1026mul-300x300.jpg 300w, https:\/\/kingarms.ee\/wp-content\/uploads\/2023\/01\/royal-tactical-vest-multicam-v1026mul-150x150.jpg 150w, https:\/\/kingarms.ee\/wp-content\/uploads\/2023\/01\/royal-tactical-vest-multicam-v1026mul-768x768.jpg 768w, https:\/\/kingarms.ee\/wp-content\/uploads\/2023\/01\/royal-tactical-vest-multicam-v1026mul-500x500.jpg 500w\" sizes=\"auto, (max-width: 1000px) 100vw, 1000px\" \/><\/p>\n","protected":false},"excerpt":{"rendered":"<p>Taktinen liivi<br \/>\nCordura-materiaali<br \/>\nSis\u00e4inen pehmuste<br \/>\nJousitusj\u00e4rjestelm\u00e4 koko taktisen takin yli<br \/>\n1x tasku lippul\u00e4p\u00e4ll\u00e4 ja sis\u00e4isell\u00e4 ripustusj\u00e4rjestelm\u00e4ll\u00e4, mitat 200mm x 160mm.<br \/>\n1x kolmionmuotoisen kukon k\u00e4ytt\u00f6, kokonaiskoko 245mm x 250mm.<br \/>\n1x kaksoiskannatin, jossa on ripustin ja joustava sulkeminen, kokonaiskoko 165mm x 250mm.<br \/>\n2x pistoolin lataustasku, jossa on tikunpidike, kokonaiskoko 50mm x 14mm.<br \/>\n1x admin tasku kirjonta ompelemalla, kaksinkertainen leikkaus ja patch t tarranauha, koko 175mm x 150mm.<br \/>\n1x radiotasku, jossa kiinnitys ja joustava sulkeminen, koko 80mm x 190mm.<br \/>\nKaikki taskut on kiinnitetty jousitusj\u00e4rjestelm\u00e4ll\u00e4, taktinen t\u00e4ysin konfiguroitavissa.<br \/>\nS\u00e4\u00e4dett\u00e4v\u00e4t olkahihnat<br \/>\nS\u00e4\u00e4dett\u00e4v\u00e4 leveys tarrakiinnityksell\u00e4<br \/>\nYksi koko<br \/>\nMulticam naamiointi<\/p>\n","protected":false},"featured_media":94951,"template":"","meta":{"_acf_changed":false},"product_brand":[],"product_cat":[265],"product_tag":[],"class_list":{"0":"post-71565","1":"product","2":"type-product","3":"status-publish","4":"has-post-thumbnail","6":"product_cat-takit-ja-valjaat","8":"first","9":"instock","10":"taxable","11":"shipping-taxable","12":"purchasable","13":"product-type-simple"},"acf":[],"_links":{"self":[{"href":"https:\/\/kingarms.ee\/fi\/wp-json\/wp\/v2\/product\/71565","targetHints":{"allow":["GET"]}}],"collection":[{"href":"https:\/\/kingarms.ee\/fi\/wp-json\/wp\/v2\/product"}],"about":[{"href":"https:\/\/kingarms.ee\/fi\/wp-json\/wp\/v2\/types\/product"}],"wp:featuredmedia":[{"embeddable":true,"href":"https:\/\/kingarms.ee\/fi\/wp-json\/wp\/v2\/media\/94951"}],"wp:attachment":[{"href":"https:\/\/kingarms.ee\/fi\/wp-json\/wp\/v2\/media?parent=71565"}],"wp:term":[{"taxonomy":"product_brand","embeddable":true,"href":"https:\/\/kingarms.ee\/fi\/wp-json\/wp\/v2\/product_brand?post=71565"},{"taxonomy":"product_cat","embeddable":true,"href":"https:\/\/kingarms.ee\/fi\/wp-json\/wp\/v2\/product_cat?post=71565"},{"taxonomy":"product_tag","embeddable":true,"href":"https:\/\/kingarms.ee\/fi\/wp-json\/wp\/v2\/product_tag?post=71565"}],"curies":[{"name":"wp","href":"https:\/\/api.w.org\/{rel}","templated":true}]}}