{"id":71574,"date":"2023-01-10T12:22:41","date_gmt":"2023-01-10T09:24:12","guid":{"rendered":"https:\/\/kingarms.ee\/product\/taktinen-liivi-multicam-royal-2\/"},"modified":"2024-08-07T14:57:20","modified_gmt":"2024-08-07T11:57:20","slug":"taktinen-liivi-multicam-royal-2","status":"publish","type":"product","link":"https:\/\/kingarms.ee\/fi\/product\/taktinen-liivi-multicam-royal-2\/","title":{"rendered":"Taktinen liivi multicam (Royal)"},"content":{"rendered":"<p><img loading=\"lazy\" decoding=\"async\" class=\"alignnone size-full wp-image-71569\" src=\"https:\/\/kingarms.ee\/wp-content\/uploads\/2023\/01\/royal-tactical-vest-multicam-rp-81mul.jpg\" alt=\"\" width=\"1000\" height=\"1000\" srcset=\"https:\/\/kingarms.ee\/wp-content\/uploads\/2023\/01\/royal-tactical-vest-multicam-rp-81mul.jpg 1000w, https:\/\/kingarms.ee\/wp-content\/uploads\/2023\/01\/royal-tactical-vest-multicam-rp-81mul-300x300.jpg 300w, https:\/\/kingarms.ee\/wp-content\/uploads\/2023\/01\/royal-tactical-vest-multicam-rp-81mul-150x150.jpg 150w, https:\/\/kingarms.ee\/wp-content\/uploads\/2023\/01\/royal-tactical-vest-multicam-rp-81mul-768x768.jpg 768w, https:\/\/kingarms.ee\/wp-content\/uploads\/2023\/01\/royal-tactical-vest-multicam-rp-81mul-500x500.jpg 500w\" sizes=\"auto, (max-width: 1000px) 100vw, 1000px\" \/><\/p>\n","protected":false},"excerpt":{"rendered":"<p>Taktinen liivi kehon suojaus valo<br \/>\nSivuaukko tarranauhalla ja klipsis\u00e4\u00e4d\u00f6ll\u00e4<br \/>\nPikalukitus metallivaijereilla<br \/>\nEtu- ja takapy\u00f6r\u00e4n hihnapy\u00f6r\u00e4n kannattimet<br \/>\nS\u00e4\u00e4dett\u00e4v\u00e4t olkahihnat tarranauhalla suljettuna<br \/>\n1x hallintatasku, jossa on ompeleet laastareille ja tarranauhalaastareille.<br \/>\n3x kaksinkertaisen reunuksen laturitaskuja, joissa on joustava ja tarranauhasuljin<br \/>\n1x suuri pystysuora ty\u00f6laukku, kaksinkertainen lippukannatin ja vy\u00f6nsoljet muiden suojusten kiinnitt\u00e4mist\u00e4 varten k\u00e4ytt\u00f6\u00e4 varten.<br \/>\n1x vetoketjullinen radiotasku<br \/>\nKaikki taskut ovat irrotettavissa ja siirrett\u00e4viss\u00e4 ripustusj\u00e4rjestelm\u00e4n avulla.<br \/>\nEsivalmisteltu kilpe\u00e4 varten (ei sis\u00e4lly).<br \/>\nYksi koko s\u00e4\u00e4dett\u00e4viss\u00e4<br \/>\nV\u00e4ri multicam<\/p>\n","protected":false},"featured_media":90201,"template":"","meta":{"_acf_changed":false},"product_brand":[],"product_cat":[265],"product_tag":[],"class_list":{"0":"post-71574","1":"product","2":"type-product","3":"status-publish","4":"has-post-thumbnail","6":"product_cat-takit-ja-valjaat","8":"first","9":"instock","10":"taxable","11":"shipping-taxable","12":"purchasable","13":"product-type-simple"},"acf":[],"_links":{"self":[{"href":"https:\/\/kingarms.ee\/fi\/wp-json\/wp\/v2\/product\/71574","targetHints":{"allow":["GET"]}}],"collection":[{"href":"https:\/\/kingarms.ee\/fi\/wp-json\/wp\/v2\/product"}],"about":[{"href":"https:\/\/kingarms.ee\/fi\/wp-json\/wp\/v2\/types\/product"}],"wp:featuredmedia":[{"embeddable":true,"href":"https:\/\/kingarms.ee\/fi\/wp-json\/wp\/v2\/media\/90201"}],"wp:attachment":[{"href":"https:\/\/kingarms.ee\/fi\/wp-json\/wp\/v2\/media?parent=71574"}],"wp:term":[{"taxonomy":"product_brand","embeddable":true,"href":"https:\/\/kingarms.ee\/fi\/wp-json\/wp\/v2\/product_brand?post=71574"},{"taxonomy":"product_cat","embeddable":true,"href":"https:\/\/kingarms.ee\/fi\/wp-json\/wp\/v2\/product_cat?post=71574"},{"taxonomy":"product_tag","embeddable":true,"href":"https:\/\/kingarms.ee\/fi\/wp-json\/wp\/v2\/product_tag?post=71574"}],"curies":[{"name":"wp","href":"https:\/\/api.w.org\/{rel}","templated":true}]}}