{"id":71590,"date":"2023-01-10T12:30:55","date_gmt":"2023-01-10T09:40:10","guid":{"rendered":"https:\/\/kingarms.ee\/product\/taktinen-liivi-oliivinvarinen-royal\/"},"modified":"2024-08-07T14:56:36","modified_gmt":"2024-08-07T11:56:36","slug":"taktinen-vest-olive-drab-royal","status":"publish","type":"product","link":"https:\/\/kingarms.ee\/fi\/product\/taktinen-vest-olive-drab-royal\/","title":{"rendered":"Taktinen liivi oliivinv\u00e4rinen (Royal)"},"content":{"rendered":"<p><img loading=\"lazy\" decoding=\"async\" class=\"alignnone size-full wp-image-71577\" src=\"https:\/\/kingarms.ee\/wp-content\/uploads\/2023\/01\/royal-tactical-vest-olive-drab-vt-1104v.jpg\" alt=\"\" width=\"1000\" height=\"1000\" srcset=\"https:\/\/kingarms.ee\/wp-content\/uploads\/2023\/01\/royal-tactical-vest-olive-drab-vt-1104v.jpg 1000w, https:\/\/kingarms.ee\/wp-content\/uploads\/2023\/01\/royal-tactical-vest-olive-drab-vt-1104v-300x300.jpg 300w, https:\/\/kingarms.ee\/wp-content\/uploads\/2023\/01\/royal-tactical-vest-olive-drab-vt-1104v-150x150.jpg 150w, https:\/\/kingarms.ee\/wp-content\/uploads\/2023\/01\/royal-tactical-vest-olive-drab-vt-1104v-768x768.jpg 768w, https:\/\/kingarms.ee\/wp-content\/uploads\/2023\/01\/royal-tactical-vest-olive-drab-vt-1104v-500x500.jpg 500w\" sizes=\"auto, (max-width: 1000px) 100vw, 1000px\" \/><\/p>\n","protected":false},"excerpt":{"rendered":"<p>Taktinen liivi<br \/>\nValmistettu eritt\u00e4in kest\u00e4v\u00e4st\u00e4 polyesterist\u00e4<br \/>\nSivuaukko, jossa takin s\u00e4\u00e4t\u00f6 ja klipsi<br \/>\nNopea irrotus metallikaapeleiden l\u00e4pi<br \/>\nTakausta edelt\u00e4v\u00e4t ja sen j\u00e4lkeiset vy\u00f6t<br \/>\nTarranauhalla s\u00e4\u00e4dett\u00e4v\u00e4t olkahihnat<br \/>\n1x hallinnollinen pussi, jossa on pistoolin lipaspidike ja muovinen kiristysnauha, jossa on kiinnityslenkki<br \/>\n3x joustava ja vaippainen lipastopussi aseelle<br \/>\n1x suuri pystysuora tasku, jossa on kaksinkertainen vetoketjukiinnitys ja nauhahihnat lis\u00e4laskujen kiinnitt\u00e4mist\u00e4 varten.<br \/>\nKaikki taskut ovat irrotettavia ja siirrett\u00e4viss\u00e4 molle-j\u00e4rjestelm\u00e4n avulla.<br \/>\nValmisteltu suojalevy\u00e4 varten (ei sis\u00e4lly)<br \/>\nYksi koko s\u00e4\u00e4dett\u00e4viss\u00e4<br \/>\nMitat 600mm x 490mm x (max) 300mm<br \/>\nOliivinv\u00e4rinen v\u00e4ri<\/p>\n","protected":false},"featured_media":90273,"template":"","meta":{"_acf_changed":false},"product_brand":[],"product_cat":[265],"product_tag":[],"class_list":{"0":"post-71590","1":"product","2":"type-product","3":"status-publish","4":"has-post-thumbnail","6":"product_cat-takit-ja-valjaat","8":"first","9":"instock","10":"taxable","11":"shipping-taxable","12":"purchasable","13":"product-type-simple"},"acf":[],"_links":{"self":[{"href":"https:\/\/kingarms.ee\/fi\/wp-json\/wp\/v2\/product\/71590","targetHints":{"allow":["GET"]}}],"collection":[{"href":"https:\/\/kingarms.ee\/fi\/wp-json\/wp\/v2\/product"}],"about":[{"href":"https:\/\/kingarms.ee\/fi\/wp-json\/wp\/v2\/types\/product"}],"wp:featuredmedia":[{"embeddable":true,"href":"https:\/\/kingarms.ee\/fi\/wp-json\/wp\/v2\/media\/90273"}],"wp:attachment":[{"href":"https:\/\/kingarms.ee\/fi\/wp-json\/wp\/v2\/media?parent=71590"}],"wp:term":[{"taxonomy":"product_brand","embeddable":true,"href":"https:\/\/kingarms.ee\/fi\/wp-json\/wp\/v2\/product_brand?post=71590"},{"taxonomy":"product_cat","embeddable":true,"href":"https:\/\/kingarms.ee\/fi\/wp-json\/wp\/v2\/product_cat?post=71590"},{"taxonomy":"product_tag","embeddable":true,"href":"https:\/\/kingarms.ee\/fi\/wp-json\/wp\/v2\/product_tag?post=71590"}],"curies":[{"name":"wp","href":"https:\/\/api.w.org\/{rel}","templated":true}]}}