{"id":71608,"date":"2023-01-10T12:55:00","date_gmt":"2023-01-10T09:56:55","guid":{"rendered":"https:\/\/kingarms.ee\/product\/taktiset-liivit-multicam-js-tactical\/"},"modified":"2024-08-07T14:55:12","modified_gmt":"2024-08-07T11:55:12","slug":"taktinen-liivi-multicam-js-taktinen","status":"publish","type":"product","link":"https:\/\/kingarms.ee\/fi\/product\/taktinen-liivi-multicam-js-taktinen\/","title":{"rendered":"Taktiset liivit multicam (Js-tactical)"},"content":{"rendered":"<p><img loading=\"lazy\" decoding=\"async\" class=\"alignnone size-full wp-image-71602\" src=\"https:\/\/kingarms.ee\/wp-content\/uploads\/2023\/01\/js-1857m.jpg\" alt=\"\" width=\"600\" height=\"600\" srcset=\"https:\/\/kingarms.ee\/wp-content\/uploads\/2023\/01\/js-1857m.jpg 600w, https:\/\/kingarms.ee\/wp-content\/uploads\/2023\/01\/js-1857m-300x300.jpg 300w, https:\/\/kingarms.ee\/wp-content\/uploads\/2023\/01\/js-1857m-150x150.jpg 150w, https:\/\/kingarms.ee\/wp-content\/uploads\/2023\/01\/js-1857m-500x500.jpg 500w\" sizes=\"auto, (max-width: 600px) 100vw, 600px\" \/><\/p>\n","protected":false},"excerpt":{"rendered":"<p>Taktinen liivi<br \/>\nSisustus hengitt\u00e4v\u00e4ll\u00e4 materiaalilla<br \/>\nMukana tulee esine ja kiinnitys kiinni laatat<br \/>\n3 lipastaskua edess\u00e4<br \/>\nEtu- ja takaosan vetoj\u00e4rjestelm\u00e4<br \/>\nTarranauha edess\u00e4<br \/>\nYksi koko s\u00e4\u00e4dett\u00e4viss\u00e4 kyyn\u00e4rvarren kautta<\/p>\n","protected":false},"featured_media":90177,"template":"","meta":{"_acf_changed":false},"product_brand":[],"product_cat":[265],"product_tag":[],"class_list":{"0":"post-71608","1":"product","2":"type-product","3":"status-publish","4":"has-post-thumbnail","6":"product_cat-takit-ja-valjaat","8":"first","9":"instock","10":"taxable","11":"shipping-taxable","12":"purchasable","13":"product-type-simple"},"acf":[],"_links":{"self":[{"href":"https:\/\/kingarms.ee\/fi\/wp-json\/wp\/v2\/product\/71608","targetHints":{"allow":["GET"]}}],"collection":[{"href":"https:\/\/kingarms.ee\/fi\/wp-json\/wp\/v2\/product"}],"about":[{"href":"https:\/\/kingarms.ee\/fi\/wp-json\/wp\/v2\/types\/product"}],"wp:featuredmedia":[{"embeddable":true,"href":"https:\/\/kingarms.ee\/fi\/wp-json\/wp\/v2\/media\/90177"}],"wp:attachment":[{"href":"https:\/\/kingarms.ee\/fi\/wp-json\/wp\/v2\/media?parent=71608"}],"wp:term":[{"taxonomy":"product_brand","embeddable":true,"href":"https:\/\/kingarms.ee\/fi\/wp-json\/wp\/v2\/product_brand?post=71608"},{"taxonomy":"product_cat","embeddable":true,"href":"https:\/\/kingarms.ee\/fi\/wp-json\/wp\/v2\/product_cat?post=71608"},{"taxonomy":"product_tag","embeddable":true,"href":"https:\/\/kingarms.ee\/fi\/wp-json\/wp\/v2\/product_tag?post=71608"}],"curies":[{"name":"wp","href":"https:\/\/api.w.org\/{rel}","templated":true}]}}