{"id":72691,"date":"2023-01-13T16:29:29","date_gmt":"2023-01-13T13:30:46","guid":{"rendered":"https:\/\/kingarms.ee\/product\/magneettiklipsi-hihnan-kiinnityksessa\/"},"modified":"2024-08-07T14:40:54","modified_gmt":"2024-08-07T11:40:54","slug":"hihnakiinnitys-kiinnitys-paikallaan-magneettikiinnike","status":"publish","type":"product","link":"https:\/\/kingarms.ee\/fi\/product\/hihnakiinnitys-kiinnitys-paikallaan-magneettikiinnike\/","title":{"rendered":"Magneettikiinnike hihnassa (Guardian Angel)"},"content":{"rendered":"<p><img loading=\"lazy\" decoding=\"async\" class=\"alignnone size-full wp-image-72672\" src=\"https:\/\/kingarms.ee\/wp-content\/uploads\/2023\/01\/15884__2cf5ee_b.jpg\" alt=\"\" width=\"1000\" height=\"1000\" srcset=\"https:\/\/kingarms.ee\/wp-content\/uploads\/2023\/01\/15884__2cf5ee_b.jpg 1000w, https:\/\/kingarms.ee\/wp-content\/uploads\/2023\/01\/15884__2cf5ee_b-300x300.jpg 300w, https:\/\/kingarms.ee\/wp-content\/uploads\/2023\/01\/15884__2cf5ee_b-150x150.jpg 150w, https:\/\/kingarms.ee\/wp-content\/uploads\/2023\/01\/15884__2cf5ee_b-768x768.jpg 768w, https:\/\/kingarms.ee\/wp-content\/uploads\/2023\/01\/15884__2cf5ee_b-500x500.jpg 500w\" sizes=\"auto, (max-width: 1000px) 100vw, 1000px\" \/><\/p>\n","protected":false},"excerpt":{"rendered":"<p>Magneettikiinnike hihnassa (Guardian Angel)<\/p>\n<p>Magneettikiinnitys pikalukituksella<br \/>\nSis\u00e4\u00e4nrakennettu eritt\u00e4in vahva harvinaisten maametallien neodyymimagneetti<br \/>\nKiinnittyy jopa 1,5 tuuman levyisiin hihnoihin (ilman taittamista\/puristamista).<br \/>\nKuminen kahvapinta puristimen sis\u00e4puolella turvallista asennusta varten.<br \/>\nYhteensopiva Elite- ja Micro-laitteiden kanssa<\/p>\n","protected":false},"featured_media":72674,"template":"","meta":{"_acf_changed":false},"product_brand":[],"product_cat":[860],"product_tag":[],"class_list":{"0":"post-72691","1":"product","2":"type-product","3":"status-publish","4":"has-post-thumbnail","6":"product_cat-poliisi-armeija","8":"first","9":"instock","10":"taxable","11":"shipping-taxable","12":"purchasable","13":"product-type-simple"},"acf":[],"_links":{"self":[{"href":"https:\/\/kingarms.ee\/fi\/wp-json\/wp\/v2\/product\/72691","targetHints":{"allow":["GET"]}}],"collection":[{"href":"https:\/\/kingarms.ee\/fi\/wp-json\/wp\/v2\/product"}],"about":[{"href":"https:\/\/kingarms.ee\/fi\/wp-json\/wp\/v2\/types\/product"}],"wp:featuredmedia":[{"embeddable":true,"href":"https:\/\/kingarms.ee\/fi\/wp-json\/wp\/v2\/media\/72674"}],"wp:attachment":[{"href":"https:\/\/kingarms.ee\/fi\/wp-json\/wp\/v2\/media?parent=72691"}],"wp:term":[{"taxonomy":"product_brand","embeddable":true,"href":"https:\/\/kingarms.ee\/fi\/wp-json\/wp\/v2\/product_brand?post=72691"},{"taxonomy":"product_cat","embeddable":true,"href":"https:\/\/kingarms.ee\/fi\/wp-json\/wp\/v2\/product_cat?post=72691"},{"taxonomy":"product_tag","embeddable":true,"href":"https:\/\/kingarms.ee\/fi\/wp-json\/wp\/v2\/product_tag?post=72691"}],"curies":[{"name":"wp","href":"https:\/\/api.w.org\/{rel}","templated":true}]}}