{"id":72712,"date":"2023-01-13T16:35:25","date_gmt":"2023-01-13T13:36:23","guid":{"rendered":"https:\/\/kingarms.ee\/product\/leukapuristimen-jousikiinnitys\/"},"modified":"2024-08-07T14:40:12","modified_gmt":"2024-08-07T11:40:12","slug":"louaklambri-spring-attachment","status":"publish","type":"product","link":"https:\/\/kingarms.ee\/fi\/product\/louaklambri-spring-attachment\/","title":{"rendered":"Leukaklipsi jousiklipsi (Guardian Angel)"},"content":{"rendered":"<p><img loading=\"lazy\" decoding=\"async\" class=\"alignnone size-full wp-image-72695\" src=\"https:\/\/kingarms.ee\/wp-content\/uploads\/2023\/01\/15674__5bcd19_b.jpg\" alt=\"\" width=\"879\" height=\"1000\" srcset=\"https:\/\/kingarms.ee\/wp-content\/uploads\/2023\/01\/15674__5bcd19_b.jpg 879w, https:\/\/kingarms.ee\/wp-content\/uploads\/2023\/01\/15674__5bcd19_b-264x300.jpg 264w, https:\/\/kingarms.ee\/wp-content\/uploads\/2023\/01\/15674__5bcd19_b-768x874.jpg 768w, https:\/\/kingarms.ee\/wp-content\/uploads\/2023\/01\/15674__5bcd19_b-500x569.jpg 500w, https:\/\/kingarms.ee\/wp-content\/uploads\/2023\/01\/15674__5bcd19_b-150x171.jpg 150w\" sizes=\"auto, (max-width: 879px) 100vw, 879px\" \/><\/p>\n","protected":false},"excerpt":{"rendered":"<p>Leukaklipsi jousiklipsi (Guardian Angel)<\/p>\n<p>Valmistettu vahvasta polykarbonaatista kudotusta materiaalista<br \/>\nLiukumista est\u00e4v\u00e4t hampaat tarttuvat tiukasti kaikkeen, mihin se on kiinnitetty.<br \/>\nSis\u00e4\u00e4nrakennettu jousimekanismi helpottaa avautumista ja tarjoaa samalla turvallisen kiinnityksen puristimeen<br \/>\nKiinnittyy paitaan, takkiin, l\u00e4pp\u00e4\u00e4n, olkahihnaan, ulkoiseen kantoliiviin, molle-hihnaan, radiohihnaan, turvavy\u00f6h\u00f6n, vy\u00f6h\u00f6n tai l\u00e4hes mihin tahansa muuhun.<br \/>\nVoidaan kiinnitt\u00e4\u00e4 tukevasti laitteeseen kahdella pienell\u00e4 ruuvilla (ruuvit sis\u00e4ltyv\u00e4t toimitukseen).<\/p>\n","protected":false},"featured_media":87461,"template":"","meta":{"_acf_changed":false},"product_brand":[],"product_cat":[860],"product_tag":[],"class_list":{"0":"post-72712","1":"product","2":"type-product","3":"status-publish","4":"has-post-thumbnail","6":"product_cat-poliisi-armeija","8":"first","9":"instock","10":"taxable","11":"shipping-taxable","12":"purchasable","13":"product-type-simple"},"acf":[],"_links":{"self":[{"href":"https:\/\/kingarms.ee\/fi\/wp-json\/wp\/v2\/product\/72712","targetHints":{"allow":["GET"]}}],"collection":[{"href":"https:\/\/kingarms.ee\/fi\/wp-json\/wp\/v2\/product"}],"about":[{"href":"https:\/\/kingarms.ee\/fi\/wp-json\/wp\/v2\/types\/product"}],"wp:featuredmedia":[{"embeddable":true,"href":"https:\/\/kingarms.ee\/fi\/wp-json\/wp\/v2\/media\/87461"}],"wp:attachment":[{"href":"https:\/\/kingarms.ee\/fi\/wp-json\/wp\/v2\/media?parent=72712"}],"wp:term":[{"taxonomy":"product_brand","embeddable":true,"href":"https:\/\/kingarms.ee\/fi\/wp-json\/wp\/v2\/product_brand?post=72712"},{"taxonomy":"product_cat","embeddable":true,"href":"https:\/\/kingarms.ee\/fi\/wp-json\/wp\/v2\/product_cat?post=72712"},{"taxonomy":"product_tag","embeddable":true,"href":"https:\/\/kingarms.ee\/fi\/wp-json\/wp\/v2\/product_tag?post=72712"}],"curies":[{"name":"wp","href":"https:\/\/api.w.org\/{rel}","templated":true}]}}