{"id":72754,"date":"2023-01-13T17:05:47","date_gmt":"2023-01-13T14:07:06","guid":{"rendered":"https:\/\/kingarms.ee\/product\/pieni-yleispuristin-guardian-angel\/"},"modified":"2024-08-07T14:38:46","modified_gmt":"2024-08-07T11:38:46","slug":"vaikea-universaali-kiinnike-suoja-enkeli","status":"publish","type":"product","link":"https:\/\/kingarms.ee\/fi\/product\/vaikea-universaali-kiinnike-suoja-enkeli\/","title":{"rendered":"Pieni yleispuristin (Guardian Angel)"},"content":{"rendered":"<p><img loading=\"lazy\" decoding=\"async\" class=\"alignnone size-full wp-image-72741\" src=\"https:\/\/kingarms.ee\/wp-content\/uploads\/2023\/01\/15876__7676e5_b.jpg\" alt=\"\" width=\"1000\" height=\"1000\" srcset=\"https:\/\/kingarms.ee\/wp-content\/uploads\/2023\/01\/15876__7676e5_b.jpg 1000w, https:\/\/kingarms.ee\/wp-content\/uploads\/2023\/01\/15876__7676e5_b-300x300.jpg 300w, https:\/\/kingarms.ee\/wp-content\/uploads\/2023\/01\/15876__7676e5_b-150x150.jpg 150w, https:\/\/kingarms.ee\/wp-content\/uploads\/2023\/01\/15876__7676e5_b-768x768.jpg 768w, https:\/\/kingarms.ee\/wp-content\/uploads\/2023\/01\/15876__7676e5_b-500x500.jpg 500w\" sizes=\"auto, (max-width: 1000px) 100vw, 1000px\" \/><\/p>\n","protected":false},"excerpt":{"rendered":"<div class=\"pageImg clearfix none full\">\n<ul>\n<li>Pieni yleispuristin (Guardian Angel)<\/li>\n<li>T\u00e4ysin integroitu, sis\u00e4\u00e4nrakennettu neodyymi harvinainen maamagneetti<\/li>\n<li>Kiinnittyy magneettisesti mihin tahansa Guardian Angel -laitteeseen.<\/li>\n<li>Voidaan kiinnitt\u00e4\u00e4 mihin tahansa laitteeseen kahdella M3 12mm ruuvilla (ei sis\u00e4lly toimitukseen).<\/li>\n<li>Vahva klipsi kirist\u00e4\u00e4 turvallisesti klipsit kiinnitet\u00e4\u00e4n mihin tahansa vaatteeseen.<\/li>\n<li>Kuminen ote klipsiss\u00e4 est\u00e4\u00e4 liukastumisen<\/li>\n<li>Suositeltavin kiinnitys Molle-hihnalle<\/li>\n<li>Sopii yli 1,75&#8243; leve\u00e4mmille hihnoille.<\/li>\n<\/ul>\n<\/div>\n<ul>\n<li>Yhteensopiva sek\u00e4 Elite- ett\u00e4 Micro-laitteiden kanssa<\/li>\n<\/ul>\n","protected":false},"featured_media":72743,"template":"","meta":{"_acf_changed":false},"product_brand":[],"product_cat":[860],"product_tag":[],"class_list":{"0":"post-72754","1":"product","2":"type-product","3":"status-publish","4":"has-post-thumbnail","6":"product_cat-poliisi-armeija","8":"first","9":"instock","10":"taxable","11":"shipping-taxable","12":"purchasable","13":"product-type-simple"},"acf":[],"_links":{"self":[{"href":"https:\/\/kingarms.ee\/fi\/wp-json\/wp\/v2\/product\/72754","targetHints":{"allow":["GET"]}}],"collection":[{"href":"https:\/\/kingarms.ee\/fi\/wp-json\/wp\/v2\/product"}],"about":[{"href":"https:\/\/kingarms.ee\/fi\/wp-json\/wp\/v2\/types\/product"}],"wp:featuredmedia":[{"embeddable":true,"href":"https:\/\/kingarms.ee\/fi\/wp-json\/wp\/v2\/media\/72743"}],"wp:attachment":[{"href":"https:\/\/kingarms.ee\/fi\/wp-json\/wp\/v2\/media?parent=72754"}],"wp:term":[{"taxonomy":"product_brand","embeddable":true,"href":"https:\/\/kingarms.ee\/fi\/wp-json\/wp\/v2\/product_brand?post=72754"},{"taxonomy":"product_cat","embeddable":true,"href":"https:\/\/kingarms.ee\/fi\/wp-json\/wp\/v2\/product_cat?post=72754"},{"taxonomy":"product_tag","embeddable":true,"href":"https:\/\/kingarms.ee\/fi\/wp-json\/wp\/v2\/product_tag?post=72754"}],"curies":[{"name":"wp","href":"https:\/\/api.w.org\/{rel}","templated":true}]}}