{"id":72803,"date":"2023-01-13T17:22:59","date_gmt":"2023-01-13T14:25:42","guid":{"rendered":"https:\/\/kingarms.ee\/product\/poliisin-valonheitin-sininen-sininen-guardian-angel\/"},"modified":"2024-08-07T14:37:24","modified_gmt":"2024-08-07T11:37:24","slug":"poliisi-sininen-sininen-vartija-enkeli","status":"publish","type":"product","link":"https:\/\/kingarms.ee\/fi\/product\/poliisi-sininen-sininen-vartija-enkeli\/","title":{"rendered":"Poliisin valonheitin Sininen \/ Sininen (Guardian Angel)"},"content":{"rendered":"<p><img loading=\"lazy\" decoding=\"async\" class=\"alignnone size-full wp-image-72782\" src=\"https:\/\/kingarms.ee\/wp-content\/uploads\/2023\/01\/15624__4c319b_b.jpg\" alt=\"\" width=\"1000\" height=\"1000\" srcset=\"https:\/\/kingarms.ee\/wp-content\/uploads\/2023\/01\/15624__4c319b_b.jpg 1000w, https:\/\/kingarms.ee\/wp-content\/uploads\/2023\/01\/15624__4c319b_b-300x300.jpg 300w, https:\/\/kingarms.ee\/wp-content\/uploads\/2023\/01\/15624__4c319b_b-150x150.jpg 150w, https:\/\/kingarms.ee\/wp-content\/uploads\/2023\/01\/15624__4c319b_b-768x768.jpg 768w, https:\/\/kingarms.ee\/wp-content\/uploads\/2023\/01\/15624__4c319b_b-500x500.jpg 500w\" sizes=\"auto, (max-width: 1000px) 100vw, 1000px\" \/><\/p>\n","protected":false},"excerpt":{"rendered":"<p>Guardian Angel<\/p>\n<p>Kevyt &#8211; noin 3,25 oz \/ 92,14 g<br \/>\nKest\u00e4v\u00e4 &#8211; vedenpit\u00e4v\u00e4, p\u00f6lytiivis, iskunkest\u00e4v\u00e4, IP68-luokiteltu.<br \/>\nPitk\u00e4n kantaman n\u00e4kyvyys &#8211; testattu yli 5 kilometrin n\u00e4kyvyys tehokkaiden LEDien avulla, 360 asteen valaistus.<br \/>\nStealth-ty\u00f6valotoiminto &#8211; yksi punainen LED-ty\u00f6valo h\u00e4m\u00e4r\u00e4olosuhteisiin.<br \/>\nParannettu ty\u00f6valotoiminto &#8211; 4 suuritehoista valkoista LED-valoa tarjoavat handsfree-ty\u00f6valon.<br \/>\nNelj\u00e4 eri kirkkausasetusta &#8211; matala, keskitaso, korkea ja MAX.<br \/>\nEritt\u00e4in pitk\u00e4 akun kesto &#8211; ladattava litiumioniakku USB Type-C -latauskaapelilla (mukana).<br \/>\nSis\u00e4\u00e4nrakennettu magneettinen kiinnitysj\u00e4rjestelm\u00e4 &#8211; sis\u00e4\u00e4nrakennettu neodyymimagneetti ja siihen sopiva magneettikiinnike (sis\u00e4ltyy toimitukseen) voidaan kiinnitt\u00e4\u00e4 l\u00e4hes mihin tahansa pintaan.<br \/>\nRiippumattomat valons\u00e4\u00e4timet &#8211; 4 erilaista valons\u00e4\u00e4dint\u00e4 maksimaalisen monipuolisen valaistuksen varmistamiseksi, mukaan lukien h\u00e4t\u00e4salamatila.<br \/>\nMitat &#8211; 6,98 x 4,76 x 2,54 cm.<\/p>\n","protected":false},"featured_media":72784,"template":"","meta":{"_acf_changed":false},"product_brand":[],"product_cat":[860],"product_tag":[],"class_list":{"0":"post-72803","1":"product","2":"type-product","3":"status-publish","4":"has-post-thumbnail","6":"product_cat-poliisi-armeija","8":"first","9":"instock","10":"taxable","11":"shipping-taxable","12":"purchasable","13":"product-type-simple"},"acf":[],"_links":{"self":[{"href":"https:\/\/kingarms.ee\/fi\/wp-json\/wp\/v2\/product\/72803","targetHints":{"allow":["GET"]}}],"collection":[{"href":"https:\/\/kingarms.ee\/fi\/wp-json\/wp\/v2\/product"}],"about":[{"href":"https:\/\/kingarms.ee\/fi\/wp-json\/wp\/v2\/types\/product"}],"wp:featuredmedia":[{"embeddable":true,"href":"https:\/\/kingarms.ee\/fi\/wp-json\/wp\/v2\/media\/72784"}],"wp:attachment":[{"href":"https:\/\/kingarms.ee\/fi\/wp-json\/wp\/v2\/media?parent=72803"}],"wp:term":[{"taxonomy":"product_brand","embeddable":true,"href":"https:\/\/kingarms.ee\/fi\/wp-json\/wp\/v2\/product_brand?post=72803"},{"taxonomy":"product_cat","embeddable":true,"href":"https:\/\/kingarms.ee\/fi\/wp-json\/wp\/v2\/product_cat?post=72803"},{"taxonomy":"product_tag","embeddable":true,"href":"https:\/\/kingarms.ee\/fi\/wp-json\/wp\/v2\/product_tag?post=72803"}],"curies":[{"name":"wp","href":"https:\/\/api.w.org\/{rel}","templated":true}]}}