{"id":72894,"date":"2023-01-13T17:58:44","date_gmt":"2023-01-13T14:59:51","guid":{"rendered":"https:\/\/kingarms.ee\/product\/astiapaketti-4-5-hengelle-m-tac\/"},"modified":"2024-08-07T14:34:33","modified_gmt":"2024-08-07T11:34:33","slug":"noutosarja-4-5-inimesele-m-tac","status":"publish","type":"product","link":"https:\/\/kingarms.ee\/fi\/product\/noutosarja-4-5-inimesele-m-tac\/","title":{"rendered":"Astiapaketti 4-5 hengelle (M-Tac)"},"content":{"rendered":"<p><img loading=\"lazy\" decoding=\"async\" class=\"alignnone size-full wp-image-72888\" src=\"https:\/\/kingarms.ee\/wp-content\/uploads\/2023\/01\/MTC-DM-FM-217-1.jpeg\" alt=\"\" width=\"600\" height=\"600\" srcset=\"https:\/\/kingarms.ee\/wp-content\/uploads\/2023\/01\/MTC-DM-FM-217-1.jpeg 600w, https:\/\/kingarms.ee\/wp-content\/uploads\/2023\/01\/MTC-DM-FM-217-1-300x300.jpeg 300w, https:\/\/kingarms.ee\/wp-content\/uploads\/2023\/01\/MTC-DM-FM-217-1-150x150.jpeg 150w, https:\/\/kingarms.ee\/wp-content\/uploads\/2023\/01\/MTC-DM-FM-217-1-500x500.jpeg 500w\" sizes=\"auto, (max-width: 600px) 100vw, 600px\" \/><\/p>\n","protected":false},"excerpt":{"rendered":"<p>Astiapaketti 4-5 hengelle (M-Tac)<\/p>\n<p>M-Tacin vaelluspakkaus voi olla loistava lis\u00e4 varusteisiisi pitki\u00e4 vaelluksia, retki\u00e4, mets\u00e4retki\u00e4, kalastusta ja mets\u00e4styst\u00e4 varten. Retkipakkaus on suunniteltu k\u00e4ytett\u00e4v\u00e4ksi taskulamppujen kanssa, ja se on tarkoitettu 4-5 henkil\u00f6lle.<\/p>\n<p>Se on valmistettu kest\u00e4v\u00e4st\u00e4 ja muodonmuutoksen kest\u00e4v\u00e4st\u00e4 anodisoidusta alumiinista. Materiaali on niin kevytt\u00e4, ett\u00e4 keitti\u00f6v\u00e4lineet eiv\u00e4t paina laitteita, ja ohuet sein\u00e4m\u00e4t takaavat, ett\u00e4 se l\u00e4mpenee riitt\u00e4v\u00e4n nopeasti.<\/p>\n<p>&nbsp;<\/p>\n<p>Setti sis\u00e4lt\u00e4\u00e4:<\/p>\n<p>&#8211; kansi kannen p\u00e4\u00e4ll\u00e4;<\/p>\n<p>&#8211; kattila kannella;<\/p>\n<p>&#8211; praepann;<\/p>\n<p>&#8211; vedenkeitin;<\/p>\n<p>&#8211; 2 levy\u00e4;<\/p>\n<p>&#8211; 4 kulhoa;<\/p>\n<p>&#8211; lusikka ja kulho ruoanlaittoa varten;<\/p>\n<p>&#8211; pese k\u00e4sin.<\/p>\n","protected":false},"featured_media":72890,"template":"","meta":{"_acf_changed":false},"product_brand":[],"product_cat":[352],"product_tag":[],"class_list":{"0":"post-72894","1":"product","2":"type-product","3":"status-publish","4":"has-post-thumbnail","6":"product_cat-matkatavarat","8":"first","9":"instock","10":"taxable","11":"shipping-taxable","12":"purchasable","13":"product-type-simple"},"acf":[],"_links":{"self":[{"href":"https:\/\/kingarms.ee\/fi\/wp-json\/wp\/v2\/product\/72894","targetHints":{"allow":["GET"]}}],"collection":[{"href":"https:\/\/kingarms.ee\/fi\/wp-json\/wp\/v2\/product"}],"about":[{"href":"https:\/\/kingarms.ee\/fi\/wp-json\/wp\/v2\/types\/product"}],"wp:featuredmedia":[{"embeddable":true,"href":"https:\/\/kingarms.ee\/fi\/wp-json\/wp\/v2\/media\/72890"}],"wp:attachment":[{"href":"https:\/\/kingarms.ee\/fi\/wp-json\/wp\/v2\/media?parent=72894"}],"wp:term":[{"taxonomy":"product_brand","embeddable":true,"href":"https:\/\/kingarms.ee\/fi\/wp-json\/wp\/v2\/product_brand?post=72894"},{"taxonomy":"product_cat","embeddable":true,"href":"https:\/\/kingarms.ee\/fi\/wp-json\/wp\/v2\/product_cat?post=72894"},{"taxonomy":"product_tag","embeddable":true,"href":"https:\/\/kingarms.ee\/fi\/wp-json\/wp\/v2\/product_tag?post=72894"}],"curies":[{"name":"wp","href":"https:\/\/api.w.org\/{rel}","templated":true}]}}