{"id":72911,"date":"2023-01-13T18:13:34","date_gmt":"2023-01-13T15:14:41","guid":{"rendered":"https:\/\/kingarms.ee\/product\/kello-taktinen-kompassi-m-tac\/"},"modified":"2024-08-07T14:33:49","modified_gmt":"2024-08-07T11:33:49","slug":"kello-taktinen-kompassi-m-tac","status":"publish","type":"product","link":"https:\/\/kingarms.ee\/fi\/product\/kello-taktinen-kompassi-m-tac\/","title":{"rendered":"Kello taktinen kompassi (M-Tac)"},"content":{"rendered":"<p><img loading=\"lazy\" decoding=\"async\" class=\"alignnone size-full wp-image-72905\" src=\"https:\/\/kingarms.ee\/wp-content\/uploads\/2023\/01\/50003001-2.jpeg\" alt=\"\" width=\"600\" height=\"600\" srcset=\"https:\/\/kingarms.ee\/wp-content\/uploads\/2023\/01\/50003001-2.jpeg 600w, https:\/\/kingarms.ee\/wp-content\/uploads\/2023\/01\/50003001-2-300x300.jpeg 300w, https:\/\/kingarms.ee\/wp-content\/uploads\/2023\/01\/50003001-2-150x150.jpeg 150w, https:\/\/kingarms.ee\/wp-content\/uploads\/2023\/01\/50003001-2-500x500.jpeg 500w\" sizes=\"auto, (max-width: 600px) 100vw, 600px\" \/><\/p>\n","protected":false},"excerpt":{"rendered":"<p>Kompassilla varustettu taktinen M-Tac-rannekello on t\u00e4ydellinen valinta niille, jotka ovat aina tapahtumien keskipisteess\u00e4. Aamulenkkeily, vaellus, extreme-urheilu &#8211; kaikissa tilanteissa, my\u00f6s haastavimmissa. Mukava ja k\u00e4yt\u00e4nn\u00f6llinen, se on vedenpit\u00e4v\u00e4, varustettu k\u00e4tev\u00e4ll\u00e4 muovihihnalla ja sekuntikellolla tarkinta ajanottoa varten. T\u00e4rkein ominaisuus on elektroninen kompassi, joka est\u00e4\u00e4 omistajaansa eksym\u00e4st\u00e4.<\/p>\n","protected":false},"featured_media":72907,"template":"","meta":{"_acf_changed":false},"product_brand":[],"product_cat":[486],"product_tag":[],"class_list":{"0":"post-72911","1":"product","2":"type-product","3":"status-publish","4":"has-post-thumbnail","6":"product_cat-kasikello","8":"first","9":"onbackorder","10":"taxable","11":"shipping-taxable","12":"product-type-simple"},"acf":[],"_links":{"self":[{"href":"https:\/\/kingarms.ee\/fi\/wp-json\/wp\/v2\/product\/72911","targetHints":{"allow":["GET"]}}],"collection":[{"href":"https:\/\/kingarms.ee\/fi\/wp-json\/wp\/v2\/product"}],"about":[{"href":"https:\/\/kingarms.ee\/fi\/wp-json\/wp\/v2\/types\/product"}],"wp:featuredmedia":[{"embeddable":true,"href":"https:\/\/kingarms.ee\/fi\/wp-json\/wp\/v2\/media\/72907"}],"wp:attachment":[{"href":"https:\/\/kingarms.ee\/fi\/wp-json\/wp\/v2\/media?parent=72911"}],"wp:term":[{"taxonomy":"product_brand","embeddable":true,"href":"https:\/\/kingarms.ee\/fi\/wp-json\/wp\/v2\/product_brand?post=72911"},{"taxonomy":"product_cat","embeddable":true,"href":"https:\/\/kingarms.ee\/fi\/wp-json\/wp\/v2\/product_cat?post=72911"},{"taxonomy":"product_tag","embeddable":true,"href":"https:\/\/kingarms.ee\/fi\/wp-json\/wp\/v2\/product_tag?post=72911"}],"curies":[{"name":"wp","href":"https:\/\/api.w.org\/{rel}","templated":true}]}}