{"id":72920,"date":"2023-01-13T18:19:36","date_gmt":"2023-01-13T15:20:51","guid":{"rendered":"https:\/\/kingarms.ee\/product\/kellon-monitoimitaktiikka-m-tac\/"},"modified":"2024-08-07T14:33:07","modified_gmt":"2024-08-07T11:33:07","slug":"at-multifunctional-tactics-m-tac","status":"publish","type":"product","link":"https:\/\/kingarms.ee\/fi\/product\/at-multifunctional-tactics-m-tac\/","title":{"rendered":"Kellon monitoimitaktiikka (M-Tac)"},"content":{"rendered":"<p><img loading=\"lazy\" decoding=\"async\" class=\"alignnone size-full wp-image-72915\" src=\"https:\/\/kingarms.ee\/wp-content\/uploads\/2023\/01\/50004001-2.jpeg\" alt=\"\" width=\"600\" height=\"600\" srcset=\"https:\/\/kingarms.ee\/wp-content\/uploads\/2023\/01\/50004001-2.jpeg 600w, https:\/\/kingarms.ee\/wp-content\/uploads\/2023\/01\/50004001-2-300x300.jpeg 300w, https:\/\/kingarms.ee\/wp-content\/uploads\/2023\/01\/50004001-2-150x150.jpeg 150w, https:\/\/kingarms.ee\/wp-content\/uploads\/2023\/01\/50004001-2-500x500.jpeg 500w\" sizes=\"auto, (max-width: 600px) 100vw, 600px\" \/><\/p>\n","protected":false},"excerpt":{"rendered":"<p>M-Tac-kello, jossa on laaja toiminnallisuus. T\u00e4m\u00e4 malli on v\u00e4ltt\u00e4m\u00e4t\u00f6n apuv\u00e4line ihmisille, jotka el\u00e4v\u00e4t aktiivista el\u00e4m\u00e4\u00e4, rakastavat vaelluksia vuoristossa ja sopii erinomaisesti armeijan k\u00e4ytt\u00f6\u00f6n. M-Tacin ainutlaatuiset ominaisuudet eiv\u00e4t ole hy\u00f6dyllisi\u00e4 vain extreme-urheilun, kuten laskuvarjohypp\u00e4\u00e4misen, harrastajille, vaan ne ovat v\u00e4ltt\u00e4m\u00e4tt\u00f6mi\u00e4 my\u00f6s jokap\u00e4iv\u00e4isess\u00e4 el\u00e4m\u00e4ss\u00e4. Se voi n\u00e4ytt\u00e4\u00e4 ilmanpaineen ja ilman l\u00e4mp\u00f6tilan. Pit\u00e4m\u00e4ll\u00e4 kelloa silm\u00e4ll\u00e4 voit ennustaa, milloin terveydentilasi heikkenee, ja hallita ty\u00f6m\u00e4\u00e4r\u00e4\u00e4si hyvin jo nyt.<\/p>\n<p>M-Taci-monitoimisessa taktisessa rannekellossa on kest\u00e4v\u00e4 polykarbonaattikotelo ja kest\u00e4v\u00e4 ruostumattomasta ter\u00e4ksest\u00e4 valmistettu runko. Lasi on valmistettu orgaanisesta polykarbonaatista, joka kest\u00e4\u00e4 naarmuja ja sirpaleita ongelmitta. Vedenkest\u00e4vyys 3 ATM.<\/p>\n","protected":false},"featured_media":72917,"template":"","meta":{"_acf_changed":false},"product_brand":[],"product_cat":[486],"product_tag":[],"class_list":{"0":"post-72920","1":"product","2":"type-product","3":"status-publish","4":"has-post-thumbnail","6":"product_cat-kasikello","8":"first","9":"onbackorder","10":"taxable","11":"shipping-taxable","12":"product-type-simple"},"acf":[],"_links":{"self":[{"href":"https:\/\/kingarms.ee\/fi\/wp-json\/wp\/v2\/product\/72920","targetHints":{"allow":["GET"]}}],"collection":[{"href":"https:\/\/kingarms.ee\/fi\/wp-json\/wp\/v2\/product"}],"about":[{"href":"https:\/\/kingarms.ee\/fi\/wp-json\/wp\/v2\/types\/product"}],"wp:featuredmedia":[{"embeddable":true,"href":"https:\/\/kingarms.ee\/fi\/wp-json\/wp\/v2\/media\/72917"}],"wp:attachment":[{"href":"https:\/\/kingarms.ee\/fi\/wp-json\/wp\/v2\/media?parent=72920"}],"wp:term":[{"taxonomy":"product_brand","embeddable":true,"href":"https:\/\/kingarms.ee\/fi\/wp-json\/wp\/v2\/product_brand?post=72920"},{"taxonomy":"product_cat","embeddable":true,"href":"https:\/\/kingarms.ee\/fi\/wp-json\/wp\/v2\/product_cat?post=72920"},{"taxonomy":"product_tag","embeddable":true,"href":"https:\/\/kingarms.ee\/fi\/wp-json\/wp\/v2\/product_tag?post=72920"}],"curies":[{"name":"wp","href":"https:\/\/api.w.org\/{rel}","templated":true}]}}