{"id":72930,"date":"2023-01-13T18:24:44","date_gmt":"2023-01-13T15:27:14","guid":{"rendered":"https:\/\/kingarms.ee\/product\/kello-taktinen-seikkailu-m-tac\/"},"modified":"2024-08-07T14:32:23","modified_gmt":"2024-08-07T11:32:23","slug":"clock-tactical-play","status":"publish","type":"product","link":"https:\/\/kingarms.ee\/fi\/product\/clock-tactical-play\/","title":{"rendered":"Kello taktinen seikkailu (M-Tac)"},"content":{"rendered":"<p><img loading=\"lazy\" decoding=\"async\" class=\"alignnone size-full wp-image-72924\" src=\"https:\/\/kingarms.ee\/wp-content\/uploads\/2023\/01\/50005035-2.jpeg\" alt=\"\" width=\"600\" height=\"600\" srcset=\"https:\/\/kingarms.ee\/wp-content\/uploads\/2023\/01\/50005035-2.jpeg 600w, https:\/\/kingarms.ee\/wp-content\/uploads\/2023\/01\/50005035-2-300x300.jpeg 300w, https:\/\/kingarms.ee\/wp-content\/uploads\/2023\/01\/50005035-2-150x150.jpeg 150w, https:\/\/kingarms.ee\/wp-content\/uploads\/2023\/01\/50005035-2-500x500.jpeg 500w\" sizes=\"auto, (max-width: 600px) 100vw, 600px\" \/><\/p>\n","protected":false},"excerpt":{"rendered":"<p>M-Tac on kello, jossa on monenlaisia toimintoja. T\u00e4m\u00e4 malli on v\u00e4ltt\u00e4m\u00e4t\u00f6n apuv\u00e4line aktiivisen el\u00e4m\u00e4ntavan omaaville ihmisille, jotka haluavat vaeltaa vuoristossa; se sopii my\u00f6s t\u00e4ydellisesti armeijalle. M-Tac-kellon ainutlaatuisista ominaisuuksista on hy\u00f6ty\u00e4 extreme-urheilulajeja, kuten laskuvarjohyppy\u00e4, harrastaville ihmisille, ja ne ovat v\u00e4ltt\u00e4m\u00e4tt\u00f6mi\u00e4 jokap\u00e4iv\u00e4isess\u00e4 el\u00e4m\u00e4ss\u00e4. Se voi n\u00e4ytt\u00e4\u00e4 ilmanpaineen ja l\u00e4mp\u00f6tilan lukemat. Pit\u00e4m\u00e4ll\u00e4 kelloa silm\u00e4ll\u00e4 voit ennustaa, milloin terveydentilasi heikkenee, ja hallita nykyist\u00e4 ty\u00f6m\u00e4\u00e4r\u00e4\u00e4si viisaasti.<\/p>\n<p>M-Tac-monitoiminen taktinen rannekello on varustettu kovalla ja kest\u00e4v\u00e4ll\u00e4 polykarbonaattikotelolla + kest\u00e4v\u00e4ll\u00e4 ruostumattomasta ter\u00e4ksest\u00e4 valmistetulla kehyksell\u00e4. Lasi on valmistettu orgaanisesta polykarbonaatista, joka kest\u00e4\u00e4 helposti naarmuja ja roiskeita &#8211; vedenkest\u00e4vyys 3 ATM.<\/p>\n","protected":false},"featured_media":72926,"template":"","meta":{"_acf_changed":false},"product_brand":[],"product_cat":[486],"product_tag":[],"class_list":{"0":"post-72930","1":"product","2":"type-product","3":"status-publish","4":"has-post-thumbnail","6":"product_cat-kasikello","8":"first","9":"onbackorder","10":"taxable","11":"shipping-taxable","12":"product-type-simple"},"acf":[],"_links":{"self":[{"href":"https:\/\/kingarms.ee\/fi\/wp-json\/wp\/v2\/product\/72930","targetHints":{"allow":["GET"]}}],"collection":[{"href":"https:\/\/kingarms.ee\/fi\/wp-json\/wp\/v2\/product"}],"about":[{"href":"https:\/\/kingarms.ee\/fi\/wp-json\/wp\/v2\/types\/product"}],"wp:featuredmedia":[{"embeddable":true,"href":"https:\/\/kingarms.ee\/fi\/wp-json\/wp\/v2\/media\/72926"}],"wp:attachment":[{"href":"https:\/\/kingarms.ee\/fi\/wp-json\/wp\/v2\/media?parent=72930"}],"wp:term":[{"taxonomy":"product_brand","embeddable":true,"href":"https:\/\/kingarms.ee\/fi\/wp-json\/wp\/v2\/product_brand?post=72930"},{"taxonomy":"product_cat","embeddable":true,"href":"https:\/\/kingarms.ee\/fi\/wp-json\/wp\/v2\/product_cat?post=72930"},{"taxonomy":"product_tag","embeddable":true,"href":"https:\/\/kingarms.ee\/fi\/wp-json\/wp\/v2\/product_tag?post=72930"}],"curies":[{"name":"wp","href":"https:\/\/api.w.org\/{rel}","templated":true}]}}